
{"id":1475,"date":"2019-07-25T13:55:33","date_gmt":"2019-07-25T11:55:33","guid":{"rendered":"https:\/\/www.huppy-patrimoine.fr\/?page_id=1475"},"modified":"2021-06-29T18:43:19","modified_gmt":"2021-06-29T16:43:19","slug":"les-tableaux-du-musee","status":"publish","type":"page","link":"https:\/\/www.huppy-patrimoine.fr\/index.php\/les-tableaux-du-musee\/","title":{"rendered":"Les tableaux du Mus\u00e9e"},"content":{"rendered":"<p>&nbsp;<\/p>\n<p><strong style=\"text-align: center;\"><img loading=\"lazy\" decoding=\"async\" class=\"wp-image-183 img-responsive aligncenter\" src=\"https:\/\/www.huppy-patrimoine.fr\/wp-content\/uploads\/2019\/03\/logo-aspach.png\" alt=\"\" width=\"220\" height=\"230\" srcset=\"https:\/\/www.huppy-patrimoine.fr\/wp-content\/uploads\/2019\/03\/logo-aspach.png 1304w, https:\/\/www.huppy-patrimoine.fr\/wp-content\/uploads\/2019\/03\/logo-aspach-288x300.png 288w, https:\/\/www.huppy-patrimoine.fr\/wp-content\/uploads\/2019\/03\/logo-aspach-768x801.png 768w, https:\/\/www.huppy-patrimoine.fr\/wp-content\/uploads\/2019\/03\/logo-aspach-982x1024.png 982w\" sizes=\"auto, (max-width: 220px) 100vw, 220px\" \/><\/strong><\/p>\n<p style=\"text-align: center;\"><span style=\"font-family: 'times new roman', times, serif; color: #000000;\"><strong>ASPACHuppy<\/strong><\/span><\/p>\n<p style=\"text-align: center;\"><span style=\"font-family: 'times new roman', times, serif; color: #000000;\">Vous pr\u00e9sente<\/span><\/p>\n<p style=\"text-align: center;\"><span style=\"font-family: 'times new roman', times, serif; color: #000000;\">Les tableaux du Mus\u00e9e Huppy Autrefois<\/span><\/p>\n<p style=\"text-align: center;\"><span style=\"font-family: 'times new roman', times, serif; color: #000000;\">Descriptions de Claude Piette<\/span><\/p>\n<p style=\"text-align: center;\"><span style=\"font-family: 'times new roman', times, serif; color: #000000;\"><strong>La visite de charit\u00e9<\/strong><\/span><\/p>\n<p style=\"text-align: center;\"><span style=\"color: #000000;\"><img loading=\"lazy\" decoding=\"async\" class=\"img-responsive aligncenter wp-image-1467 size-large\" src=\"https:\/\/www.huppy-patrimoine.fr\/wp-content\/uploads\/2019\/07\/IMGP3060-2-1024x672.jpg\" alt=\"\" width=\"1024\" height=\"672\" srcset=\"https:\/\/www.huppy-patrimoine.fr\/wp-content\/uploads\/2019\/07\/IMGP3060-2-1024x672.jpg 1024w, https:\/\/www.huppy-patrimoine.fr\/wp-content\/uploads\/2019\/07\/IMGP3060-2-300x197.jpg 300w, https:\/\/www.huppy-patrimoine.fr\/wp-content\/uploads\/2019\/07\/IMGP3060-2-768x504.jpg 768w\" sizes=\"auto, (max-width: 1024px) 100vw, 1024px\" \/><\/span><span style=\"font-size: 8pt; font-family: 'times new roman', times, serif; color: #000000;\">\u0152uvre de L\u00e9opold Delbeke (1866 \u2013 1939)<\/span><\/p>\n<p><span style=\"font-family: 'times new roman', times, serif;\"><strong>Tableau de L\u00e9opold Delbeke intitul\u00e9 \u00ab Visite de Charit\u00e9 \u00bb <\/strong><\/span><\/p>\n<p><span style=\"font-family: 'times new roman', times, serif;\"><strong>\u00a0<\/strong>Ce tableau fut expos\u00e9 au salon trisannuel de Bruxelles, sous le n\u00b0 174, et au salon de l\u2019\u00e9cole fran\u00e7aise au grand palais des champs Elys\u00e9e en janvier et f\u00e9vrier 1907. Ses dimensions 1 m\u00e8tre 30 de longueur et 0,897 m\u00e8tre hauteur.<\/span><\/p>\n<p><span style=\"font-family: 'times new roman', times, serif;\">\u00a0\u00a0 Dans ce tableau M. L\u00e9opold Delbeke exprime les conditions de vie du d\u00e9but du XIX<sup>e<\/sup>\u00a0si\u00e8cle. A la porte d\u2019entr\u00e9e la ch\u00e2telaine v\u00eatue de blanc et une petite s\u0153ur des pauvres apportent un panier \u00e0 un accident\u00e9 du travail. Elles sont accueillies par une fillette, pied nus en robe tr\u00e8s usag\u00e9e. Un m\u00e9tier \u00e0 tisser est visible sur la gauche du tableau. Le tissage \u00e9tait une des secondes occupations des habitants, avec le jardin, le poulailler,<\/span><\/p>\n<p><span style=\"font-family: 'times new roman', times, serif;\">Pour peindre ce tableau l\u2019artiste \u00e0 pris pour mod\u00e8le son\u00a0 \u00e9pouse n\u00e9e Blanche Mange et m\u00e8re du Baron Delbeke.<\/span><\/p>\n<p style=\"text-align: center;\"><span style=\"font-family: 'times new roman', times, serif; color: #000000;\"><strong>Vision douloureuse<\/strong><\/span><span style=\"font-family: 'times new roman', times, serif; color: #000000;\"><strong>\u00a0<\/strong><strong><img loading=\"lazy\" decoding=\"async\" class=\"img-responsive wp-image-1466 size-large aligncenter\" src=\"https:\/\/www.huppy-patrimoine.fr\/wp-content\/uploads\/2019\/07\/IMGP3057-3-784x1024.jpg\" alt=\"\" width=\"784\" height=\"1024\" srcset=\"https:\/\/www.huppy-patrimoine.fr\/wp-content\/uploads\/2019\/07\/IMGP3057-3-784x1024.jpg 784w, https:\/\/www.huppy-patrimoine.fr\/wp-content\/uploads\/2019\/07\/IMGP3057-3-230x300.jpg 230w, https:\/\/www.huppy-patrimoine.fr\/wp-content\/uploads\/2019\/07\/IMGP3057-3-768x1004.jpg 768w\" sizes=\"auto, (max-width: 784px) 100vw, 784px\" \/><\/strong><\/span><span style=\"font-family: 'times new roman', times, serif; font-size: 8pt; color: #000000;\">\u0152uvre de L\u00e9opold Delbeke (1866 \u2013 1939)<\/span><\/p>\n<p><span style=\"font-family: 'times new roman', times, serif;\"><strong>Tableau intitul\u00e9 \u00abVision Douloureuse\u00bb, <\/strong>de L\u00e9opold Delbeke, p\u00e8re du baron Delbeke d\u00e9c\u00e9d\u00e9 au ch\u00e2teau de Huppy.<\/span><\/p>\n<p><span style=\"font-family: 'times new roman', times, serif;\">\u00a0 Ce tableau fut expos\u00e9 en 1898 au salon de la soci\u00e9t\u00e9 des artistes fran\u00e7ais. En 1942 au salon de l\u2019\u00e9cole fran\u00e7aise. La femme \u00e0 genoux \u00e0 droite est madame jean Delbeke, n\u00e9e Elsa Van de Wiele, m\u00e8re de l\u2019artiste.<\/span><\/p>\n<p><span style=\"font-family: 'times new roman', times, serif; color: #000000;\">\u00a0 La sc\u00e8ne repr\u00e9sente ici, les derniers sacrements aux malades. Le cur\u00e9 et un enfant de ch\u0153ur pr\u00e9sentent l\u2019hostie \u00e0 la mourante v\u00eatus des ornements sacerdotaux. Les parents sont agenouill\u00e9s devant le pr\u00eate, tandis que la vieille nounou pleure \u00e0 l\u2019\u00e9cart.<\/span><\/p>\n<p><span style=\"font-family: 'times new roman', times, serif; color: #000000;\">\u00a0 Sur la table un crucifix et deux chandeliers en p\u00e2te de verre \u00e9clairent la sc\u00e8ne. Les deux chandeliers et le crucifix ici peints sont expos\u00e9s au mus\u00e9e sous le tableau.<\/span><\/p>\n<p><span style=\"font-family: 'times new roman', times, serif; color: #000000;\">\u00a0 Comme pour le pr\u00e9c\u00e9dent, les tableaux de L\u00e9opold Delbeke sont souvent prim\u00e9s dans des salons de France et de Belgique.<\/span><\/p>\n<p><span style=\"font-family: 'times new roman', times, serif; color: #000000;\">\u00a0 Ces deux \u0153uvres proviennent d\u2019un legs du Baron Andr\u00e9 Delbeke, fils de L\u00e9opold Delbeke et de Blanche Mauge, \u00e0 l&rsquo;ASPACHuppy<\/span><\/p>\n<p style=\"text-align: center;\"><span style=\"color: #000000;\"><span style=\"font-family: 'times new roman', times, serif;\"><strong>Deux portraits d<\/strong><\/span><span style=\"font-family: 'times new roman', times, serif;\"><strong>es fr\u00e8res Vande Wiele<\/strong><\/span><\/span><\/p>\n<p style=\"text-align: center;\"><span style=\"font-family: 'times new roman', times, serif; color: #000000;\"><strong>Vande Wiele Paul \u00ab l\u2019ain\u00e9 \u00bb<\/strong><\/span><\/p>\n<p><span style=\"font-family: 'times new roman', times, serif; color: #000000;\"><strong> <img loading=\"lazy\" decoding=\"async\" class=\"wp-image-1474 img-responsive aligncenter\" src=\"https:\/\/www.huppy-patrimoine.fr\/wp-content\/uploads\/2019\/07\/paris-novembre-1892.jpg\" alt=\"\" width=\"465\" height=\"528\" srcset=\"https:\/\/www.huppy-patrimoine.fr\/wp-content\/uploads\/2019\/07\/paris-novembre-1892.jpg 2661w, https:\/\/www.huppy-patrimoine.fr\/wp-content\/uploads\/2019\/07\/paris-novembre-1892-264x300.jpg 264w, https:\/\/www.huppy-patrimoine.fr\/wp-content\/uploads\/2019\/07\/paris-novembre-1892-768x872.jpg 768w, https:\/\/www.huppy-patrimoine.fr\/wp-content\/uploads\/2019\/07\/paris-novembre-1892-901x1024.jpg 901w\" sizes=\"auto, (max-width: 465px) 100vw, 465px\" \/><\/strong><\/span><\/p>\n<p style=\"text-align: center;\"><span style=\"font-family: 'times new roman', times, serif; color: #000000;\"> <span style=\"font-family: 'times new roman', times, serif; font-size: 8pt;\">\u0152uvres de L\u00e9opold Delbeke (1866 \u20131939)<\/span><\/span><\/p>\n<p style=\"text-align: center;\"><span style=\"color: #000000;\"><span style=\"font-family: 'times new roman', times, serif;\">Il est n\u00e9 \u00e0 Courtrai le 15 ao\u00fbt 1866. <\/span><span style=\"font-family: 'times new roman', times, serif;\">Il d\u00e9c\u00e8de\u00a0 le 9 octobre 1955, \u00e0 Bruxelles; <\/span><span style=\"font-family: 'times new roman', times, serif;\">Portrait r\u00e9alis\u00e9 au mois de novembre 1891, \u00e0 Paris<\/span><\/span><\/p>\n<p style=\"text-align: center;\"><span style=\"font-family: 'times new roman', times, serif; color: #000000;\"><strong>\u00a0Vande Wiele Jean\u00a0 \u00ab le jeune \u00bb<\/strong><\/span><\/p>\n<p><span style=\"color: #000000;\"><img loading=\"lazy\" decoding=\"async\" class=\"wp-image-1473 img-responsive aligncenter\" src=\"https:\/\/www.huppy-patrimoine.fr\/wp-content\/uploads\/2019\/07\/Paris-novembre-1891.jpg\" alt=\"\" width=\"469\" height=\"537\" srcset=\"https:\/\/www.huppy-patrimoine.fr\/wp-content\/uploads\/2019\/07\/Paris-novembre-1891.jpg 2631w, https:\/\/www.huppy-patrimoine.fr\/wp-content\/uploads\/2019\/07\/Paris-novembre-1891-262x300.jpg 262w, https:\/\/www.huppy-patrimoine.fr\/wp-content\/uploads\/2019\/07\/Paris-novembre-1891-768x880.jpg 768w, https:\/\/www.huppy-patrimoine.fr\/wp-content\/uploads\/2019\/07\/Paris-novembre-1891-894x1024.jpg 894w\" sizes=\"auto, (max-width: 469px) 100vw, 469px\" \/><\/span><\/p>\n<p style=\"text-align: center;\"><span style=\"color: #000000;\">\u00a0<span style=\"font-family: 'times new roman', times, serif; font-size: 8pt;\">\u0152uvres de L\u00e9opold Delbeke (1866 \u20131939)<\/span><\/span><\/p>\n<p style=\"text-align: center;\"><span style=\"color: #000000;\"><span style=\"font-family: 'times new roman', times, serif;\">Il est n\u00e9 \u00e0 Bruxelles le 27 ao\u00fbt 1902. <\/span><span style=\"font-family: 'times new roman', times, serif;\">Il d\u00e9c\u00e8de \u00e0 Anderlecht, Bruxelles le 24 janvier 1986. <\/span><span style=\"font-family: 'times new roman', times, serif;\">Portrait r\u00e9alis\u00e9 en 1892, \u00e0 Paris<\/span><\/span><\/p>\n<p style=\"text-align: center;\"><span style=\"color: #000000;\"><span style=\"font-family: 'times new roman', times, serif;\">Ces deux tableaux portraits proviennent du don de M<sup>me <\/sup>Cluytens\u00a0 Dons <\/span><span style=\"font-family: 'times new roman', times, serif;\">19 rue frappe cul 5170 Lustin en Belgique.<\/span>\u00a0 \u00a0 \u00a0 \u00a0 \u00a0 \u00a0 \u00a0 \u00a0 \u00a0 \u00a0 \u00a0 \u00a0<\/span><\/p>\n<p style=\"text-align: center;\"><span style=\"font-family: 'times new roman', times, serif; color: #000000;\"><strong>A Ault, dans la chapelle Sainte Edith (1912) du Bois de Cise, <\/strong><\/span><\/p>\n<p style=\"text-align: center;\"><span style=\"font-family: 'times new roman', times, serif; color: #000000;\"><strong>nous trouvons \u00e9galement des \u0153uvres de L\u00e9opold Delbeke<\/strong><\/span><\/p>\n<p style=\"text-align: center;\"><span style=\"color: #000000;\"><span style=\"font-family: 'times new roman', times, serif;\">Deux fresques peintes par L\u00e9opold Delbeke en 1924<\/span><span style=\"font-family: 'times new roman', times, serif;\"><img loading=\"lazy\" decoding=\"async\" class=\"img-responsive wp-image-1489 aligncenter\" src=\"https:\/\/www.huppy-patrimoine.fr\/wp-content\/uploads\/2019\/07\/Saint-Firmin.jpg\" alt=\"\" width=\"390\" height=\"760\" srcset=\"https:\/\/www.huppy-patrimoine.fr\/wp-content\/uploads\/2019\/07\/Saint-Firmin.jpg 394w, https:\/\/www.huppy-patrimoine.fr\/wp-content\/uploads\/2019\/07\/Saint-Firmin-154x300.jpg 154w\" sizes=\"auto, (max-width: 390px) 100vw, 390px\" \/><\/span><\/span><\/p>\n<p style=\"text-align: center;\"><span style=\"font-family: 'times new roman', times, serif; color: #000000;\">Saint Firmin sous les traits de l\u2019artiste L\u00e9opold Delbeke. Celui-ci poss\u00e9dait une villa \u00ab Le Nil \u00bb \u00bb dans la commune d\u2019Ault, au Bois de Cise.<\/span><\/p>\n<p style=\"text-align: center;\"><img loading=\"lazy\" decoding=\"async\" class=\"img-responsive aligncenter wp-image-1490 size-full\" src=\"https:\/\/www.huppy-patrimoine.fr\/wp-content\/uploads\/2019\/07\/Sainte-Edithe-2.jpg\" alt=\"\" width=\"402\" height=\"757\" srcset=\"https:\/\/www.huppy-patrimoine.fr\/wp-content\/uploads\/2019\/07\/Sainte-Edithe-2.jpg 402w, https:\/\/www.huppy-patrimoine.fr\/wp-content\/uploads\/2019\/07\/Sainte-Edithe-2-159x300.jpg 159w\" sizes=\"auto, (max-width: 402px) 100vw, 402px\" \/><\/p>\n<p><span style=\"font-family: 'times new roman', times, serif; color: #000000;\">Sainte Edith sous les traits\u00a0 de\u00a0 l\u2019\u00e9pouse du peintre Blanche Mauge ou sous les traits de la fille de M. Montier d\u00e9c\u00e9d\u00e9 \u00e0 l\u2019\u00e2ge de 23 ans.<\/span><\/p>\n<p style=\"text-align: center;\"><span style=\"color: #000000;\"><img loading=\"lazy\" decoding=\"async\" class=\" wp-image-1491 img-responsive aligncenter\" src=\"https:\/\/www.huppy-patrimoine.fr\/wp-content\/uploads\/2019\/07\/signature-delbeck.jpg\" alt=\"\" width=\"538\" height=\"105\" srcset=\"https:\/\/www.huppy-patrimoine.fr\/wp-content\/uploads\/2019\/07\/signature-delbeck.jpg 712w, https:\/\/www.huppy-patrimoine.fr\/wp-content\/uploads\/2019\/07\/signature-delbeck-300x59.jpg 300w\" sizes=\"auto, (max-width: 538px) 100vw, 538px\" \/><span style=\"font-family: 'times new roman', times, serif;\">D\u00e9tail de sa signature<\/span><\/span><\/p>\n<p style=\"text-align: center;\"><span style=\"font-family: 'times new roman', times, serif; color: #000000;\"><strong>Le clocher de l\u2019\u00e9glise \u00e9chafaud\u00e9 1953<\/strong><\/span><\/p>\n<p><span style=\"font-family: 'times new roman', times, serif; color: #000000;\"><strong> <img loading=\"lazy\" decoding=\"async\" class=\"img-responsive wp-image-1471 size-large aligncenter\" src=\"https:\/\/www.huppy-patrimoine.fr\/wp-content\/uploads\/2019\/07\/IMGP3111-2-635x1024.jpg\" alt=\"\" width=\"635\" height=\"1024\" srcset=\"https:\/\/www.huppy-patrimoine.fr\/wp-content\/uploads\/2019\/07\/IMGP3111-2-635x1024.jpg 635w, https:\/\/www.huppy-patrimoine.fr\/wp-content\/uploads\/2019\/07\/IMGP3111-2-186x300.jpg 186w, https:\/\/www.huppy-patrimoine.fr\/wp-content\/uploads\/2019\/07\/IMGP3111-2-768x1239.jpg 768w\" sizes=\"auto, (max-width: 635px) 100vw, 635px\" \/><\/strong><\/span><\/p>\n<p style=\"text-align: center;\"><span style=\"font-family: 'times new roman', times, serif; color: #000000;\"> <span style=\"font-family: 'times new roman', times, serif; font-size: 8pt;\">\u00a0\u0152uvre du Baron Andr\u00e9 Delbeke<\/span><\/span><\/p>\n<p><span style=\"font-family: 'times new roman', times, serif; color: #000000;\">\u00a0\u00a0 Dans la seconde salle du Mus\u00e9e une int\u00e9ressante petite toile ex\u00e9cut\u00e9e par le Baron Andr\u00e9 Delbeke fils de L\u00e9opold. Andr\u00e9 Delbeke habitait le ch\u00e2teau de Huppy. Cette toile repr\u00e9sente l\u2019\u00e9glise vue du parc du ch\u00e2teau vers 1955. L\u2019\u00e9glise d\u00e9truite en mai 1940 est en cours de restauration, l\u2019abside est dot\u00e9e de sa charpente, le pignon du transept sud est restaur\u00e9 et attend sa charpente qui sera mise en place en avril \u2013 mai 1951. Le clocher est \u00e9chafaud\u00e9 en tubes. Les rambardes sont en cours de restauration et le vieux clocher attend sa d\u00e9pose en 1953. Les ifs de la chapelle Douville-Maillefeu sont visibles gauche au premier plan et le pignon en lierre de la chapelle de Grouches apparait sur la droite. Ce tableau fut r\u00e9alis\u00e9 le 21 mai 1951.<\/span><\/p>\n<p style=\"text-align: center;\"><span style=\"font-family: 'times new roman', times, serif; color: #000000;\"><strong>Jacques Buiret<\/strong><\/span><\/p>\n<p style=\"text-align: center;\"><span style=\"color: #000000;\"><strong> <img loading=\"lazy\" decoding=\"async\" class=\"img-responsive aligncenter wp-image-1462 size-large\" src=\"https:\/\/www.huppy-patrimoine.fr\/wp-content\/uploads\/2019\/07\/buiret-854x1024.jpg\" alt=\"\" width=\"854\" height=\"1024\" srcset=\"https:\/\/www.huppy-patrimoine.fr\/wp-content\/uploads\/2019\/07\/buiret-854x1024.jpg 854w, https:\/\/www.huppy-patrimoine.fr\/wp-content\/uploads\/2019\/07\/buiret-250x300.jpg 250w, https:\/\/www.huppy-patrimoine.fr\/wp-content\/uploads\/2019\/07\/buiret-768x921.jpg 768w, https:\/\/www.huppy-patrimoine.fr\/wp-content\/uploads\/2019\/07\/buiret.jpg 1700w\" sizes=\"auto, (max-width: 854px) 100vw, 854px\" \/><\/strong><span style=\"font-family: 'times new roman', times, serif; font-size: 8pt;\">\u0152uvre de Jean Claude Schenk (1928 \u2013 2012)<\/span><\/span><\/p>\n<p style=\"text-align: left;\"><span style=\"font-family: 'times new roman', times, serif; color: #000000;\">\u00a0 Monsieur Jacques Buiret propri\u00e9taire du ch\u00e2teau (ancien maire de Huppy) est repr\u00e9sent\u00e9 ici par Jean Claude Schenk peintre renomm\u00e9 \u00e0 Paris. Il est le peintre \u00e9th\u00e9r\u00e9 de paysages sentimentaux venant de l\u2019Ile de France dont il fait son tendre climat. Prim\u00e9 dans de nombreux salons \u00e0 Paris et en Ile de France. Prix des beaux arts \u00e0 Villeneuve sur Lot par son maire Raphael Pingu\u00e9. Ce portrait date de 1952.<\/span><\/p>\n<p style=\"text-align: center;\"><span style=\"color: #000000;\"><img loading=\"lazy\" decoding=\"async\" class=\"img-responsive wp-image-1464 aligncenter\" src=\"https:\/\/www.huppy-patrimoine.fr\/wp-content\/uploads\/2019\/07\/img016-2.jpg\" alt=\"\" width=\"392\" height=\"464\" srcset=\"https:\/\/www.huppy-patrimoine.fr\/wp-content\/uploads\/2019\/07\/img016-2.jpg 805w, https:\/\/www.huppy-patrimoine.fr\/wp-content\/uploads\/2019\/07\/img016-2-253x300.jpg 253w, https:\/\/www.huppy-patrimoine.fr\/wp-content\/uploads\/2019\/07\/img016-2-768x909.jpg 768w\" sizes=\"auto, (max-width: 392px) 100vw, 392px\" \/><span style=\"font-family: 'times new roman', times, serif;\">\u00a0 Sur cette photo Jean Claude Schenk accrochant son \u0153uvre sur un des murs du ch\u00e2teau de Huppy.<\/span><\/span><\/p>\n<p><span style=\"color: #000000;\"><img loading=\"lazy\" decoding=\"async\" class=\"img-responsive wp-image-1463 aligncenter\" src=\"https:\/\/www.huppy-patrimoine.fr\/wp-content\/uploads\/2019\/07\/dsc09592-225x300.jpg\" alt=\"\" width=\"289\" height=\"386\" srcset=\"https:\/\/www.huppy-patrimoine.fr\/wp-content\/uploads\/2019\/07\/dsc09592-225x300.jpg 225w, https:\/\/www.huppy-patrimoine.fr\/wp-content\/uploads\/2019\/07\/dsc09592-768x1024.jpg 768w, https:\/\/www.huppy-patrimoine.fr\/wp-content\/uploads\/2019\/07\/dsc09592.jpg 800w\" sizes=\"auto, (max-width: 289px) 100vw, 289px\" \/><\/span><\/p>\n<p style=\"text-align: center;\"><span style=\"font-family: 'times new roman', times, serif; color: #000000;\">Sur celle-ci vous l\u2019apercevez photographi\u00e9 lors de l\u2019un de ses derniers vernissages.<\/span><\/p>\n<p style=\"text-align: center;\"><span style=\"color: #000000;\"><strong>C<span style=\"font-family: 'times new roman', times, serif;\">hrist en croix<\/span><\/strong><\/span><\/p>\n<p style=\"text-align: center;\"><span style=\"color: #000000;\"><span style=\"font-family: 'times new roman', times, serif;\"><img loading=\"lazy\" decoding=\"async\" class=\"img-responsive aligncenter wp-image-1470 size-large\" src=\"https:\/\/www.huppy-patrimoine.fr\/wp-content\/uploads\/2019\/07\/IMGP3065-2-845x1024.jpg\" alt=\"\" width=\"845\" height=\"1024\" srcset=\"https:\/\/www.huppy-patrimoine.fr\/wp-content\/uploads\/2019\/07\/IMGP3065-2-845x1024.jpg 845w, https:\/\/www.huppy-patrimoine.fr\/wp-content\/uploads\/2019\/07\/IMGP3065-2-248x300.jpg 248w, https:\/\/www.huppy-patrimoine.fr\/wp-content\/uploads\/2019\/07\/IMGP3065-2-768x931.jpg 768w\" sizes=\"auto, (max-width: 845px) 100vw, 845px\" \/><\/span><span style=\"font-size: 8pt; font-family: 'times new roman', times, serif;\">\u0152uvre de M. Poirel de Oisemont<\/span><\/span><\/p>\n<p style=\"text-align: left;\"><span style=\"font-family: 'times new roman', times, serif; color: #000000;\">\u00a0 Ex\u00e9cut\u00e9 sp\u00e9cialement pour la chapelle provisoire rue des juifs apr\u00e8s la destruction de l\u2019\u00e9glise en 1940 pendant la bataille d\u2019Abbeville. La chapelle provisoire \u00e9tait am\u00e9nag\u00e9e dans une grange lou\u00e9e \u00e0 la famille Tentel. Celle-ci fut \u00e0 l\u2019\u00e9poque meubl\u00e9e de statues, chemins de croix, autels, banni\u00e8res par les habitants et en particulier par les \u00e9pouses des prisonniers. Le chemin de croix est aujourd\u2019hui entrepos\u00e9 au Mus\u00e9e et ce tableau orne la premi\u00e8re salle en place\u00a0 avec les ornements sauv\u00e9s de l\u2019\u00e9glise en ruine.\u00a0\u00a0<\/span><\/p>\n<p style=\"text-align: center;\"><span style=\"font-family: 'times new roman', times, serif; color: #000000;\"><strong>La guerre 1914 \u2013 1918 &#8211; Artois 1915<\/strong><\/span><\/p>\n<p><span style=\"color: #000000;\"><img loading=\"lazy\" decoding=\"async\" class=\"img-responsive alignleft wp-image-1465 size-large\" src=\"https:\/\/www.huppy-patrimoine.fr\/wp-content\/uploads\/2019\/07\/IMGP0469-3-1024x888.jpg\" alt=\"\" width=\"1024\" height=\"888\" srcset=\"https:\/\/www.huppy-patrimoine.fr\/wp-content\/uploads\/2019\/07\/IMGP0469-3-1024x888.jpg 1024w, https:\/\/www.huppy-patrimoine.fr\/wp-content\/uploads\/2019\/07\/IMGP0469-3-300x260.jpg 300w, https:\/\/www.huppy-patrimoine.fr\/wp-content\/uploads\/2019\/07\/IMGP0469-3-768x666.jpg 768w\" sizes=\"auto, (max-width: 1024px) 100vw, 1024px\" \/><\/span><\/p>\n<p style=\"text-align: center;\"><span style=\"font-size: 8pt; font-family: 'times new roman', times, serif; color: #000000;\">\u0152uvre de Pierre Schveitzer<\/span><\/p>\n<p style=\"text-align: left;\"><span style=\"font-family: 'times new roman', times, serif; color: #000000;\">Huile sur contre plaqu\u00e9 r\u00e9cup\u00e9r\u00e9 \u00e0 Evreux par Claude Piette compagnon, chef de chantier au cours de la pose de la fl\u00e8che de la cath\u00e9drale d\u2019Evreux par les Monuments Historiques. Tableaux r\u00e9alis\u00e9e \u00e0 Evreux en 1939.<\/span><\/p>\n<p style=\"text-align: center;\"><span style=\"font-family: 'times new roman', times, serif; color: #000000;\"><strong>Les ch\u00e2teaux de Huppy<\/strong><\/span><\/p>\n<p><span style=\"color: #000000;\"><img loading=\"lazy\" decoding=\"async\" class=\"img-responsive alignleft wp-image-1472 size-large\" src=\"https:\/\/www.huppy-patrimoine.fr\/wp-content\/uploads\/2019\/07\/Mathil-de-Pfaff-1024x858.jpg\" alt=\"\" width=\"1024\" height=\"858\" srcset=\"https:\/\/www.huppy-patrimoine.fr\/wp-content\/uploads\/2019\/07\/Mathil-de-Pfaff-1024x858.jpg 1024w, https:\/\/www.huppy-patrimoine.fr\/wp-content\/uploads\/2019\/07\/Mathil-de-Pfaff-300x251.jpg 300w, https:\/\/www.huppy-patrimoine.fr\/wp-content\/uploads\/2019\/07\/Mathil-de-Pfaff-768x644.jpg 768w\" sizes=\"auto, (max-width: 1024px) 100vw, 1024px\" \/><\/span><\/p>\n<p style=\"text-align: center;\"><span style=\"font-family: 'times new roman', times, serif; font-size: 8pt; text-align: center; color: #000000;\">\u0152uvre de Mathil\u00a0 De Pfaff<\/span><\/p>\n<p style=\"text-align: left;\"><span style=\"font-family: 'times new roman', times, serif; color: #000000;\">\u00a0Tableau peint en 1955 par Mathil De Pfaff. L\u2019artiste a repr\u00e9sent\u00e9 sur la droite le ch\u00e2teau actuel du 17<sup>e<\/sup> si\u00e8cle et sur la gauche les restes de l\u2019ancien ch\u00e2teau du 15<sup>e<\/sup> si\u00e8cle dont le lierre \u00e0 envahi la tour encore existante.<\/span><\/p>\n<p style=\"text-align: left;\"><span style=\"font-family: 'times new roman', times, serif; color: #000000;\">\u00a0 Les descriptions des tableaux pr\u00e9sent\u00e9s sont extraites du recueil N\u00b0 5 des archives de la biblioth\u00e8que municipale, consultable sur place ou \u00e0 emprunter.<\/span><\/p>\n","protected":false},"excerpt":{"rendered":"<p>&nbsp; ASPACHuppy Vous pr\u00e9sente Les tableaux du Mus\u00e9e Huppy Autrefois Descriptions de Claude Piette La visite de charit\u00e9 \u0152uvre de L\u00e9opold Delbeke (1866 \u2013 1939)<\/p>\n","protected":false},"author":2,"featured_media":2405,"parent":0,"menu_order":0,"comment_status":"closed","ping_status":"closed","template":"","meta":{"footnotes":""},"categories":[6],"tags":[],"class_list":["post-1475","page","type-page","status-publish","has-post-thumbnail","hentry","category-musee"],"_links":{"self":[{"href":"https:\/\/www.huppy-patrimoine.fr\/index.php\/wp-json\/wp\/v2\/pages\/1475","targetHints":{"allow":["GET"]}}],"collection":[{"href":"https:\/\/www.huppy-patrimoine.fr\/index.php\/wp-json\/wp\/v2\/pages"}],"about":[{"href":"https:\/\/www.huppy-patrimoine.fr\/index.php\/wp-json\/wp\/v2\/types\/page"}],"author":[{"embeddable":true,"href":"https:\/\/www.huppy-patrimoine.fr\/index.php\/wp-json\/wp\/v2\/users\/2"}],"replies":[{"embeddable":true,"href":"https:\/\/www.huppy-patrimoine.fr\/index.php\/wp-json\/wp\/v2\/comments?post=1475"}],"version-history":[{"count":24,"href":"https:\/\/www.huppy-patrimoine.fr\/index.php\/wp-json\/wp\/v2\/pages\/1475\/revisions"}],"predecessor-version":[{"id":4166,"href":"https:\/\/www.huppy-patrimoine.fr\/index.php\/wp-json\/wp\/v2\/pages\/1475\/revisions\/4166"}],"wp:featuredmedia":[{"embeddable":true,"href":"https:\/\/www.huppy-patrimoine.fr\/index.php\/wp-json\/wp\/v2\/media\/2405"}],"wp:attachment":[{"href":"https:\/\/www.huppy-patrimoine.fr\/index.php\/wp-json\/wp\/v2\/media?parent=1475"}],"wp:term":[{"taxonomy":"category","embeddable":true,"href":"https:\/\/www.huppy-patrimoine.fr\/index.php\/wp-json\/wp\/v2\/categories?post=1475"},{"taxonomy":"post_tag","embeddable":true,"href":"https:\/\/www.huppy-patrimoine.fr\/index.php\/wp-json\/wp\/v2\/tags?post=1475"}],"curies":[{"name":"wp","href":"https:\/\/api.w.org\/{rel}","templated":true}]}}