
{"id":1937,"date":"2019-09-04T19:33:40","date_gmt":"2019-09-04T17:33:40","guid":{"rendered":"https:\/\/www.huppy-patrimoine.fr\/?page_id=1937"},"modified":"2019-09-07T17:42:34","modified_gmt":"2019-09-07T15:42:34","slug":"n-21-900","status":"publish","type":"page","link":"https:\/\/www.huppy-patrimoine.fr\/index.php\/progres-de-la-somme-2\/progres-de-la-somme\/n-21-900\/","title":{"rendered":"N\u00b0 21 900"},"content":{"rendered":"<p style=\"text-align: center;\"><span style=\"font-family: 'times new roman', times, serif; font-size: 14pt;\"><strong>\u00ab Au fil de l\u2019histoire\u00a0\u00bb<\/strong><\/span><\/p>\n<p><span style=\"font-family: 'times new roman', times, serif; font-size: 10pt;\"><strong>Il y a 80 ans\u00a0!<\/strong><\/span><\/p>\n<p><span style=\"font-family: 'times new roman', times, serif; font-size: 10pt;\">Le 6 septembre 1939 paraissait <strong>\u00ab\u00a0Le Progr\u00e8s de la Somme\u00a0\u00bb<\/strong> N\u00b0 21 900<\/span><\/p>\n<p><span style=\"font-family: 'times new roman', times, serif; font-size: 10pt;\">Les actualit\u00e9s de ce mercredi:<\/span><\/p>\n<ul>\n<li><span style=\"font-family: 'times new roman', times, serif; font-size: 10pt;\">Premi\u00e8re page \u00ab\u00a0Alerte sur Paris et Rouen \u00bb<\/span><\/li>\n<li><span style=\"font-family: 'times new roman', times, serif; font-size: 10pt;\">Page 2 A travers l\u2019actualit\u00e9 ext\u00e9rieure et int\u00e9rieure \u00ab\u00a0Premiers faits de guerre\u00a0\u00bb<\/span><\/li>\n<li><span style=\"font-family: 'times new roman', times, serif; font-size: 10pt;\">A travers la ville<\/span><\/li>\n<li><span style=\"font-family: 'times new roman', times, serif; font-size: 10pt;\">Photo article \u00ab\u00a0Doullens il y a 25 ans\u00a0\u00bb<\/span><\/li>\n<li><span style=\"font-family: 'times new roman', times, serif; font-size: 10pt;\">La page de la femme<\/span><\/li>\n<li><span style=\"font-family: 'times new roman', times, serif; font-size: 10pt;\">Communiqu\u00e9 officiel fran\u00e7ais n\u00b02<\/span><\/li>\n<\/ul>\n<p><img loading=\"lazy\" decoding=\"async\" class=\"size-full wp-image-1942 img-responsive aligncenter\" src=\"https:\/\/www.huppy-patrimoine.fr\/wp-content\/uploads\/2019\/09\/IMGP3422-2.jpg\" alt=\"\" width=\"2683\" height=\"3767\" srcset=\"https:\/\/www.huppy-patrimoine.fr\/wp-content\/uploads\/2019\/09\/IMGP3422-2.jpg 2683w, https:\/\/www.huppy-patrimoine.fr\/wp-content\/uploads\/2019\/09\/IMGP3422-2-214x300.jpg 214w, https:\/\/www.huppy-patrimoine.fr\/wp-content\/uploads\/2019\/09\/IMGP3422-2-768x1078.jpg 768w, https:\/\/www.huppy-patrimoine.fr\/wp-content\/uploads\/2019\/09\/IMGP3422-2-729x1024.jpg 729w\" sizes=\"auto, (max-width: 2683px) 100vw, 2683px\" \/><\/p>\n<p>&nbsp;<\/p>\n<p><img loading=\"lazy\" decoding=\"async\" class=\"size-full wp-image-1943 img-responsive aligncenter\" src=\"https:\/\/www.huppy-patrimoine.fr\/wp-content\/uploads\/2019\/09\/IMGP3423-2.jpg\" alt=\"\" width=\"2720\" height=\"3621\" srcset=\"https:\/\/www.huppy-patrimoine.fr\/wp-content\/uploads\/2019\/09\/IMGP3423-2.jpg 2720w, https:\/\/www.huppy-patrimoine.fr\/wp-content\/uploads\/2019\/09\/IMGP3423-2-225x300.jpg 225w, https:\/\/www.huppy-patrimoine.fr\/wp-content\/uploads\/2019\/09\/IMGP3423-2-768x1022.jpg 768w, https:\/\/www.huppy-patrimoine.fr\/wp-content\/uploads\/2019\/09\/IMGP3423-2-769x1024.jpg 769w\" sizes=\"auto, (max-width: 2720px) 100vw, 2720px\" \/><\/p>\n<p>&nbsp;<\/p>\n<p><img loading=\"lazy\" decoding=\"async\" class=\"img-responsive aligncenter wp-image-1944\" src=\"https:\/\/www.huppy-patrimoine.fr\/wp-content\/uploads\/2019\/09\/IMGP3424-2.jpg\" alt=\"\" width=\"488\" height=\"3220\" srcset=\"https:\/\/www.huppy-patrimoine.fr\/wp-content\/uploads\/2019\/09\/IMGP3424-2.jpg 547w, https:\/\/www.huppy-patrimoine.fr\/wp-content\/uploads\/2019\/09\/IMGP3424-2-155x1024.jpg 155w\" sizes=\"auto, (max-width: 488px) 100vw, 488px\" \/><\/p>\n<p>&nbsp;<\/p>\n<p><img loading=\"lazy\" decoding=\"async\" class=\"size-full wp-image-1945 img-responsive aligncenter\" src=\"https:\/\/www.huppy-patrimoine.fr\/wp-content\/uploads\/2019\/09\/IMGP3425-2.jpg\" alt=\"\" width=\"1151\" height=\"2341\" srcset=\"https:\/\/www.huppy-patrimoine.fr\/wp-content\/uploads\/2019\/09\/IMGP3425-2.jpg 1151w, https:\/\/www.huppy-patrimoine.fr\/wp-content\/uploads\/2019\/09\/IMGP3425-2-148x300.jpg 148w, https:\/\/www.huppy-patrimoine.fr\/wp-content\/uploads\/2019\/09\/IMGP3425-2-768x1562.jpg 768w, https:\/\/www.huppy-patrimoine.fr\/wp-content\/uploads\/2019\/09\/IMGP3425-2-503x1024.jpg 503w\" sizes=\"auto, (max-width: 1151px) 100vw, 1151px\" \/><\/p>\n<p>&nbsp;<\/p>\n<p><img loading=\"lazy\" decoding=\"async\" class=\"size-full wp-image-1946 img-responsive aligncenter\" src=\"https:\/\/www.huppy-patrimoine.fr\/wp-content\/uploads\/2019\/09\/IMGP3426-2.jpg\" alt=\"\" width=\"3241\" height=\"2418\" srcset=\"https:\/\/www.huppy-patrimoine.fr\/wp-content\/uploads\/2019\/09\/IMGP3426-2.jpg 3241w, https:\/\/www.huppy-patrimoine.fr\/wp-content\/uploads\/2019\/09\/IMGP3426-2-300x224.jpg 300w, https:\/\/www.huppy-patrimoine.fr\/wp-content\/uploads\/2019\/09\/IMGP3426-2-768x573.jpg 768w, https:\/\/www.huppy-patrimoine.fr\/wp-content\/uploads\/2019\/09\/IMGP3426-2-1024x764.jpg 1024w\" sizes=\"auto, (max-width: 3241px) 100vw, 3241px\" \/><\/p>\n<p>&nbsp;<\/p>\n<p><img loading=\"lazy\" decoding=\"async\" class=\"img-responsive aligncenter wp-image-1947\" src=\"https:\/\/www.huppy-patrimoine.fr\/wp-content\/uploads\/2019\/09\/IMGP3427-2.jpg\" alt=\"\" width=\"684\" height=\"600\" srcset=\"https:\/\/www.huppy-patrimoine.fr\/wp-content\/uploads\/2019\/09\/IMGP3427-2.jpg 836w, https:\/\/www.huppy-patrimoine.fr\/wp-content\/uploads\/2019\/09\/IMGP3427-2-300x263.jpg 300w, https:\/\/www.huppy-patrimoine.fr\/wp-content\/uploads\/2019\/09\/IMGP3427-2-768x673.jpg 768w\" sizes=\"auto, (max-width: 684px) 100vw, 684px\" \/><\/p>\n<p>&nbsp;<\/p>\n<p>&nbsp;<\/p>\n<p><span style=\"font-family: 'times new roman', times, serif; font-size: 10pt;\">Num\u00e9ro suivant\u00a0: <\/span><a href=\"https:\/\/www.huppy-patrimoine.fr\/index.php\/n-21-901\/\"><strong><span style=\"color: #0000ff;\">Lire le N\u00b0 21901<\/span><\/strong><\/a><\/p>\n","protected":false},"excerpt":{"rendered":"<p>\u00ab Au fil de l\u2019histoire\u00a0\u00bb Il y a 80 ans\u00a0! Le 6 septembre 1939 paraissait \u00ab\u00a0Le Progr\u00e8s de la Somme\u00a0\u00bb N\u00b0 21 900 Les actualit\u00e9s<\/p>\n","protected":false},"author":2,"featured_media":0,"parent":1713,"menu_order":0,"comment_status":"closed","ping_status":"closed","template":"","meta":{"footnotes":""},"categories":[],"tags":[25],"class_list":["post-1937","page","type-page","status-publish","hentry","tag-progres-de-la-somme"],"_links":{"self":[{"href":"https:\/\/www.huppy-patrimoine.fr\/index.php\/wp-json\/wp\/v2\/pages\/1937","targetHints":{"allow":["GET"]}}],"collection":[{"href":"https:\/\/www.huppy-patrimoine.fr\/index.php\/wp-json\/wp\/v2\/pages"}],"about":[{"href":"https:\/\/www.huppy-patrimoine.fr\/index.php\/wp-json\/wp\/v2\/types\/page"}],"author":[{"embeddable":true,"href":"https:\/\/www.huppy-patrimoine.fr\/index.php\/wp-json\/wp\/v2\/users\/2"}],"replies":[{"embeddable":true,"href":"https:\/\/www.huppy-patrimoine.fr\/index.php\/wp-json\/wp\/v2\/comments?post=1937"}],"version-history":[{"count":5,"href":"https:\/\/www.huppy-patrimoine.fr\/index.php\/wp-json\/wp\/v2\/pages\/1937\/revisions"}],"predecessor-version":[{"id":1961,"href":"https:\/\/www.huppy-patrimoine.fr\/index.php\/wp-json\/wp\/v2\/pages\/1937\/revisions\/1961"}],"up":[{"embeddable":true,"href":"https:\/\/www.huppy-patrimoine.fr\/index.php\/wp-json\/wp\/v2\/pages\/1713"}],"wp:attachment":[{"href":"https:\/\/www.huppy-patrimoine.fr\/index.php\/wp-json\/wp\/v2\/media?parent=1937"}],"wp:term":[{"taxonomy":"category","embeddable":true,"href":"https:\/\/www.huppy-patrimoine.fr\/index.php\/wp-json\/wp\/v2\/categories?post=1937"},{"taxonomy":"post_tag","embeddable":true,"href":"https:\/\/www.huppy-patrimoine.fr\/index.php\/wp-json\/wp\/v2\/tags?post=1937"}],"curies":[{"name":"wp","href":"https:\/\/api.w.org\/{rel}","templated":true}]}}