
{"id":1998,"date":"2019-09-08T17:47:45","date_gmt":"2019-09-08T15:47:45","guid":{"rendered":"https:\/\/www.huppy-patrimoine.fr\/?page_id=1998"},"modified":"2019-09-11T16:48:49","modified_gmt":"2019-09-11T14:48:49","slug":"n-21-904","status":"publish","type":"page","link":"https:\/\/www.huppy-patrimoine.fr\/index.php\/progres-de-la-somme-2\/progres-de-la-somme\/n-21-904\/","title":{"rendered":"N\u00b0 21 904"},"content":{"rendered":"<p style=\"text-align: center;\"><span style=\"font-family: 'times new roman', times, serif; color: #000000;\"><strong style=\"font-size: 18.6667px;\">\u00ab Au fil de l\u2019histoire\u00a0\u00bb<\/strong><\/span><\/p>\n<p><span style=\"font-family: 'times new roman', times, serif; font-size: 10pt; color: #000000;\"><strong>Il y a 80 ans\u00a0!<\/strong><\/span><\/p>\n<p><span style=\"font-family: 'times new roman', times, serif; font-size: 10pt; color: #000000;\">Le 10 septembre 1939 paraissait <strong>\u00ab\u00a0Le Progr\u00e8s de la Somme\u00a0\u00bb<\/strong> N\u00b0 21 904<\/span><\/p>\n<p><span style=\"font-family: 'times new roman', times, serif; font-size: 10pt; color: #000000;\">Les actualit\u00e9s de ce dimanche:<\/span><\/p>\n<ul>\n<li><span style=\"font-family: 'times new roman', times, serif; font-size: 10pt; color: #000000;\">Vous savez, c\u2019est officiel<\/span><\/li>\n<li><span style=\"font-family: 'times new roman', times, serif; font-size: 10pt; color: #000000;\">Premi\u00e8re page \u00ab\u00a0L\u2019avance fran\u00e7aise \u00e0 la fronti\u00e8re de Lorraine\u00bb<\/span><\/li>\n<li><span style=\"font-family: 'times new roman', times, serif; font-size: 10pt; color: #000000;\">Page 2 \u00abInformations du monde entier<\/span><\/li>\n<li><span style=\"font-family: 'times new roman', times, serif; font-size: 10pt; color: #000000;\">Articles page Abbeville \u00abA travers la ville\u00a0\u00bb \u00ab\u00a0Faits divers\u00bb &#8211;<\/span><\/li>\n<li><span style=\"font-family: 'times new roman', times, serif; font-size: 10pt; color: #000000;\">Carte, fronti\u00e8re de l\u2019est<\/span><\/li>\n<\/ul>\n<p><img loading=\"lazy\" decoding=\"async\" class=\"size-full wp-image-2005 img-responsive aligncenter\" src=\"https:\/\/www.huppy-patrimoine.fr\/wp-content\/uploads\/2019\/09\/IMGP3450-3.jpg\" alt=\"\" width=\"700\" height=\"396\" srcset=\"https:\/\/www.huppy-patrimoine.fr\/wp-content\/uploads\/2019\/09\/IMGP3450-3.jpg 700w, https:\/\/www.huppy-patrimoine.fr\/wp-content\/uploads\/2019\/09\/IMGP3450-3-300x170.jpg 300w\" sizes=\"auto, (max-width: 700px) 100vw, 700px\" \/><\/p>\n<p>&nbsp;<\/p>\n<p><img loading=\"lazy\" decoding=\"async\" class=\"size-full wp-image-2003 img-responsive aligncenter\" src=\"https:\/\/www.huppy-patrimoine.fr\/wp-content\/uploads\/2019\/09\/IMGP3449-2.jpg\" alt=\"\" width=\"2707\" height=\"3736\" srcset=\"https:\/\/www.huppy-patrimoine.fr\/wp-content\/uploads\/2019\/09\/IMGP3449-2.jpg 2707w, https:\/\/www.huppy-patrimoine.fr\/wp-content\/uploads\/2019\/09\/IMGP3449-2-217x300.jpg 217w, https:\/\/www.huppy-patrimoine.fr\/wp-content\/uploads\/2019\/09\/IMGP3449-2-768x1060.jpg 768w, https:\/\/www.huppy-patrimoine.fr\/wp-content\/uploads\/2019\/09\/IMGP3449-2-742x1024.jpg 742w\" sizes=\"auto, (max-width: 2707px) 100vw, 2707px\" \/><\/p>\n<p>&nbsp;<\/p>\n<p><img loading=\"lazy\" decoding=\"async\" class=\"size-full wp-image-2004 img-responsive aligncenter\" src=\"https:\/\/www.huppy-patrimoine.fr\/wp-content\/uploads\/2019\/09\/IMGP3450-2.jpg\" alt=\"\" width=\"2611\" height=\"3500\" srcset=\"https:\/\/www.huppy-patrimoine.fr\/wp-content\/uploads\/2019\/09\/IMGP3450-2.jpg 2611w, https:\/\/www.huppy-patrimoine.fr\/wp-content\/uploads\/2019\/09\/IMGP3450-2-224x300.jpg 224w, https:\/\/www.huppy-patrimoine.fr\/wp-content\/uploads\/2019\/09\/IMGP3450-2-768x1029.jpg 768w, https:\/\/www.huppy-patrimoine.fr\/wp-content\/uploads\/2019\/09\/IMGP3450-2-764x1024.jpg 764w\" sizes=\"auto, (max-width: 2611px) 100vw, 2611px\" \/><\/p>\n<p>&nbsp;<\/p>\n<p><img loading=\"lazy\" decoding=\"async\" class=\"size-full wp-image-2006 img-responsive aligncenter\" src=\"https:\/\/www.huppy-patrimoine.fr\/wp-content\/uploads\/2019\/09\/IMGP3451-2.jpg\" alt=\"\" width=\"1417\" height=\"3478\" srcset=\"https:\/\/www.huppy-patrimoine.fr\/wp-content\/uploads\/2019\/09\/IMGP3451-2.jpg 1417w, https:\/\/www.huppy-patrimoine.fr\/wp-content\/uploads\/2019\/09\/IMGP3451-2-122x300.jpg 122w, https:\/\/www.huppy-patrimoine.fr\/wp-content\/uploads\/2019\/09\/IMGP3451-2-768x1885.jpg 768w, https:\/\/www.huppy-patrimoine.fr\/wp-content\/uploads\/2019\/09\/IMGP3451-2-417x1024.jpg 417w\" sizes=\"auto, (max-width: 1417px) 100vw, 1417px\" \/><\/p>\n<p>&nbsp;<\/p>\n<p><img loading=\"lazy\" decoding=\"async\" class=\"size-full wp-image-2007 img-responsive aligncenter\" src=\"https:\/\/www.huppy-patrimoine.fr\/wp-content\/uploads\/2019\/09\/IMGP3452-2.jpg\" alt=\"\" width=\"1909\" height=\"2126\" srcset=\"https:\/\/www.huppy-patrimoine.fr\/wp-content\/uploads\/2019\/09\/IMGP3452-2.jpg 1909w, https:\/\/www.huppy-patrimoine.fr\/wp-content\/uploads\/2019\/09\/IMGP3452-2-269x300.jpg 269w, https:\/\/www.huppy-patrimoine.fr\/wp-content\/uploads\/2019\/09\/IMGP3452-2-768x855.jpg 768w, https:\/\/www.huppy-patrimoine.fr\/wp-content\/uploads\/2019\/09\/IMGP3452-2-919x1024.jpg 919w\" sizes=\"auto, (max-width: 1909px) 100vw, 1909px\" \/><\/p>\n<p>&nbsp;<\/p>\n<p><span style=\"font-family: 'times new roman', times, serif; font-size: 10pt; color: #000000;\">Num\u00e9ro suivant\u00a0: <\/span><a href=\"https:\/\/www.huppy-patrimoine.fr\/index.php\/progres-de-la-somme-2\/progres-de-la-somme\/n-21-905\/\"><strong><span style=\"color: #0000ff;\">Lire le N\u00b0 21905<\/span><\/strong><\/a><\/p>\n","protected":false},"excerpt":{"rendered":"<p>\u00ab Au fil de l\u2019histoire\u00a0\u00bb Il y a 80 ans\u00a0! Le 10 septembre 1939 paraissait \u00ab\u00a0Le Progr\u00e8s de la Somme\u00a0\u00bb N\u00b0 21 904 Les actualit\u00e9s<\/p>\n","protected":false},"author":2,"featured_media":0,"parent":1713,"menu_order":0,"comment_status":"closed","ping_status":"closed","template":"","meta":{"footnotes":""},"categories":[26],"tags":[25],"class_list":["post-1998","page","type-page","status-publish","hentry","category-progres-de-la-somme","tag-progres-de-la-somme"],"_links":{"self":[{"href":"https:\/\/www.huppy-patrimoine.fr\/index.php\/wp-json\/wp\/v2\/pages\/1998","targetHints":{"allow":["GET"]}}],"collection":[{"href":"https:\/\/www.huppy-patrimoine.fr\/index.php\/wp-json\/wp\/v2\/pages"}],"about":[{"href":"https:\/\/www.huppy-patrimoine.fr\/index.php\/wp-json\/wp\/v2\/types\/page"}],"author":[{"embeddable":true,"href":"https:\/\/www.huppy-patrimoine.fr\/index.php\/wp-json\/wp\/v2\/users\/2"}],"replies":[{"embeddable":true,"href":"https:\/\/www.huppy-patrimoine.fr\/index.php\/wp-json\/wp\/v2\/comments?post=1998"}],"version-history":[{"count":5,"href":"https:\/\/www.huppy-patrimoine.fr\/index.php\/wp-json\/wp\/v2\/pages\/1998\/revisions"}],"predecessor-version":[{"id":2028,"href":"https:\/\/www.huppy-patrimoine.fr\/index.php\/wp-json\/wp\/v2\/pages\/1998\/revisions\/2028"}],"up":[{"embeddable":true,"href":"https:\/\/www.huppy-patrimoine.fr\/index.php\/wp-json\/wp\/v2\/pages\/1713"}],"wp:attachment":[{"href":"https:\/\/www.huppy-patrimoine.fr\/index.php\/wp-json\/wp\/v2\/media?parent=1998"}],"wp:term":[{"taxonomy":"category","embeddable":true,"href":"https:\/\/www.huppy-patrimoine.fr\/index.php\/wp-json\/wp\/v2\/categories?post=1998"},{"taxonomy":"post_tag","embeddable":true,"href":"https:\/\/www.huppy-patrimoine.fr\/index.php\/wp-json\/wp\/v2\/tags?post=1998"}],"curies":[{"name":"wp","href":"https:\/\/api.w.org\/{rel}","templated":true}]}}