
{"id":3106,"date":"2020-09-24T18:35:37","date_gmt":"2020-09-24T16:35:37","guid":{"rendered":"https:\/\/www.huppy-patrimoine.fr\/?page_id=3106"},"modified":"2020-09-24T18:42:09","modified_gmt":"2020-09-24T16:42:09","slug":"video-commemoration","status":"publish","type":"page","link":"https:\/\/www.huppy-patrimoine.fr\/index.php\/video-commemoration\/","title":{"rendered":"Vid\u00e9o Comm\u00e9moration"},"content":{"rendered":"<p style=\"text-align: center;\"><strong>Vid\u00e9o de la Comm\u00e9moration du 80e anniversaire de la Bataille de la T\u00eate de Pont d\u2019Abbeville<\/strong><\/p>\n<p style=\"text-align: center;\"><strong>Huppy 30 mai 2020<\/strong><\/p>\n<p style=\"text-align: center;\"><strong>R\u00e9alisatrice Joy BACOU\u00cbL<\/strong><\/p>\n<p><iframe loading=\"lazy\" title=\"Bataille de la t\u00eate de pont d'Abbeville - 80\u00e8me Anniversaire | Fa\u00e7on Verso\" src=\"https:\/\/www.youtube.com\/embed\/8Cfj_Cfw40w?start=13&amp;feature=oembed\" width=\"783\" height=\"440\" frameborder=\"0\" allowfullscreen=\"allowfullscreen\" data-mce-fragment=\"1\"><\/iframe><\/p>\n<p>&nbsp;<\/p>\n","protected":false},"excerpt":{"rendered":"<p>Vid\u00e9o de la Comm\u00e9moration du 80e anniversaire de la Bataille de la T\u00eate de Pont d\u2019Abbeville Huppy 30 mai 2020 R\u00e9alisatrice Joy BACOU\u00cbL &nbsp;<\/p>\n","protected":false},"author":2,"featured_media":0,"parent":0,"menu_order":0,"comment_status":"closed","ping_status":"closed","template":"","meta":{"footnotes":""},"categories":[],"tags":[],"class_list":["post-3106","page","type-page","status-publish","hentry"],"_links":{"self":[{"href":"https:\/\/www.huppy-patrimoine.fr\/index.php\/wp-json\/wp\/v2\/pages\/3106","targetHints":{"allow":["GET"]}}],"collection":[{"href":"https:\/\/www.huppy-patrimoine.fr\/index.php\/wp-json\/wp\/v2\/pages"}],"about":[{"href":"https:\/\/www.huppy-patrimoine.fr\/index.php\/wp-json\/wp\/v2\/types\/page"}],"author":[{"embeddable":true,"href":"https:\/\/www.huppy-patrimoine.fr\/index.php\/wp-json\/wp\/v2\/users\/2"}],"replies":[{"embeddable":true,"href":"https:\/\/www.huppy-patrimoine.fr\/index.php\/wp-json\/wp\/v2\/comments?post=3106"}],"version-history":[{"count":4,"href":"https:\/\/www.huppy-patrimoine.fr\/index.php\/wp-json\/wp\/v2\/pages\/3106\/revisions"}],"predecessor-version":[{"id":3111,"href":"https:\/\/www.huppy-patrimoine.fr\/index.php\/wp-json\/wp\/v2\/pages\/3106\/revisions\/3111"}],"wp:attachment":[{"href":"https:\/\/www.huppy-patrimoine.fr\/index.php\/wp-json\/wp\/v2\/media?parent=3106"}],"wp:term":[{"taxonomy":"category","embeddable":true,"href":"https:\/\/www.huppy-patrimoine.fr\/index.php\/wp-json\/wp\/v2\/categories?post=3106"},{"taxonomy":"post_tag","embeddable":true,"href":"https:\/\/www.huppy-patrimoine.fr\/index.php\/wp-json\/wp\/v2\/tags?post=3106"}],"curies":[{"name":"wp","href":"https:\/\/api.w.org\/{rel}","templated":true}]}}