
{"id":3120,"date":"2020-09-24T19:03:23","date_gmt":"2020-09-24T17:03:23","guid":{"rendered":"https:\/\/www.huppy-patrimoine.fr\/?page_id=3120"},"modified":"2020-11-07T18:38:39","modified_gmt":"2020-11-07T17:38:39","slug":"huppy-j-e-p-2020","status":"publish","type":"page","link":"https:\/\/www.huppy-patrimoine.fr\/index.php\/huppy-j-e-p-2020\/","title":{"rendered":"Huppy-Journ\u00e9es Europ\u00e9ennes du Patrimoine 2020"},"content":{"rendered":"<p style=\"text-align: center;\"><span style=\"font-family: 'times new roman', times, serif; font-size: 14pt; color: #000000;\">Comme chaque ann\u00e9e l&rsquo;ASPACHuppy organisait les <strong>Journ\u00e9es Europ\u00e9ennes du Patrimoine<\/strong>.<\/span><\/p>\n<p><span style=\"font-family: 'times new roman', times, serif; font-size: 14pt; color: #000000;\">\u00a0 Pour cette occasion, le samedi 19 et dimanche 20 septembre, l&rsquo;ASPACHuppy pr\u00e9sentait une exposition dans la salle communale de Huppy sur le th\u00e8me demand\u00e9 par le Minist\u00e8re de la Culture:<\/span><\/p>\n<p style=\"text-align: center;\"><span style=\"font-family: 'times new roman', times, serif; font-size: 14pt; color: #000000;\"><strong>Patrimoine &amp; Education: <\/strong><\/span><\/p>\n<p style=\"text-align: center;\"><span style=\"font-family: 'times new roman', times, serif; font-size: 14pt; color: #000000;\"><strong>Apprendre pour la vie!<\/strong>\u00a0\u00a0<\/span><\/p>\n<p><span style=\"font-family: 'times new roman', times, serif; font-size: 14pt; color: #000000;\">\u00a0A l&rsquo;occasion de ces journ\u00e9es, 72 visiteurs ont pu appr\u00e9cier la qualit\u00e9 de notre exposition intitul\u00e9e :<\/span><\/p>\n<p style=\"text-align: center;\"><span style=\"font-family: 'times new roman', times, serif; font-size: 14pt; color: #000000;\"><strong>\u00ab\u00a0L&rsquo;\u00e9ducation sous toutes ses formes\u00a0\u00bb. <\/strong><\/span><\/p>\n<p><span style=\"font-family: 'times new roman', times, serif; font-size: 14pt; color: #000000;\">\u00a0 Les membres de l&rsquo;ASPACHuppy remercient les visiteurs de l\u2019int\u00e9r\u00eat port\u00e9 \u00e0 notre patrimoine local ainsi que\u00a0 pour les nombreux commentaires d&rsquo;appr\u00e9ciations, de f\u00e9licitations et d&rsquo;encouragements laiss\u00e9s par ces derniers.<\/span><\/p>\n<p><span style=\"color: #000000; font-family: 'times new roman', times, serif; font-size: 14pt;\">Ci-dessous le livre photos de notre exposition.<\/span><\/p>\n<div class=\"_df_book df-lite\" id=\"df_3155\"  _slug=\"3155\" data-title=\"\" wpoptions=\"true\" thumbtype=\"\" ><\/div><script class=\"df-shortcode-script\" nowprocket type=\"application\/javascript\">window.option_df_3155 = {\"outline\":[],\"autoEnableOutline\":\"false\",\"autoEnableThumbnail\":\"false\",\"overwritePDFOutline\":\"false\",\"direction\":\"1\",\"source\":\"https:\\\/\\\/www.huppy-patrimoine.fr\\\/wp-content\\\/uploads\\\/2020\\\/09\\\/photos-jep-2020-2.pdf\",\"wpOptions\":\"true\"}; if(window.DFLIP && window.DFLIP.parseBooks){window.DFLIP.parseBooks();}<\/script>\n<p>&nbsp;<\/p>\n","protected":false},"excerpt":{"rendered":"<p>Comme chaque ann\u00e9e l&rsquo;ASPACHuppy organisait les Journ\u00e9es Europ\u00e9ennes du Patrimoine. \u00a0 Pour cette occasion, le samedi 19 et dimanche 20 septembre, l&rsquo;ASPACHuppy pr\u00e9sentait une exposition<\/p>\n","protected":false},"author":2,"featured_media":0,"parent":0,"menu_order":0,"comment_status":"closed","ping_status":"closed","template":"","meta":{"footnotes":""},"categories":[],"tags":[],"class_list":["post-3120","page","type-page","status-publish","hentry"],"_links":{"self":[{"href":"https:\/\/www.huppy-patrimoine.fr\/index.php\/wp-json\/wp\/v2\/pages\/3120","targetHints":{"allow":["GET"]}}],"collection":[{"href":"https:\/\/www.huppy-patrimoine.fr\/index.php\/wp-json\/wp\/v2\/pages"}],"about":[{"href":"https:\/\/www.huppy-patrimoine.fr\/index.php\/wp-json\/wp\/v2\/types\/page"}],"author":[{"embeddable":true,"href":"https:\/\/www.huppy-patrimoine.fr\/index.php\/wp-json\/wp\/v2\/users\/2"}],"replies":[{"embeddable":true,"href":"https:\/\/www.huppy-patrimoine.fr\/index.php\/wp-json\/wp\/v2\/comments?post=3120"}],"version-history":[{"count":16,"href":"https:\/\/www.huppy-patrimoine.fr\/index.php\/wp-json\/wp\/v2\/pages\/3120\/revisions"}],"predecessor-version":[{"id":3185,"href":"https:\/\/www.huppy-patrimoine.fr\/index.php\/wp-json\/wp\/v2\/pages\/3120\/revisions\/3185"}],"wp:attachment":[{"href":"https:\/\/www.huppy-patrimoine.fr\/index.php\/wp-json\/wp\/v2\/media?parent=3120"}],"wp:term":[{"taxonomy":"category","embeddable":true,"href":"https:\/\/www.huppy-patrimoine.fr\/index.php\/wp-json\/wp\/v2\/categories?post=3120"},{"taxonomy":"post_tag","embeddable":true,"href":"https:\/\/www.huppy-patrimoine.fr\/index.php\/wp-json\/wp\/v2\/tags?post=3120"}],"curies":[{"name":"wp","href":"https:\/\/api.w.org\/{rel}","templated":true}]}}