
{"id":4287,"date":"2021-09-29T13:16:21","date_gmt":"2021-09-29T11:16:21","guid":{"rendered":"https:\/\/www.huppy-patrimoine.fr\/?page_id=4287"},"modified":"2021-10-17T19:25:22","modified_gmt":"2021-10-17T17:25:22","slug":"journees-europeennes-du-patrimoine-2021","status":"publish","type":"page","link":"https:\/\/www.huppy-patrimoine.fr\/index.php\/journees-europeennes-du-patrimoine-2021\/","title":{"rendered":"Journ\u00e9es Europ\u00e9ennes du Patrimoine 2021"},"content":{"rendered":"<p><span style=\"font-family: 'times new roman', times, serif; font-size: 14pt;\">Nos vid\u00e9os des expositions du 18 et 19 septembre 2021<\/span><\/p>\n<p><span style=\"font-family: 'times new roman', times, serif;\"><span style=\"font-size: 14pt;\">Dessins de Jean SGARD<\/span>.<\/span><\/p>\n<p><span style=\"font-family: 'times new roman', times, serif; font-size: 14pt;\">Dans cette vid\u00e9o sont pr\u00e9sent\u00e9es toutes les pages de l&rsquo;album des gravures au burin de Jean SGARD.<\/span><\/p>\n<p style=\"text-align: center;\"><span style=\"font-family: 'times new roman', times, serif; font-size: 14pt;\"><em><strong>\u00ab\u00a0Le vieux Abbeville d&rsquo;avant mai 1940\u00a0\u00bb<\/strong><\/em><\/span><\/p>\n<p><iframe loading=\"lazy\" title=\"ABBEVILLE Jean SGARD 1\" width=\"783\" height=\"440\" src=\"https:\/\/www.youtube.com\/embed\/m01TLexqmpM?feature=oembed\" frameborder=\"0\" allow=\"accelerometer; autoplay; clipboard-write; encrypted-media; gyroscope; picture-in-picture\" allowfullscreen><\/iframe><\/p>\n<p><span style=\"font-family: 'times new roman', times, serif; font-size: 14pt;\">Les deux premiers ouvrages de cet album\u00a0 de Jean SGARD\u00a0 furent remis \u00e0 Monsieur Vincent AURIOL et Charles De GAULLE lors de leur passage \u00e0 Abbeville.<\/span><\/p>\n<p style=\"text-align: center;\"><span style=\"font-size: 10pt;\">Cr\u00e9ation\u00a0 vid\u00e9o ASPACHuppy &#8211; Source : HB-libres<\/span><\/p>\n<p style=\"text-align: center;\"><em><strong>Quelques articles sur Jean SGARD dans la presse locale<\/strong><\/em> <a href=\"https:\/\/www.huppy-patrimoine.fr\/wp-content\/uploads\/2021\/09\/sgard-courrier.pdf\"><img loading=\"lazy\" decoding=\"async\" class=\"aligncenter wp-image-4310 size-large\" src=\"https:\/\/www.huppy-patrimoine.fr\/wp-content\/uploads\/2021\/09\/Croix-023-2-1024x345.jpg\" alt=\"\" width=\"783\" height=\"264\" srcset=\"https:\/\/www.huppy-patrimoine.fr\/wp-content\/uploads\/2021\/09\/Croix-023-2-1024x345.jpg 1024w, https:\/\/www.huppy-patrimoine.fr\/wp-content\/uploads\/2021\/09\/Croix-023-2-300x101.jpg 300w, https:\/\/www.huppy-patrimoine.fr\/wp-content\/uploads\/2021\/09\/Croix-023-2-768x259.jpg 768w, https:\/\/www.huppy-patrimoine.fr\/wp-content\/uploads\/2021\/09\/Croix-023-2-1536x517.jpg 1536w, https:\/\/www.huppy-patrimoine.fr\/wp-content\/uploads\/2021\/09\/Croix-023-2.jpg 1728w\" sizes=\"auto, (max-width: 783px) 100vw, 783px\" \/><\/a><\/p>\n<p style=\"text-align: center;\"><span style=\"font-size: 10pt;\">Cr\u00e9ation ASPACHuppy &#8211; Source : HB-libres<\/span><\/p>\n<p style=\"text-align: center;\"><span style=\"font-family: 'times new roman', times, serif; font-size: 14pt; color: #000000;\"><strong>Les diff\u00e9rentes vid\u00e9os de l&rsquo;exposition<\/strong>\u00a0<\/span><\/p>\n<p><iframe loading=\"lazy\" title=\"Auto portrait\" width=\"783\" height=\"440\" src=\"https:\/\/www.youtube.com\/embed\/kquwNCTOSKU?feature=oembed\" frameborder=\"0\" allow=\"accelerometer; autoplay; clipboard-write; encrypted-media; gyroscope; picture-in-picture\" allowfullscreen><\/iframe><\/p>\n<p style=\"text-align: center;\"><span style=\"font-size: 10pt;\">Cr\u00e9ation vid\u00e9o ASPACHuppy &#8211; Source : HB-libres<\/span><\/p>\n<p><iframe loading=\"lazy\" title=\"Les tableaux\" width=\"783\" height=\"440\" src=\"https:\/\/www.youtube.com\/embed\/r5-4sOW6hZc?feature=oembed\" frameborder=\"0\" allow=\"accelerometer; autoplay; clipboard-write; encrypted-media; gyroscope; picture-in-picture\" allowfullscreen><\/iframe><\/p>\n<p style=\"text-align: center;\"><span style=\"font-size: 10pt;\">Cr\u00e9ation vid\u00e9o ASPACHuppy &#8211; Source : HB-libres<\/span><\/p>\n<p><iframe loading=\"lazy\" title=\"Les aquarelles\" width=\"783\" height=\"440\" src=\"https:\/\/www.youtube.com\/embed\/WDBNIbtr1sQ?feature=oembed\" frameborder=\"0\" allow=\"accelerometer; autoplay; clipboard-write; encrypted-media; gyroscope; picture-in-picture\" allowfullscreen><\/iframe><\/p>\n<p style=\"text-align: center;\"><span style=\"font-size: 10pt;\">Cr\u00e9ation vid\u00e9o ASPACHuppy &#8211; Source : HB-libres<\/span><\/p>\n<p><iframe loading=\"lazy\" title=\"Gravures au burin  et pierre\" width=\"783\" height=\"440\" src=\"https:\/\/www.youtube.com\/embed\/9wXzlOvLiyI?feature=oembed\" frameborder=\"0\" allow=\"accelerometer; autoplay; clipboard-write; encrypted-media; gyroscope; picture-in-picture\" allowfullscreen><\/iframe><\/p>\n<p style=\"text-align: center;\"><span style=\"font-size: 10pt;\">Cr\u00e9ation vid\u00e9o ASPACHuppy &#8211; Source : HB-libres<\/span><\/p>\n<p><iframe loading=\"lazy\" title=\"Le f\u00e9rroviaire\" width=\"783\" height=\"440\" src=\"https:\/\/www.youtube.com\/embed\/xCSC0Wp2gk0?feature=oembed\" frameborder=\"0\" allow=\"accelerometer; autoplay; clipboard-write; encrypted-media; gyroscope; picture-in-picture\" allowfullscreen><\/iframe><\/p>\n<p style=\"text-align: center;\"><span style=\"font-size: 10pt;\">Cr\u00e9ation vid\u00e9o ASPACHuppy &#8211; Source : HB-libres<\/span><\/p>\n<p><iframe loading=\"lazy\" title=\"Dessins de Claude Piette\" width=\"783\" height=\"440\" src=\"https:\/\/www.youtube.com\/embed\/eMj5FvidPnc?feature=oembed\" frameborder=\"0\" allow=\"accelerometer; autoplay; clipboard-write; encrypted-media; gyroscope; picture-in-picture\" allowfullscreen><\/iframe><\/p>\n<p style=\"text-align: center;\"><span style=\"font-size: 10pt;\">Cr\u00e9ation vid\u00e9o ASPACHuppy &#8211; Source :\u00a0 ASPACHuppy\u00a0 \u00a0 \u00a0 \u00a0 \u00a0\u00a0<\/span><\/p>\n<p>&nbsp;<\/p>\n","protected":false},"excerpt":{"rendered":"<p>Nos vid\u00e9os des expositions du 18 et 19 septembre 2021 Dessins de Jean SGARD. Dans cette vid\u00e9o sont pr\u00e9sent\u00e9es toutes les pages de l&rsquo;album des<\/p>\n","protected":false},"author":2,"featured_media":0,"parent":0,"menu_order":0,"comment_status":"closed","ping_status":"closed","template":"","meta":{"footnotes":""},"categories":[],"tags":[],"class_list":["post-4287","page","type-page","status-publish","hentry"],"_links":{"self":[{"href":"https:\/\/www.huppy-patrimoine.fr\/index.php\/wp-json\/wp\/v2\/pages\/4287","targetHints":{"allow":["GET"]}}],"collection":[{"href":"https:\/\/www.huppy-patrimoine.fr\/index.php\/wp-json\/wp\/v2\/pages"}],"about":[{"href":"https:\/\/www.huppy-patrimoine.fr\/index.php\/wp-json\/wp\/v2\/types\/page"}],"author":[{"embeddable":true,"href":"https:\/\/www.huppy-patrimoine.fr\/index.php\/wp-json\/wp\/v2\/users\/2"}],"replies":[{"embeddable":true,"href":"https:\/\/www.huppy-patrimoine.fr\/index.php\/wp-json\/wp\/v2\/comments?post=4287"}],"version-history":[{"count":37,"href":"https:\/\/www.huppy-patrimoine.fr\/index.php\/wp-json\/wp\/v2\/pages\/4287\/revisions"}],"predecessor-version":[{"id":4335,"href":"https:\/\/www.huppy-patrimoine.fr\/index.php\/wp-json\/wp\/v2\/pages\/4287\/revisions\/4335"}],"wp:attachment":[{"href":"https:\/\/www.huppy-patrimoine.fr\/index.php\/wp-json\/wp\/v2\/media?parent=4287"}],"wp:term":[{"taxonomy":"category","embeddable":true,"href":"https:\/\/www.huppy-patrimoine.fr\/index.php\/wp-json\/wp\/v2\/categories?post=4287"},{"taxonomy":"post_tag","embeddable":true,"href":"https:\/\/www.huppy-patrimoine.fr\/index.php\/wp-json\/wp\/v2\/tags?post=4287"}],"curies":[{"name":"wp","href":"https:\/\/api.w.org\/{rel}","templated":true}]}}