
{"id":4338,"date":"2021-10-29T10:19:06","date_gmt":"2021-10-29T08:19:06","guid":{"rendered":"https:\/\/www.huppy-patrimoine.fr\/?page_id=4338"},"modified":"2022-03-16T18:12:10","modified_gmt":"2022-03-16T17:12:10","slug":"lucien-caron","status":"publish","type":"page","link":"https:\/\/www.huppy-patrimoine.fr\/index.php\/lucien-caron\/","title":{"rendered":"Lucien CARON"},"content":{"rendered":"<p style=\"text-align: center;\"><strong><span style=\"font-family: 'times new roman', times, serif; font-size: 14pt; color: #000000;\">Du 5 au 13 mars 2022, l&rsquo;ASPACHuppy organise son\u00a0 centenaire <\/span><\/strong><\/p>\n<figure id=\"attachment_4347\" aria-describedby=\"caption-attachment-4347\" style=\"width: 783px\" class=\"wp-caption aligncenter\"><a href=\"https:\/\/www.huppy-patrimoine.fr\/wp-content\/uploads\/2021\/11\/lucien-caron.pdf\"><img loading=\"lazy\" decoding=\"async\" class=\"wp-image-4347 size-large\" src=\"https:\/\/www.huppy-patrimoine.fr\/wp-content\/uploads\/2021\/10\/Tournage-de-Nounours-Andre-Rooers-et-Lucien-Caron-1024x1006.jpg\" alt=\"\" width=\"783\" height=\"769\" srcset=\"https:\/\/www.huppy-patrimoine.fr\/wp-content\/uploads\/2021\/10\/Tournage-de-Nounours-Andre-Rooers-et-Lucien-Caron-1024x1006.jpg 1024w, https:\/\/www.huppy-patrimoine.fr\/wp-content\/uploads\/2021\/10\/Tournage-de-Nounours-Andre-Rooers-et-Lucien-Caron-300x295.jpg 300w, https:\/\/www.huppy-patrimoine.fr\/wp-content\/uploads\/2021\/10\/Tournage-de-Nounours-Andre-Rooers-et-Lucien-Caron-768x755.jpg 768w, https:\/\/www.huppy-patrimoine.fr\/wp-content\/uploads\/2021\/10\/Tournage-de-Nounours-Andre-Rooers-et-Lucien-Caron-1536x1510.jpg 1536w, https:\/\/www.huppy-patrimoine.fr\/wp-content\/uploads\/2021\/10\/Tournage-de-Nounours-Andre-Rooers-et-Lucien-Caron-2048x2013.jpg 2048w\" sizes=\"auto, (max-width: 783px) 100vw, 783px\" \/><\/a><figcaption id=\"caption-attachment-4347\" class=\"wp-caption-text\">Tournage de l&rsquo;\u00e9mission \u00ab\u00a0Bonne nuit les petits\u00a0\u00bb Nounours avec Lucien CARON et son demi-fr\u00e8re\u00a0 Andr\u00e9 ROGGERS qui interpr\u00e9tait le r\u00f4le de (Pimprenelle).\u00a0 Pour connaitre le parcours professionnel de Lucien CARON Clic gauche sur la photo.<\/figcaption><\/figure>\n<header><\/header>\n<header><\/header>\n<header><\/header>\n<header><\/header>\n<header><span style=\"font-size: 18pt;\"><strong><em><span style=\"font-family: 'times new roman', times, serif; color: #800000;\">\u00a0 \u00a0 \u00a0 \u00a0 \u00a0 \u00a0 \u00a0 \u00a0<\/span><\/em><\/strong><\/span><\/header>\n","protected":false},"excerpt":{"rendered":"<p>Du 5 au 13 mars 2022, l&rsquo;ASPACHuppy organise son\u00a0 centenaire \u00a0 \u00a0 \u00a0 \u00a0 \u00a0 \u00a0 \u00a0 \u00a0<\/p>\n","protected":false},"author":2,"featured_media":0,"parent":0,"menu_order":0,"comment_status":"closed","ping_status":"closed","template":"","meta":{"footnotes":""},"categories":[],"tags":[],"class_list":["post-4338","page","type-page","status-publish","hentry"],"_links":{"self":[{"href":"https:\/\/www.huppy-patrimoine.fr\/index.php\/wp-json\/wp\/v2\/pages\/4338","targetHints":{"allow":["GET"]}}],"collection":[{"href":"https:\/\/www.huppy-patrimoine.fr\/index.php\/wp-json\/wp\/v2\/pages"}],"about":[{"href":"https:\/\/www.huppy-patrimoine.fr\/index.php\/wp-json\/wp\/v2\/types\/page"}],"author":[{"embeddable":true,"href":"https:\/\/www.huppy-patrimoine.fr\/index.php\/wp-json\/wp\/v2\/users\/2"}],"replies":[{"embeddable":true,"href":"https:\/\/www.huppy-patrimoine.fr\/index.php\/wp-json\/wp\/v2\/comments?post=4338"}],"version-history":[{"count":23,"href":"https:\/\/www.huppy-patrimoine.fr\/index.php\/wp-json\/wp\/v2\/pages\/4338\/revisions"}],"predecessor-version":[{"id":4707,"href":"https:\/\/www.huppy-patrimoine.fr\/index.php\/wp-json\/wp\/v2\/pages\/4338\/revisions\/4707"}],"wp:attachment":[{"href":"https:\/\/www.huppy-patrimoine.fr\/index.php\/wp-json\/wp\/v2\/media?parent=4338"}],"wp:term":[{"taxonomy":"category","embeddable":true,"href":"https:\/\/www.huppy-patrimoine.fr\/index.php\/wp-json\/wp\/v2\/categories?post=4338"},{"taxonomy":"post_tag","embeddable":true,"href":"https:\/\/www.huppy-patrimoine.fr\/index.php\/wp-json\/wp\/v2\/tags?post=4338"}],"curies":[{"name":"wp","href":"https:\/\/api.w.org\/{rel}","templated":true}]}}