
{"id":5114,"date":"2022-04-18T14:19:12","date_gmt":"2022-04-18T12:19:12","guid":{"rendered":"https:\/\/www.huppy-patrimoine.fr\/?page_id=5114"},"modified":"2025-01-19T15:44:36","modified_gmt":"2025-01-19T14:44:36","slug":"histoire","status":"publish","type":"page","link":"https:\/\/www.huppy-patrimoine.fr\/index.php\/histoire\/","title":{"rendered":"HISTOIRE &#8211; Ev\u00e9nements de mi-juin  1940"},"content":{"rendered":"<p><span style=\"color: #800000;\"><strong><span style=\"font-family: 'times new roman', times, serif; font-size: 14pt;\">De GAULLE<\/span><\/strong><\/span><\/p>\n<table style=\"border-collapse: collapse; width: 100%;\">\n<tbody>\n<tr>\n<td style=\"width: 50%; border-style: double; border-color: #eb0500;\">\n<p><figure id=\"attachment_5121\" aria-describedby=\"caption-attachment-5121\" style=\"width: 150px\" class=\"wp-caption aligncenter\"><a href=\"https:\/\/www.huppy-patrimoine.fr\/index.php\/de-gaulle-a-huppy\/\"><img loading=\"lazy\" decoding=\"async\" class=\"wp-image-5121 size-thumbnail\" src=\"https:\/\/www.huppy-patrimoine.fr\/wp-content\/uploads\/2022\/04\/de-gaulle-expo-2-215x300-2-150x150.png\" alt=\"\" width=\"150\" height=\"150\" srcset=\"https:\/\/www.huppy-patrimoine.fr\/wp-content\/uploads\/2022\/04\/de-gaulle-expo-2-215x300-2-150x150.png 150w, https:\/\/www.huppy-patrimoine.fr\/wp-content\/uploads\/2022\/04\/de-gaulle-expo-2-215x300-2.png 170w\" sizes=\"auto, (max-width: 150px) 100vw, 150px\" \/><\/a><figcaption id=\"caption-attachment-5121\" class=\"wp-caption-text\"><span style=\"color: #800000;\"><strong><span style=\"font-family: 'times new roman', times, serif; font-size: 14pt;\">De Gaulle<\/span><\/strong><\/span><\/figcaption><\/figure><\/td>\n<td style=\"width: 50%; border-style: double; border-color: #eb0500;\">\n<p><figure id=\"attachment_2321\" aria-describedby=\"caption-attachment-2321\" style=\"width: 150px\" class=\"wp-caption aligncenter\"><a href=\"https:\/\/www.huppy-patrimoine.fr\/index.php\/ive-dcr\/\"><img loading=\"lazy\" decoding=\"async\" class=\"wp-image-2321 size-thumbnail\" src=\"https:\/\/www.huppy-patrimoine.fr\/wp-content\/uploads\/2020\/02\/charles_de_gaulle_et_albert_lebrun-150x150.jpg\" alt=\"\" width=\"150\" height=\"150\" \/><\/a><figcaption id=\"caption-attachment-2321\" class=\"wp-caption-text\"><span style=\"color: #800000;\"><strong><span style=\"font-family: 'times new roman', times, serif; font-size: 14pt;\">Les bataillons de la IVe DCR<\/span><\/strong><\/span><\/figcaption><\/figure><\/td>\n<\/tr>\n<\/tbody>\n<\/table>\n<p>&nbsp;<\/p>\n<table style=\"border-collapse: collapse; width: 100%;\">\n<tbody>\n<tr>\n<td style=\"width: 50%; border-color: #eb0500; border-style: double;\">\n<p><figure id=\"attachment_6272\" aria-describedby=\"caption-attachment-6272\" style=\"width: 150px\" class=\"wp-caption aligncenter\"><a href=\"https:\/\/www.huppy-patrimoine.fr\/index.php\/general-raymond-chomel\/\"><img loading=\"lazy\" decoding=\"async\" class=\"wp-image-6272 size-thumbnail\" src=\"https:\/\/www.huppy-patrimoine.fr\/wp-content\/uploads\/2022\/05\/aspach014-3-150x150.jpg\" alt=\"\" width=\"150\" height=\"150\" srcset=\"https:\/\/www.huppy-patrimoine.fr\/wp-content\/uploads\/2022\/05\/aspach014-3-150x150.jpg 150w, https:\/\/www.huppy-patrimoine.fr\/wp-content\/uploads\/2022\/05\/aspach014-3-300x300.jpg 300w, https:\/\/www.huppy-patrimoine.fr\/wp-content\/uploads\/2022\/05\/aspach014-3-1024x1024.jpg 1024w, https:\/\/www.huppy-patrimoine.fr\/wp-content\/uploads\/2022\/05\/aspach014-3-768x768.jpg 768w, https:\/\/www.huppy-patrimoine.fr\/wp-content\/uploads\/2022\/05\/aspach014-3-1536x1536.jpg 1536w, https:\/\/www.huppy-patrimoine.fr\/wp-content\/uploads\/2022\/05\/aspach014-3.jpg 1640w\" sizes=\"auto, (max-width: 150px) 100vw, 150px\" \/><\/a><figcaption id=\"caption-attachment-6272\" class=\"wp-caption-text\"><span style=\"color: #800000;\"><strong><span style=\"font-family: 'times new roman', times, serif; font-size: 14pt;\">Le g\u00e9n\u00e9ral Raymond\u00a0 CHOMEL<\/span><\/strong><\/span><\/figcaption><\/figure><\/td>\n<td style=\"width: 50%; border-color: #eb0500; border-style: double;\">\n<p><figure id=\"attachment_5760\" aria-describedby=\"caption-attachment-5760\" style=\"width: 150px\" class=\"wp-caption aligncenter\"><a href=\"https:\/\/enseignants.lumni.fr\/fiche-media\/00000000275\/l-appel-du-22-juin-1940.html\"><img loading=\"lazy\" decoding=\"async\" class=\"wp-image-5760 size-thumbnail\" src=\"https:\/\/www.huppy-patrimoine.fr\/wp-content\/uploads\/2022\/04\/2000004801410-150x150.webp\" alt=\"\" width=\"150\" height=\"150\" \/><\/a><figcaption id=\"caption-attachment-5760\" class=\"wp-caption-text\"><span style=\"color: #800000;\"><strong><span style=\"font-family: 'times new roman', times, serif; font-size: 14pt;\">Audio\u00a0 \u00a0 \u00a0 \u00a0 \u00a0L&rsquo;appel du 22 juin 1940<\/span><\/strong><\/span><\/figcaption><\/figure><\/td>\n<\/tr>\n<\/tbody>\n<\/table>\n<p>&nbsp;<\/p>\n<p><span style=\"color: #800000;\"><strong><span style=\"font-family: 'times new roman', times, serif; font-size: 14pt;\">R\u00e9cits des \u00e9v\u00e9nements de mai juin 1940<\/span><\/strong><\/span><\/p>\n<table style=\"width: 100%; border-collapse: collapse; border-color: #eb0500; border-style: double;\">\n<tbody>\n<tr>\n<td style=\"width: 50%;\">\n<p><figure id=\"attachment_8277\" aria-describedby=\"caption-attachment-8277\" style=\"width: 150px\" class=\"wp-caption aligncenter\"><a href=\"https:\/\/www.huppy-patrimoine.fr\/index.php\/aubry-de-maraumont-le-char-jeanne-darc-28-mai-1940\/\"><img loading=\"lazy\" decoding=\"async\" class=\"wp-image-8277 size-thumbnail\" src=\"https:\/\/www.huppy-patrimoine.fr\/wp-content\/uploads\/2025\/01\/Aubry-de-maraumont-30-mai-1940-150x150.jpg\" alt=\"\" width=\"150\" height=\"150\" \/><\/a><figcaption id=\"caption-attachment-8277\" class=\"wp-caption-text\"><span style=\"color: #800000;\"><strong><span style=\"font-family: 'times new roman', times, serif; font-size: 14pt;\">Aspirant Aubry de Maraumont-Char Jeanne d&rsquo;Arc<\/span><\/strong><\/span><\/figcaption><\/figure><\/td>\n<td style=\"width: 50%; border-color: #eb0500; border-style: double;\">\n<p><figure id=\"attachment_6137\" aria-describedby=\"caption-attachment-6137\" style=\"width: 150px\" class=\"wp-caption aligncenter\"><a href=\"https:\/\/www.huppy-patrimoine.fr\/index.php\/courcel\/\"><img loading=\"lazy\" decoding=\"async\" class=\"wp-image-6137 size-thumbnail\" src=\"https:\/\/www.huppy-patrimoine.fr\/wp-content\/uploads\/2022\/05\/Capture-3-150x150.png\" alt=\"\" width=\"150\" height=\"150\" \/><\/a><figcaption id=\"caption-attachment-6137\" class=\"wp-caption-text\"><span style=\"font-size: 14pt; color: #800000;\"><strong><span style=\"font-family: 'times new roman', times, serif;\">Geoffroy De Courcel. Les heures d\u00e9cisives\u00a0<\/span><\/strong><\/span><\/figcaption><\/figure><\/td>\n<\/tr>\n<\/tbody>\n<\/table>\n<p>&nbsp;<\/p>\n<table style=\"border-collapse: collapse; width: 100%;\">\n<tbody>\n<tr>\n<td style=\"width: 50%; border-style: double; border-color: #eb0500;\">\n<p><figure id=\"attachment_6320\" aria-describedby=\"caption-attachment-6320\" style=\"width: 150px\" class=\"wp-caption aligncenter\"><a href=\"https:\/\/www.huppy-patrimoine.fr\/index.php\/commandant-kressmmann\/\"><img loading=\"lazy\" decoding=\"async\" class=\"wp-image-6320 size-thumbnail\" src=\"https:\/\/www.huppy-patrimoine.fr\/wp-content\/uploads\/2022\/05\/LORTF-avec-le-Commandant-KRESSMANN-150x150.jpg\" alt=\"\" width=\"150\" height=\"150\" \/><\/a><figcaption id=\"caption-attachment-6320\" class=\"wp-caption-text\"><span style=\"color: #800000;\"><strong><span style=\"font-family: 'times new roman', times, serif; font-size: 14pt;\">Le commandant Kressmmann relate mai 1940<\/span><\/strong><\/span><\/figcaption><\/figure><\/td>\n<td style=\"width: 50%; border-style: double; border-color: #eb0500;\">\n<p><figure id=\"attachment_6520\" aria-describedby=\"caption-attachment-6520\" style=\"width: 150px\" class=\"wp-caption aligncenter\"><a href=\"https:\/\/www.huppy-patrimoine.fr\/index.php\/jean-bernard\/\"><img loading=\"lazy\" decoding=\"async\" class=\"wp-image-6520 size-thumbnail\" src=\"https:\/\/www.huppy-patrimoine.fr\/wp-content\/uploads\/2022\/05\/DOSSIER-PIETTE-SEPTEMBRE-20150025-2-150x150.jpg\" alt=\"\" width=\"150\" height=\"150\" \/><\/a><figcaption id=\"caption-attachment-6520\" class=\"wp-caption-text\"><span style=\"color: #800000; font-family: 'times new roman', times, serif; font-size: 14pt;\"><strong>R\u00e9cit de Jean Bernard<\/strong><\/span><\/figcaption><\/figure><\/td>\n<\/tr>\n<\/tbody>\n<\/table>\n<p>&nbsp;<\/p>\n<table style=\"border-collapse: collapse; width: 100%;\">\n<tbody>\n<tr>\n<td style=\"width: 50%; border-style: double; border-color: #eb0500;\">\n<p><figure id=\"attachment_1401\" aria-describedby=\"caption-attachment-1401\" style=\"width: 150px\" class=\"wp-caption aligncenter\"><a href=\"https:\/\/www.huppy-patrimoine.fr\/index.php\/trois-huppinoises-racontent\/\"><img loading=\"lazy\" decoding=\"async\" class=\"wp-image-1401 size-thumbnail\" src=\"https:\/\/www.huppy-patrimoine.fr\/wp-content\/uploads\/2019\/05\/large_000000-1-150x150.jpg\" alt=\"\" width=\"150\" height=\"150\" \/><\/a><figcaption id=\"caption-attachment-1401\" class=\"wp-caption-text\"><span style=\"color: #800000;\"><strong><span style=\"font-family: 'times new roman', times, serif; font-size: 14pt;\">\u00a0Trois huppinoises racontent les \u00e9v\u00e9nements de mai 1940.<\/span><\/strong><\/span><\/figcaption><\/figure><\/td>\n<td style=\"width: 50%; border-color: #eb0500; border-style: double;\">\n<p><figure id=\"attachment_6000\" aria-describedby=\"caption-attachment-6000\" style=\"width: 150px\" class=\"wp-caption aligncenter\"><a href=\"https:\/\/www.huppy-patrimoine.fr\/index.php\/recit-de-maurice-thiebault-28-mai-1940\/\"><img loading=\"lazy\" decoding=\"async\" class=\"wp-image-6000 size-thumbnail\" src=\"https:\/\/www.huppy-patrimoine.fr\/wp-content\/uploads\/2022\/05\/2011-07-03_33-2-150x150.jpg\" alt=\"\" width=\"150\" height=\"150\" \/><\/a><figcaption id=\"caption-attachment-6000\" class=\"wp-caption-text\"><span style=\"color: #800000;\"><strong><span style=\"font-family: 'times new roman', times, serif; font-size: 14pt;\"> Maurice Thi\u00e9bault raconte le 28 mai 1940<\/span><\/strong><\/span><\/figcaption><\/figure><\/td>\n<\/tr>\n<\/tbody>\n<\/table>\n<p>&nbsp;<\/p>\n<table style=\"border-collapse: collapse; width: 100%;\">\n<tbody>\n<tr>\n<td style=\"width: 50%; border-style: double; border-color: #eb0500;\">\n<p><figure id=\"attachment_8358\" aria-describedby=\"caption-attachment-8358\" style=\"width: 150px\" class=\"wp-caption aligncenter\"><a href=\"https:\/\/www.huppy-patrimoine.fr\/index.php\/5e-cycliste\/\"><img loading=\"lazy\" decoding=\"async\" class=\"wp-image-8358 size-thumbnail\" src=\"https:\/\/www.huppy-patrimoine.fr\/wp-content\/uploads\/2025\/01\/Capture-1-150x150.png\" alt=\"\" width=\"150\" height=\"150\" srcset=\"https:\/\/www.huppy-patrimoine.fr\/wp-content\/uploads\/2025\/01\/Capture-1-150x150.png 150w, https:\/\/www.huppy-patrimoine.fr\/wp-content\/uploads\/2025\/01\/Capture-1-280x280.png 280w\" sizes=\"auto, (max-width: 150px) 100vw, 150px\" \/><\/a><figcaption id=\"caption-attachment-8358\" class=\"wp-caption-text\"><span style=\"color: #800000;\"><strong><span style=\"font-family: 'times new roman', times, serif; font-size: 14pt;\">La 5e compagnie cycliste Belge le 19 mai 1940<\/span><\/strong><\/span><\/figcaption><\/figure><\/td>\n<td style=\"width: 50%; border-color: #eb0500; border-style: double;\">\n<p><figure id=\"attachment_8392\" aria-describedby=\"caption-attachment-8392\" style=\"width: 150px\" class=\"wp-caption aligncenter\"><a href=\"https:\/\/www.huppy-patrimoine.fr\/index.php\/raymond-petit-raconte-le-20-mai-1940-a-abbeville\/\"><img loading=\"lazy\" decoding=\"async\" class=\"wp-image-8392 size-thumbnail\" src=\"https:\/\/www.huppy-patrimoine.fr\/wp-content\/uploads\/2025\/01\/rue-abbeville-150x150.jpg\" alt=\"\" width=\"150\" height=\"150\" \/><\/a><figcaption id=\"caption-attachment-8392\" class=\"wp-caption-text\"><span style=\"color: #800000;\"><strong><span style=\"font-family: 'times new roman', times, serif; font-size: 14pt;\">Raymond Petit raconte le 20 mai 1940<\/span><\/strong><\/span><\/figcaption><\/figure><\/td>\n<\/tr>\n<\/tbody>\n<\/table>\n<p>&nbsp;<\/p>\n<table style=\"border-collapse: collapse; width: 100%;\">\n<tbody>\n<tr>\n<td style=\"width: 50%; border-style: double; border-color: #eb0500;\">\n<p><figure id=\"attachment_6944\" aria-describedby=\"caption-attachment-6944\" style=\"width: 150px\" class=\"wp-caption aligncenter\"><a href=\"https:\/\/www.huppy-patrimoine.fr\/wp-content\/uploads\/2022\/10\/courrier-degois.pdf\"><img loading=\"lazy\" decoding=\"async\" class=\"wp-image-6944 size-thumbnail\" src=\"https:\/\/www.huppy-patrimoine.fr\/wp-content\/uploads\/2022\/10\/courrier-aime-degois-1995006-3-150x150.jpg\" alt=\"\" width=\"150\" height=\"150\" srcset=\"https:\/\/www.huppy-patrimoine.fr\/wp-content\/uploads\/2022\/10\/courrier-aime-degois-1995006-3-150x150.jpg 150w, https:\/\/www.huppy-patrimoine.fr\/wp-content\/uploads\/2022\/10\/courrier-aime-degois-1995006-3.jpg 257w\" sizes=\"auto, (max-width: 150px) 100vw, 150px\" \/><\/a><figcaption id=\"caption-attachment-6944\" class=\"wp-caption-text\"><strong><span style=\"font-family: 'times new roman', times, serif; font-size: 14pt; color: #800000;\">Lieutenant Henri BRIOT<\/span><\/strong><\/figcaption><\/figure><\/td>\n<td style=\"width: 50%; border-style: double; border-color: #eb0500;\">\n<p><figure id=\"attachment_6525\" aria-describedby=\"caption-attachment-6525\" style=\"width: 150px\" class=\"wp-caption aligncenter\"><a href=\"https:\/\/www.huppy-patrimoine.fr\/index.php\/lieutenant-colonel-donne\/\"><img loading=\"lazy\" decoding=\"async\" class=\"wp-image-6525 size-thumbnail\" src=\"https:\/\/www.huppy-patrimoine.fr\/wp-content\/uploads\/2022\/05\/DOSSIER-PIETTE-SEPTEMBRE-20150022-3-150x150.jpg\" alt=\"\" width=\"150\" height=\"150\" \/><\/a><figcaption id=\"caption-attachment-6525\" class=\"wp-caption-text\"><span style=\"color: #800000;\"><strong><span style=\"font-family: 'times new roman', times, serif; font-size: 14pt;\">T\u00e9moignage du lieutenant colonel Donne<\/span><\/strong><\/span><\/figcaption><\/figure><\/td>\n<\/tr>\n<\/tbody>\n<\/table>\n<p>&nbsp;<\/p>\n<table style=\"border-collapse: collapse; width: 100%;\">\n<tbody>\n<tr>\n<td style=\"width: 50%; border-style: double; border-color: #eb0500;\">\n<p><figure id=\"attachment_6956\" aria-describedby=\"caption-attachment-6956\" style=\"width: 150px\" class=\"wp-caption aligncenter\"><a href=\"https:\/\/www.huppy-patrimoine.fr\/wp-content\/uploads\/2022\/10\/kiosque-2-scaled.jpg\"><img loading=\"lazy\" decoding=\"async\" class=\"wp-image-6956 size-thumbnail\" src=\"https:\/\/www.huppy-patrimoine.fr\/wp-content\/uploads\/2022\/10\/kiosque-abbeville-150x150.jpg\" alt=\"\" width=\"150\" height=\"150\" srcset=\"https:\/\/www.huppy-patrimoine.fr\/wp-content\/uploads\/2022\/10\/kiosque-abbeville-150x150.jpg 150w, https:\/\/www.huppy-patrimoine.fr\/wp-content\/uploads\/2022\/10\/kiosque-abbeville-300x300.jpg 300w, https:\/\/www.huppy-patrimoine.fr\/wp-content\/uploads\/2022\/10\/kiosque-abbeville-1024x1024.jpg 1024w, https:\/\/www.huppy-patrimoine.fr\/wp-content\/uploads\/2022\/10\/kiosque-abbeville-768x768.jpg 768w, https:\/\/www.huppy-patrimoine.fr\/wp-content\/uploads\/2022\/10\/kiosque-abbeville-1536x1536.jpg 1536w, https:\/\/www.huppy-patrimoine.fr\/wp-content\/uploads\/2022\/10\/kiosque-abbeville.jpg 1820w\" sizes=\"auto, (max-width: 150px) 100vw, 150px\" \/><\/a><figcaption id=\"caption-attachment-6956\" class=\"wp-caption-text\"><span style=\"color: #800000;\"><strong><span style=\"font-family: 'times new roman', times, serif; font-size: 14pt;\">Kiosque d&rsquo;Abbeville 19 mai 1940<\/span><\/strong><\/span><\/figcaption><\/figure><\/td>\n<td style=\"width: 50%; border-style: double; border-color: #eb0500;\">\n<p><figure id=\"attachment_6269\" aria-describedby=\"caption-attachment-6269\" style=\"width: 150px\" class=\"wp-caption aligncenter\"><a href=\"https:\/\/www.huppy-patrimoine.fr\/wp-content\/uploads\/2022\/05\/chateaurieux.pdf\"><img loading=\"lazy\" decoding=\"async\" class=\"wp-image-6269 size-thumbnail\" src=\"https:\/\/www.huppy-patrimoine.fr\/wp-content\/uploads\/2022\/05\/Capture-3-1-150x150.png\" alt=\"\" width=\"150\" height=\"150\" \/><\/a><figcaption id=\"caption-attachment-6269\" class=\"wp-caption-text\"><span style=\"font-size: 14pt; color: #800000;\"><strong><span style=\"font-family: 'times new roman', times, serif;\">R\u00e9cit du R-P De Ch\u00e2teauvieux\u00a015e RIA<\/span><\/strong><\/span><\/figcaption><\/figure><\/td>\n<\/tr>\n<\/tbody>\n<\/table>\n<p>&nbsp;<\/p>\n<p><span style=\"color: #800000;\"><strong><span style=\"font-family: 'times new roman', times, serif; font-size: 14pt;\">R\u00e9cit : Des \u00e9v\u00e9nements de mai 1940 \u00e0 l&rsquo;armistice jusqu&rsquo;\u00e0 la capitulation de l&rsquo;Allemagne le 8 mai 1945<\/span><\/strong><\/span><\/p>\n<table style=\"border-collapse: collapse; width: 100%;\">\n<tbody>\n<tr>\n<td style=\"width: 50%; border-style: double; border-color: #eb0500;\">\n<p><figure id=\"attachment_6679\" aria-describedby=\"caption-attachment-6679\" style=\"width: 150px\" class=\"wp-caption aligncenter\"><a href=\"https:\/\/www.huppy-patrimoine.fr\/wp-content\/uploads\/2022\/07\/De-Colnet-Yves-PETIT.pdf\"><img loading=\"lazy\" decoding=\"async\" class=\"wp-image-6679 size-thumbnail\" src=\"https:\/\/www.huppy-patrimoine.fr\/wp-content\/uploads\/2022\/07\/de-colnet-Yves-petit-2-150x150.png\" alt=\"\" width=\"150\" height=\"150\" srcset=\"https:\/\/www.huppy-patrimoine.fr\/wp-content\/uploads\/2022\/07\/de-colnet-Yves-petit-2-150x150.png 150w, https:\/\/www.huppy-patrimoine.fr\/wp-content\/uploads\/2022\/07\/de-colnet-Yves-petit-2.png 171w\" sizes=\"auto, (max-width: 150px) 100vw, 150px\" \/><\/a><figcaption id=\"caption-attachment-6679\" class=\"wp-caption-text\"><span style=\"color: #800000;\"><strong><span style=\"font-family: 'times new roman', times, serif; font-size: 14pt;\">Yves Petit d\u00e9port\u00e9 en camps de concentration<\/span><\/strong><\/span><\/figcaption><\/figure><\/td>\n<td style=\"width: 50%; border-style: double; border-color: #eb0500;\">\n<p><figure id=\"attachment_6961\" aria-describedby=\"caption-attachment-6961\" style=\"width: 150px\" class=\"wp-caption aligncenter\"><a href=\"https:\/\/www.huppy-patrimoine.fr\/wp-content\/uploads\/2022\/10\/soyer.pdf\"><img loading=\"lazy\" decoding=\"async\" class=\"wp-image-6961\" src=\"https:\/\/www.huppy-patrimoine.fr\/wp-content\/uploads\/2022\/10\/jeanne-Soyer-283x300.jpg\" alt=\"\" width=\"150\" height=\"159\" srcset=\"https:\/\/www.huppy-patrimoine.fr\/wp-content\/uploads\/2022\/10\/jeanne-Soyer-283x300.jpg 283w, https:\/\/www.huppy-patrimoine.fr\/wp-content\/uploads\/2022\/10\/jeanne-Soyer.jpg 400w\" sizes=\"auto, (max-width: 150px) 100vw, 150px\" \/><\/a><figcaption id=\"caption-attachment-6961\" class=\"wp-caption-text\"><strong><span style=\"font-family: 'times new roman', times, serif; font-size: 14pt; color: #800000;\">Une r\u00e9sistante \u00e0 Huppy pendant l&rsquo;occupation<\/span><\/strong><\/figcaption><\/figure><\/td>\n<\/tr>\n<\/tbody>\n<\/table>\n<p>&nbsp;<\/p>\n<p><span style=\"color: #800000;\"><strong><span style=\"font-family: 'times new roman', times, serif; font-size: 14pt;\">Nos c\u00e9r\u00e9monies<\/span><\/strong><\/span><\/p>\n<table style=\"border-collapse: collapse; width: 100%;\">\n<tbody>\n<tr>\n<td style=\"width: 50%; border-style: double; border-color: #eb0500;\">\n<p><figure id=\"attachment_2840\" aria-describedby=\"caption-attachment-2840\" style=\"width: 150px\" class=\"wp-caption aligncenter\"><a href=\"https:\/\/www.huppy-patrimoine.fr\/index.php\/les-ceremonies\/\"><img loading=\"lazy\" decoding=\"async\" class=\"wp-image-2840 size-thumbnail\" src=\"https:\/\/www.huppy-patrimoine.fr\/wp-content\/uploads\/2020\/06\/IMG_6397-150x150.jpg\" alt=\"\" width=\"150\" height=\"150\" \/><\/a><figcaption id=\"caption-attachment-2840\" class=\"wp-caption-text\"><span style=\"color: #800000;\"><strong><span style=\"font-family: 'times new roman', times, serif; font-size: 14pt;\">Nos c\u00e9r\u00e9monies\u00a0<\/span><\/strong><\/span><\/figcaption><\/figure><\/td>\n<td style=\"width: 50%; border-style: double; border-color: #eb0500;\">\n<p><figure id=\"attachment_5456\" aria-describedby=\"caption-attachment-5456\" style=\"width: 150px\" class=\"wp-caption aligncenter\"><a href=\"https:\/\/www.huppy-patrimoine.fr\/index.php\/la-croix-de-lorraine\/\"><img loading=\"lazy\" decoding=\"async\" class=\"wp-image-5456 size-thumbnail\" src=\"https:\/\/www.huppy-patrimoine.fr\/wp-content\/uploads\/2022\/04\/IMGP3963-680x1024-2-150x150.jpg\" alt=\"\" width=\"150\" height=\"150\" srcset=\"https:\/\/www.huppy-patrimoine.fr\/wp-content\/uploads\/2022\/04\/IMGP3963-680x1024-2-150x150.jpg 150w, https:\/\/www.huppy-patrimoine.fr\/wp-content\/uploads\/2022\/04\/IMGP3963-680x1024-2-300x300.jpg 300w, https:\/\/www.huppy-patrimoine.fr\/wp-content\/uploads\/2022\/04\/IMGP3963-680x1024-2.jpg 680w\" sizes=\"auto, (max-width: 150px) 100vw, 150px\" \/><\/a><figcaption id=\"caption-attachment-5456\" class=\"wp-caption-text\"><span style=\"font-size: 14pt; color: #800000;\"><strong><span style=\"font-family: 'times new roman', times, serif;\">La croix de Lorraine<\/span><\/strong><\/span><\/figcaption><\/figure><\/td>\n<\/tr>\n<\/tbody>\n<\/table>\n<p>&nbsp;<\/p>\n<p><span style=\"color: #800000;\"><strong><span style=\"font-family: 'times new roman', times, serif; font-size: 14pt;\">Autres<\/span><\/strong><\/span><\/p>\n<table style=\"border-collapse: collapse; width: 100%;\">\n<tbody>\n<tr>\n<td style=\"width: 50%; border-style: double; border-color: #eb0500;\">\n<p><figure id=\"attachment_2370\" aria-describedby=\"caption-attachment-2370\" style=\"width: 150px\" class=\"wp-caption aligncenter\"><a href=\"https:\/\/www.huppy-patrimoine.fr\/index.php\/agenda-du-jeune-francais-1940\/\"><img loading=\"lazy\" decoding=\"async\" class=\"wp-image-2370 size-thumbnail\" src=\"https:\/\/www.huppy-patrimoine.fr\/wp-content\/uploads\/2020\/02\/contexte-150x150.png\" alt=\"\" width=\"150\" height=\"150\" \/><\/a><figcaption id=\"caption-attachment-2370\" class=\"wp-caption-text\"><span style=\"font-size: 14pt; color: #800000;\"><strong><span style=\"font-family: 'times new roman', times, serif;\">L&rsquo;agenda du jeune fran\u00e7ais<\/span><\/strong><\/span><\/figcaption><\/figure><\/td>\n<td style=\"width: 50%; border-style: double; border-color: #eb0500;\">\n<p><figure id=\"attachment_1874\" aria-describedby=\"caption-attachment-1874\" style=\"width: 150px\" class=\"wp-caption aligncenter\"><a href=\"https:\/\/www.huppy-patrimoine.fr\/index.php\/huppy-commemoration-30-et-31-mai-2020\/\"><img loading=\"lazy\" decoding=\"async\" class=\"wp-image-1874 size-thumbnail\" src=\"https:\/\/www.huppy-patrimoine.fr\/wp-content\/uploads\/2019\/09\/IMGP3380-2-150x150.jpg\" alt=\"\" width=\"150\" height=\"150\" \/><\/a><figcaption id=\"caption-attachment-1874\" class=\"wp-caption-text\"><strong><span style=\"font-family: 'times new roman', times, serif; font-size: 14pt; color: #800000;\">Journaux 1939-40<\/span><\/strong><\/figcaption><\/figure><\/td>\n<\/tr>\n<\/tbody>\n<\/table>\n<p>&nbsp;<\/p>\n","protected":false},"excerpt":{"rendered":"<p>De GAULLE &nbsp; &nbsp; R\u00e9cits des \u00e9v\u00e9nements de mai juin 1940 &nbsp; &nbsp; &nbsp; &nbsp; &nbsp; &nbsp; R\u00e9cit : Des \u00e9v\u00e9nements de mai 1940 \u00e0<\/p>\n","protected":false},"author":2,"featured_media":0,"parent":0,"menu_order":0,"comment_status":"closed","ping_status":"closed","template":"","meta":{"footnotes":""},"categories":[],"tags":[],"class_list":["post-5114","page","type-page","status-publish","hentry"],"_links":{"self":[{"href":"https:\/\/www.huppy-patrimoine.fr\/index.php\/wp-json\/wp\/v2\/pages\/5114","targetHints":{"allow":["GET"]}}],"collection":[{"href":"https:\/\/www.huppy-patrimoine.fr\/index.php\/wp-json\/wp\/v2\/pages"}],"about":[{"href":"https:\/\/www.huppy-patrimoine.fr\/index.php\/wp-json\/wp\/v2\/types\/page"}],"author":[{"embeddable":true,"href":"https:\/\/www.huppy-patrimoine.fr\/index.php\/wp-json\/wp\/v2\/users\/2"}],"replies":[{"embeddable":true,"href":"https:\/\/www.huppy-patrimoine.fr\/index.php\/wp-json\/wp\/v2\/comments?post=5114"}],"version-history":[{"count":179,"href":"https:\/\/www.huppy-patrimoine.fr\/index.php\/wp-json\/wp\/v2\/pages\/5114\/revisions"}],"predecessor-version":[{"id":8404,"href":"https:\/\/www.huppy-patrimoine.fr\/index.php\/wp-json\/wp\/v2\/pages\/5114\/revisions\/8404"}],"wp:attachment":[{"href":"https:\/\/www.huppy-patrimoine.fr\/index.php\/wp-json\/wp\/v2\/media?parent=5114"}],"wp:term":[{"taxonomy":"category","embeddable":true,"href":"https:\/\/www.huppy-patrimoine.fr\/index.php\/wp-json\/wp\/v2\/categories?post=5114"},{"taxonomy":"post_tag","embeddable":true,"href":"https:\/\/www.huppy-patrimoine.fr\/index.php\/wp-json\/wp\/v2\/tags?post=5114"}],"curies":[{"name":"wp","href":"https:\/\/api.w.org\/{rel}","templated":true}]}}