
{"id":5633,"date":"2022-04-26T16:55:01","date_gmt":"2022-04-26T14:55:01","guid":{"rendered":"https:\/\/www.huppy-patrimoine.fr\/?page_id=5633"},"modified":"2022-05-10T13:11:08","modified_gmt":"2022-05-10T11:11:08","slug":"les-ceremonies","status":"publish","type":"page","link":"https:\/\/www.huppy-patrimoine.fr\/index.php\/les-ceremonies\/","title":{"rendered":"Les c\u00e9r\u00e9monies organis\u00e9es par l&rsquo;ASPACHuppy"},"content":{"rendered":"<table style=\"width: 74.8044%; border-collapse: collapse; height: 267px;\">\n<tbody>\n<tr style=\"height: 267px;\">\n<td style=\"width: 25%; border-style: double; border-color: #eb0500; height: 267px;\">\n<p><figure id=\"attachment_2844\" aria-describedby=\"caption-attachment-2844\" style=\"width: 150px\" class=\"wp-caption aligncenter\"><a href=\"https:\/\/www.huppy-patrimoine.fr\/index.php\/ceremonie-30-mai-2020\/\"><img loading=\"lazy\" decoding=\"async\" class=\"wp-image-2844 size-thumbnail\" src=\"https:\/\/www.huppy-patrimoine.fr\/wp-content\/uploads\/2020\/06\/IMG_6414-150x150.jpg\" alt=\"\" width=\"150\" height=\"150\" \/><\/a><figcaption id=\"caption-attachment-2844\" class=\"wp-caption-text\"><span style=\"color: #800000;\"><strong><span style=\"font-family: 'times new roman', times, serif; font-size: 14pt;\">C\u00e9r\u00e9monie 30 mai 2020<\/span><\/strong><\/span><\/figcaption><\/figure><\/td>\n<td style=\"width: 25%; height: 267px; border-style: double; border-color: #eb0500;\">\n<p><figure id=\"attachment_2846\" aria-describedby=\"caption-attachment-2846\" style=\"width: 150px\" class=\"wp-caption aligncenter\"><a href=\"https:\/\/www.huppy-patrimoine.fr\/index.php\/video-commemoration\/\"><img loading=\"lazy\" decoding=\"async\" class=\"wp-image-2846 size-thumbnail\" src=\"https:\/\/www.huppy-patrimoine.fr\/wp-content\/uploads\/2020\/06\/P1070828-150x150.jpg\" alt=\"\" width=\"150\" height=\"150\" \/><\/a><figcaption id=\"caption-attachment-2846\" class=\"wp-caption-text\"><span style=\"color: #800000;\"><strong><span style=\"font-family: 'times new roman', times, serif; font-size: 14pt;\">Vid\u00e9o de la c\u00e9r\u00e9monie<\/span><\/strong><\/span><\/figcaption><\/figure><\/td>\n<td style=\"width: 12.5%; height: 267px; border-style: double; border-color: #eb0500;\">\n<p><figure id=\"attachment_2407\" aria-describedby=\"caption-attachment-2407\" style=\"width: 150px\" class=\"wp-caption aligncenter\"><a href=\"https:\/\/www.huppy-patrimoine.fr\/index.php\/presentation-de-la-commemoration\/\"><img loading=\"lazy\" decoding=\"async\" class=\"wp-image-2407 size-thumbnail\" src=\"https:\/\/www.huppy-patrimoine.fr\/wp-content\/uploads\/2020\/02\/chars-2-150x150.jpg\" alt=\"\" width=\"150\" height=\"150\" \/><\/a><figcaption id=\"caption-attachment-2407\" class=\"wp-caption-text\"><span style=\"color: #800000;\"><strong><span style=\"font-family: 'times new roman', times, serif; font-size: 14pt;\">Pr\u00e9sentation du 80e anniversaire<\/span><\/strong><\/span><\/figcaption><\/figure><\/td>\n<td style=\"width: 12.5%; border-style: double; border-color: #eb0500;\">\n<div class=\"mceTemp\"><\/div>\n<p><figure id=\"attachment_2374\" aria-describedby=\"caption-attachment-2374\" style=\"width: 150px\" class=\"wp-caption aligncenter\"><a href=\"https:\/\/www.huppy-patrimoine.fr\/index.php\/affiches-2\/\"><img loading=\"lazy\" decoding=\"async\" class=\"wp-image-2374 size-thumbnail\" src=\"https:\/\/www.huppy-patrimoine.fr\/wp-content\/uploads\/2020\/02\/logo-commemoration-150x150.png\" alt=\"\" width=\"150\" height=\"150\" \/><\/a><figcaption id=\"caption-attachment-2374\" class=\"wp-caption-text\"><span style=\"color: #800000;\"><strong><span style=\"font-family: 'times new roman', times, serif; font-size: 14pt;\">Nos affiches \u00e9v\u00e9nements<\/span><\/strong><\/span><\/figcaption><\/figure><\/td>\n<\/tr>\n<\/tbody>\n<\/table>\n","protected":false},"excerpt":{"rendered":"","protected":false},"author":2,"featured_media":0,"parent":0,"menu_order":0,"comment_status":"closed","ping_status":"closed","template":"","meta":{"footnotes":""},"categories":[],"tags":[],"class_list":["post-5633","page","type-page","status-publish","hentry"],"_links":{"self":[{"href":"https:\/\/www.huppy-patrimoine.fr\/index.php\/wp-json\/wp\/v2\/pages\/5633","targetHints":{"allow":["GET"]}}],"collection":[{"href":"https:\/\/www.huppy-patrimoine.fr\/index.php\/wp-json\/wp\/v2\/pages"}],"about":[{"href":"https:\/\/www.huppy-patrimoine.fr\/index.php\/wp-json\/wp\/v2\/types\/page"}],"author":[{"embeddable":true,"href":"https:\/\/www.huppy-patrimoine.fr\/index.php\/wp-json\/wp\/v2\/users\/2"}],"replies":[{"embeddable":true,"href":"https:\/\/www.huppy-patrimoine.fr\/index.php\/wp-json\/wp\/v2\/comments?post=5633"}],"version-history":[{"count":17,"href":"https:\/\/www.huppy-patrimoine.fr\/index.php\/wp-json\/wp\/v2\/pages\/5633\/revisions"}],"predecessor-version":[{"id":6169,"href":"https:\/\/www.huppy-patrimoine.fr\/index.php\/wp-json\/wp\/v2\/pages\/5633\/revisions\/6169"}],"wp:attachment":[{"href":"https:\/\/www.huppy-patrimoine.fr\/index.php\/wp-json\/wp\/v2\/media?parent=5633"}],"wp:term":[{"taxonomy":"category","embeddable":true,"href":"https:\/\/www.huppy-patrimoine.fr\/index.php\/wp-json\/wp\/v2\/categories?post=5633"},{"taxonomy":"post_tag","embeddable":true,"href":"https:\/\/www.huppy-patrimoine.fr\/index.php\/wp-json\/wp\/v2\/tags?post=5633"}],"curies":[{"name":"wp","href":"https:\/\/api.w.org\/{rel}","templated":true}]}}