
{"id":5726,"date":"2022-04-27T17:35:20","date_gmt":"2022-04-27T15:35:20","guid":{"rendered":"https:\/\/www.huppy-patrimoine.fr\/?page_id=5726"},"modified":"2022-04-27T17:35:59","modified_gmt":"2022-04-27T15:35:59","slug":"medaille","status":"publish","type":"page","link":"https:\/\/www.huppy-patrimoine.fr\/index.php\/medaille\/","title":{"rendered":"M\u00e9dailles d&rsquo;or au Pr\u00e9sident fondateur de l&rsquo;ASPACHuppy, Claude Piette"},"content":{"rendered":"<p>Le vendredi 20 septembre 2019, le pr\u00e9sident fondateur de l&rsquo;ASPACHuppy a re\u00e7u des mains de M. Aymerick Coeuilte, maire de Huppy le dipl\u00f4me de la m\u00e9daille d&rsquo;or de la jeunesse, des sports et de l&rsquo;engagement associatif, ainsi que la m\u00e9daille communale, cantonal et d\u00e9partemental, \u00e9chelon or.<\/p>\n<p>C&rsquo;est devant sa famille, ses amis, les conseill\u00e9s et employ\u00e9s communaux, en pr\u00e9sence de M. J\u00e9r\u00f4me Bignon S\u00e9nateur de la Somme, de l&rsquo;ancien maire de Huppy M. Jean Marie Lepage, dont il fut l&rsquo;adjoint pendant deux mandats, et de M. Alain Cresson Pr\u00e9sident de la commission Vimeu et membre du District de la Somme de Football que Claude Piette re\u00e7u ces distinctions.<\/p>\n<p>Le Pr\u00e9sident les membres de l&rsquo;ASPACHuppy pr\u00e9sentent leurs sinc\u00e8res\u00a0 f\u00e9licitions \u00e0 leur Pr\u00e9sident fondateur Claude Piette.<\/p>\n<p><img loading=\"lazy\" decoding=\"async\" class=\"img-responsive alignleft wp-image-2252 size-large\" src=\"https:\/\/www.huppy-patrimoine.fr\/wp-content\/uploads\/2019\/09\/71239767_2665935736803451_1961992467276365824_n-2-1024x768.jpg\" alt=\"\" width=\"1024\" height=\"768\" srcset=\"https:\/\/www.huppy-patrimoine.fr\/wp-content\/uploads\/2019\/09\/71239767_2665935736803451_1961992467276365824_n-2-1024x768.jpg 1024w, https:\/\/www.huppy-patrimoine.fr\/wp-content\/uploads\/2019\/09\/71239767_2665935736803451_1961992467276365824_n-2-300x225.jpg 300w, https:\/\/www.huppy-patrimoine.fr\/wp-content\/uploads\/2019\/09\/71239767_2665935736803451_1961992467276365824_n-2-768x576.jpg 768w, https:\/\/www.huppy-patrimoine.fr\/wp-content\/uploads\/2019\/09\/71239767_2665935736803451_1961992467276365824_n-2.jpg 2048w\" sizes=\"auto, (max-width: 1024px) 100vw, 1024px\" \/><img loading=\"lazy\" decoding=\"async\" class=\"img-responsive aligncenter wp-image-2251 size-medium\" src=\"https:\/\/www.huppy-patrimoine.fr\/wp-content\/uploads\/2019\/09\/71196674_517508052371919_6271909311778127872_n-2-225x300.jpg\" alt=\"\" width=\"225\" height=\"300\" srcset=\"https:\/\/www.huppy-patrimoine.fr\/wp-content\/uploads\/2019\/09\/71196674_517508052371919_6271909311778127872_n-2-225x300.jpg 225w, https:\/\/www.huppy-patrimoine.fr\/wp-content\/uploads\/2019\/09\/71196674_517508052371919_6271909311778127872_n-2-768x1024.jpg 768w, https:\/\/www.huppy-patrimoine.fr\/wp-content\/uploads\/2019\/09\/71196674_517508052371919_6271909311778127872_n-2.jpg 1536w\" sizes=\"auto, (max-width: 225px) 100vw, 225px\" \/><img loading=\"lazy\" decoding=\"async\" class=\"img-responsive aligncenter wp-image-2258 size-large\" src=\"https:\/\/www.huppy-patrimoine.fr\/wp-content\/uploads\/2019\/09\/70798453_2495353610531554_904540818574934016_n-2-1024x768.jpg\" alt=\"\" width=\"1024\" height=\"768\" srcset=\"https:\/\/www.huppy-patrimoine.fr\/wp-content\/uploads\/2019\/09\/70798453_2495353610531554_904540818574934016_n-2-1024x768.jpg 1024w, https:\/\/www.huppy-patrimoine.fr\/wp-content\/uploads\/2019\/09\/70798453_2495353610531554_904540818574934016_n-2-300x225.jpg 300w, https:\/\/www.huppy-patrimoine.fr\/wp-content\/uploads\/2019\/09\/70798453_2495353610531554_904540818574934016_n-2-768x576.jpg 768w, https:\/\/www.huppy-patrimoine.fr\/wp-content\/uploads\/2019\/09\/70798453_2495353610531554_904540818574934016_n-2.jpg 2048w\" sizes=\"auto, (max-width: 1024px) 100vw, 1024px\" \/><img loading=\"lazy\" decoding=\"async\" class=\"img-responsive aligncenter wp-image-2249 size-large\" src=\"https:\/\/www.huppy-patrimoine.fr\/wp-content\/uploads\/2019\/09\/70808394_2342841425979818_7356033922863464448_n-2-1024x768.jpg\" alt=\"\" width=\"1024\" height=\"768\" srcset=\"https:\/\/www.huppy-patrimoine.fr\/wp-content\/uploads\/2019\/09\/70808394_2342841425979818_7356033922863464448_n-2-1024x768.jpg 1024w, https:\/\/www.huppy-patrimoine.fr\/wp-content\/uploads\/2019\/09\/70808394_2342841425979818_7356033922863464448_n-2-300x225.jpg 300w, https:\/\/www.huppy-patrimoine.fr\/wp-content\/uploads\/2019\/09\/70808394_2342841425979818_7356033922863464448_n-2-768x576.jpg 768w, https:\/\/www.huppy-patrimoine.fr\/wp-content\/uploads\/2019\/09\/70808394_2342841425979818_7356033922863464448_n-2.jpg 2048w\" sizes=\"auto, (max-width: 1024px) 100vw, 1024px\" \/><img loading=\"lazy\" decoding=\"async\" class=\"img-responsive aligncenter wp-image-2257 size-large\" src=\"https:\/\/www.huppy-patrimoine.fr\/wp-content\/uploads\/2019\/09\/71680534_430305627610949_7874631174948126720_n-2-768x1024.jpg\" alt=\"\" width=\"768\" height=\"1024\" srcset=\"https:\/\/www.huppy-patrimoine.fr\/wp-content\/uploads\/2019\/09\/71680534_430305627610949_7874631174948126720_n-2-768x1024.jpg 768w, https:\/\/www.huppy-patrimoine.fr\/wp-content\/uploads\/2019\/09\/71680534_430305627610949_7874631174948126720_n-2-225x300.jpg 225w, https:\/\/www.huppy-patrimoine.fr\/wp-content\/uploads\/2019\/09\/71680534_430305627610949_7874631174948126720_n-2.jpg 1536w\" sizes=\"auto, (max-width: 768px) 100vw, 768px\" \/><img loading=\"lazy\" decoding=\"async\" class=\"img-responsive aligncenter wp-image-2253 size-large\" src=\"https:\/\/www.huppy-patrimoine.fr\/wp-content\/uploads\/2019\/09\/71266643_762201330878154_7562229779416481792_n-2-768x1024.jpg\" alt=\"\" width=\"768\" height=\"1024\" srcset=\"https:\/\/www.huppy-patrimoine.fr\/wp-content\/uploads\/2019\/09\/71266643_762201330878154_7562229779416481792_n-2-768x1024.jpg 768w, https:\/\/www.huppy-patrimoine.fr\/wp-content\/uploads\/2019\/09\/71266643_762201330878154_7562229779416481792_n-2-225x300.jpg 225w, https:\/\/www.huppy-patrimoine.fr\/wp-content\/uploads\/2019\/09\/71266643_762201330878154_7562229779416481792_n-2.jpg 1536w\" sizes=\"auto, (max-width: 768px) 100vw, 768px\" \/><img loading=\"lazy\" decoding=\"async\" class=\"img-responsive aligncenter wp-image-2254 size-large\" src=\"https:\/\/www.huppy-patrimoine.fr\/wp-content\/uploads\/2019\/09\/71320609_415850002406533_3730580551464124416_n-2-1024x768.jpg\" alt=\"\" width=\"1024\" height=\"768\" srcset=\"https:\/\/www.huppy-patrimoine.fr\/wp-content\/uploads\/2019\/09\/71320609_415850002406533_3730580551464124416_n-2-1024x768.jpg 1024w, https:\/\/www.huppy-patrimoine.fr\/wp-content\/uploads\/2019\/09\/71320609_415850002406533_3730580551464124416_n-2-300x225.jpg 300w, https:\/\/www.huppy-patrimoine.fr\/wp-content\/uploads\/2019\/09\/71320609_415850002406533_3730580551464124416_n-2-768x576.jpg 768w, https:\/\/www.huppy-patrimoine.fr\/wp-content\/uploads\/2019\/09\/71320609_415850002406533_3730580551464124416_n-2.jpg 2048w\" sizes=\"auto, (max-width: 1024px) 100vw, 1024px\" \/><img loading=\"lazy\" decoding=\"async\" class=\"img-responsive alignleft wp-image-2255 size-large\" src=\"https:\/\/www.huppy-patrimoine.fr\/wp-content\/uploads\/2019\/09\/71376181_2475423576010149_4947001970721292288_n-2-1024x768.jpg\" alt=\"\" width=\"1024\" height=\"768\" srcset=\"https:\/\/www.huppy-patrimoine.fr\/wp-content\/uploads\/2019\/09\/71376181_2475423576010149_4947001970721292288_n-2-1024x768.jpg 1024w, https:\/\/www.huppy-patrimoine.fr\/wp-content\/uploads\/2019\/09\/71376181_2475423576010149_4947001970721292288_n-2-300x225.jpg 300w, https:\/\/www.huppy-patrimoine.fr\/wp-content\/uploads\/2019\/09\/71376181_2475423576010149_4947001970721292288_n-2-768x576.jpg 768w, https:\/\/www.huppy-patrimoine.fr\/wp-content\/uploads\/2019\/09\/71376181_2475423576010149_4947001970721292288_n-2.jpg 2048w\" sizes=\"auto, (max-width: 1024px) 100vw, 1024px\" \/><img loading=\"lazy\" decoding=\"async\" class=\"img-responsive aligncenter wp-image-2250 size-large\" src=\"https:\/\/www.huppy-patrimoine.fr\/wp-content\/uploads\/2019\/09\/70860543_523712931735747_3741556984634146816_n-2-1024x727.jpg\" alt=\"\" width=\"1024\" height=\"727\" srcset=\"https:\/\/www.huppy-patrimoine.fr\/wp-content\/uploads\/2019\/09\/70860543_523712931735747_3741556984634146816_n-2-1024x727.jpg 1024w, https:\/\/www.huppy-patrimoine.fr\/wp-content\/uploads\/2019\/09\/70860543_523712931735747_3741556984634146816_n-2-300x213.jpg 300w, https:\/\/www.huppy-patrimoine.fr\/wp-content\/uploads\/2019\/09\/70860543_523712931735747_3741556984634146816_n-2-768x545.jpg 768w, https:\/\/www.huppy-patrimoine.fr\/wp-content\/uploads\/2019\/09\/70860543_523712931735747_3741556984634146816_n-2.jpg 1890w\" sizes=\"auto, (max-width: 1024px) 100vw, 1024px\" \/><\/p>\n","protected":false},"excerpt":{"rendered":"<p>Le vendredi 20 septembre 2019, le pr\u00e9sident fondateur de l&rsquo;ASPACHuppy a re\u00e7u des mains de M. Aymerick Coeuilte, maire de Huppy le dipl\u00f4me de la<\/p>\n","protected":false},"author":2,"featured_media":0,"parent":0,"menu_order":0,"comment_status":"closed","ping_status":"closed","template":"","meta":{"footnotes":""},"categories":[],"tags":[],"class_list":["post-5726","page","type-page","status-publish","hentry"],"_links":{"self":[{"href":"https:\/\/www.huppy-patrimoine.fr\/index.php\/wp-json\/wp\/v2\/pages\/5726","targetHints":{"allow":["GET"]}}],"collection":[{"href":"https:\/\/www.huppy-patrimoine.fr\/index.php\/wp-json\/wp\/v2\/pages"}],"about":[{"href":"https:\/\/www.huppy-patrimoine.fr\/index.php\/wp-json\/wp\/v2\/types\/page"}],"author":[{"embeddable":true,"href":"https:\/\/www.huppy-patrimoine.fr\/index.php\/wp-json\/wp\/v2\/users\/2"}],"replies":[{"embeddable":true,"href":"https:\/\/www.huppy-patrimoine.fr\/index.php\/wp-json\/wp\/v2\/comments?post=5726"}],"version-history":[{"count":2,"href":"https:\/\/www.huppy-patrimoine.fr\/index.php\/wp-json\/wp\/v2\/pages\/5726\/revisions"}],"predecessor-version":[{"id":5731,"href":"https:\/\/www.huppy-patrimoine.fr\/index.php\/wp-json\/wp\/v2\/pages\/5726\/revisions\/5731"}],"wp:attachment":[{"href":"https:\/\/www.huppy-patrimoine.fr\/index.php\/wp-json\/wp\/v2\/media?parent=5726"}],"wp:term":[{"taxonomy":"category","embeddable":true,"href":"https:\/\/www.huppy-patrimoine.fr\/index.php\/wp-json\/wp\/v2\/categories?post=5726"},{"taxonomy":"post_tag","embeddable":true,"href":"https:\/\/www.huppy-patrimoine.fr\/index.php\/wp-json\/wp\/v2\/tags?post=5726"}],"curies":[{"name":"wp","href":"https:\/\/api.w.org\/{rel}","templated":true}]}}