
{"id":5959,"date":"2022-05-01T16:02:03","date_gmt":"2022-05-01T14:02:03","guid":{"rendered":"https:\/\/www.huppy-patrimoine.fr\/?page_id=5959"},"modified":"2025-01-19T14:27:41","modified_gmt":"2025-01-19T13:27:41","slug":"5e-cycliste","status":"publish","type":"page","link":"https:\/\/www.huppy-patrimoine.fr\/index.php\/5e-cycliste\/","title":{"rendered":"Compagnie Ecole du 5\u00e9me R\u00e9giment de Carabiniers Cyclistes"},"content":{"rendered":"<p><strong><span style=\"color: #800000; font-size: 14pt; font-family: 'times new roman', times, serif;\">Un \u00e9crit dans le cahier de Maurice THIEBAULT ainsi que certains dires \u00a0du r\u00e9cit de Daniel ROGER parlent du passage \u00a0\u00e0 Huppy, le 19 mai 1940,\u00a0 d&rsquo;une compagnie de soldats Belges en v\u00e9los.<\/span><\/strong><\/p>\n<p><span style=\"font-family: 'times new roman', times, serif; font-size: 14pt;\">La rencontre de l\u00a0\u00bb&lsquo;ASPACHuppy avec Jean Christophe DUBUISSON, petit fils du commandant DUBUISSON.<\/span><\/p>\n<p>Le courrier:<\/p>\n<p><span style=\"font-size: 14pt; font-family: 'times new roman', times, serif;\">Monsieur ,<\/span><\/p>\n<p><span style=\"font-family: 'times new roman', times, serif; font-size: 14pt;\">Je viens de visiter votre site consacr\u00e9 \u00e0 Huppy, et je le trouve fort bien r\u00e9alis\u00e9. Mon nom est Jean-Christophe Dubuisson. Cela ne vous dit certainement rien. En fait, pour \u00eatre plus pr\u00e9cis, je suis l&rsquo;arri\u00e8re-petit-fils du commandant de la compagnie des carabiniers cyclistes belges qui ont \u00e9t\u00e9 h\u00e9berg\u00e9s dans une ferme attenante au ch\u00e2teau durant la nuit du 19 mai 1940. Dans votre section consacr\u00e9e aux souvenirs des huppinois, Maurice Thi\u00e9bault y fait r\u00e9f\u00e9rence dans son journal, et Daniel Roger semble en avoir un souvenir pr\u00e9cis.<\/span><\/p>\n<div><span style=\"font-size: 14pt; font-family: 'times new roman', times, serif;\">\u00a0<\/span><\/div>\n<div><span style=\"font-family: 'times new roman', times, serif; font-size: 14pt;\">Il\u00a0se trouve que, avec mon grand-p\u00e8re qui est aujourd&rsquo;hui \u00e2g\u00e9 de 90 ans, nous essayons de retracer le parcours effectu\u00e9 par la compagnie cycliste. Si vous le d\u00e9sirez, j&rsquo;ai en ma possession quelques notes sur son passage par votre village. Mon arri\u00e8re-grand-p\u00e8re se souvenait d&rsquo;y avoir re\u00e7u un accueil fort chaleureux. Selon toute vraisemblance, il y aurait m\u00eame partag\u00e9 un repas avec Mr Thi\u00e9bault.<\/span><\/div>\n<div><span style=\"font-size: 14pt; font-family: 'times new roman', times, serif;\">\u00a0<\/span><\/div>\n<div><span style=\"font-family: 'times new roman', times, serif; font-size: 14pt;\">Je compte passer par Huppy dans le courant de la semaine prochaine.<\/span><\/div>\n<div><span style=\"font-size: 14pt; font-family: 'times new roman', times, serif;\">Bien \u00e0 vous.<\/span><\/div>\n<div><span style=\"font-size: 14pt; font-family: 'times new roman', times, serif;\">J.C. Dubuisson<\/span><\/div>\n<p><span style=\"font-size: 14pt; font-family: 'times new roman', times, serif;\"><i>\u00a0 Un rendez -vous \u00e9tait pris pour le jeudi 14 ao\u00fbt 2014 en d\u00e9but de l\u2019apr\u00e8s midi. \u00a0A celui-ci \u00e9taient\u00a0 convi\u00e9s \u00e9galement messieurs ROGER et PIETTE.\u00a0<\/i><\/span><\/p>\n<div>\n<p><span style=\"font-size: 14pt; font-family: 'times new roman', times, serif;\"><i>\u00a0 Mr DUBUISSON \u00a0nous fit un expos\u00e9 du parcours de son arri\u00e8re grand p\u00e8re, qui le 19 mai 1940, avec sa Compagnie cyclistes, pass\u00e8rent la nuit du 19 au 20 mai 1940, (pour rappel le 20 mai au matin Abbeville \u00e9tait bombard\u00e9) dans l&rsquo;enceinte de la ferme du ch\u00e2teau.\u00a0<\/i><\/span><\/p>\n<div><span style=\"font-size: 14pt; font-family: 'times new roman', times, serif;\"><i>\u00a0 Mr DUBUISSON nous raconte \u00a0que son\u00a0arri\u00e8re\u00a0grand\u00a0p\u00e8re\u00a0\u00e9tait le \u00a0Commandant de cette \u00a0Compagnie Cyclistes, qui \u00e9tait compos\u00e9e de 83 \u00e9l\u00e9ments. Tous, \u00e9taient des jeunes \u00e9l\u00e8ves\u00a0de cette Compagnie \u00e9cole du 5\u00e9me R\u00e9giment de Carabiniers Cyclistes et n&rsquo;avaient jamais combattus l&rsquo;ennemi.\u00a0<\/i><\/span><\/div>\n<div><span style=\"font-family: 'times new roman', times, serif; font-size: 14pt;\"><i>\u00a0 Suite \u00e0 l&rsquo;invasion de la Belgique par les troupes allemandes le 10 mai, une unit\u00e9 de carabinier \u00e9tait mis en place. Les\u00a0\u00e9v\u00e8nements\u00a0se\u00a0bouleversants\u00a0 les unit\u00e9s de cette \u00e9cole \u00a0furent s\u00e9par\u00e9es et \u00a0l<\/i><i>a 5\u00e9me Cycliste f<\/i><i>it route vers la France afin de ce reconstruire.\u00a0<\/i><\/span><\/div>\n<div><span style=\"font-family: 'times new roman', times, serif; font-size: 14pt;\"><i>\u00a0 Apr\u00e8s cette nuit de repos \u00e0 Huppy, qui marqua \u00a0les esprits de ces jeunes soldats en raison de l&rsquo;accueil qui leurs avait \u00e9t\u00e9 fait \u00e0 la ferme du ch\u00e2teau la Compagnie repris sa route le matin m\u00eame vers Rouen. Comme vous pourrez le lire dans le document de Marcel RONGVEAUX, celle-ci fut l&rsquo;objet <\/i><i>de nombreuses attaques \u00a0en \u00a0enfilades\u00a0des mitrailleuses\u00a0de \u00a0l\u2019aviation\u00a0allemande.\u00a0<\/i><i>\u00a0Comme, d&rsquo;ailleurs \u00a0beaucoup d&rsquo;autres unit\u00e9s \u00a0militaires remontants sur Abbeville ou personnes civiles \u00a0\u00e9vacuants vers le Sud. Heureusement aucun des ces jeunes ne fut tu\u00e9 ou bless\u00e9.\u00a0<\/i><\/span><\/div>\n<div><span style=\"font-family: 'times new roman', times, serif; font-size: 14pt;\"><i>\u00a0 Ils poursuivirent leur\u00a0p\u00e9riple\u00a0jusque Lunel pr\u00e9s de Montpellier. Entre temps,\u00a0l\u2019armistice\u00a0avait \u00e9t\u00e9 \u00a0sign\u00e9 par le Mar\u00e9chal\u00a0P\u00c9TAIN. Certains de ces jeunes reprirent la route vers la Belgique en petit groupe s\u00e9par\u00e9. D&rsquo;autres\u00a0continu\u00e8rent\u00a0leur route \u00a0vers\u00a0l\u2019Espagne\u00a0 afin de regagner par la mer l&rsquo;Angleterre pour combattre. Certains,\u00a0rejoignirent le Continent\u00a0Africain\u00a0\u00a0pour se rendre au Congo, qui \u00e9tait \u00e0 cette \u00e9poque une colonie Belge. Ces derniers\u00a0combattirent\u00a0par la suite avec les\u00a0troupes\u00a0d&rsquo;Afrique du Nord.\u00a0\u00a0<\/i><\/span><\/div>\n<div><\/div>\n<\/div>\n<div>\n<figure id=\"attachment_7300\" aria-describedby=\"caption-attachment-7300\" style=\"width: 1024px\" class=\"wp-caption aligncenter\"><img loading=\"lazy\" decoding=\"async\" class=\"wp-image-7300 size-full\" src=\"https:\/\/www.huppy-patrimoine.fr\/wp-content\/uploads\/2023\/03\/1-IMGP3479.jpg\" alt=\"\" width=\"1024\" height=\"640\" srcset=\"https:\/\/www.huppy-patrimoine.fr\/wp-content\/uploads\/2023\/03\/1-IMGP3479.jpg 1024w, https:\/\/www.huppy-patrimoine.fr\/wp-content\/uploads\/2023\/03\/1-IMGP3479-300x188.jpg 300w, https:\/\/www.huppy-patrimoine.fr\/wp-content\/uploads\/2023\/03\/1-IMGP3479-768x480.jpg 768w\" sizes=\"auto, (max-width: 1024px) 100vw, 1024px\" \/><figcaption id=\"caption-attachment-7300\" class=\"wp-caption-text\"><span style=\"font-family: 'times new roman', times, serif; font-size: 14pt;\">Rencontre avec jean Christophe DUBUISSON<\/span><\/figcaption><\/figure>\n<\/div>\n<div><\/div>\n<div><\/div>\n<div><strong><span style=\"color: #800000; font-family: 'times new roman', times, serif; font-size: 14pt;\">R\u00e9cit du lieutenant Marcel RONGVEAUX<\/span><\/strong><\/div>\n<div><div class=\"_df_book df-lite\" id=\"df_5974\"  _slug=\"5974\" data-title=\"5-cycliste\" wpoptions=\"true\" thumbtype=\"\" ><\/div><script class=\"df-shortcode-script\" nowprocket type=\"application\/javascript\">window.option_df_5974 = {\"outline\":[],\"autoEnableOutline\":\"false\",\"autoEnableThumbnail\":\"false\",\"overwritePDFOutline\":\"false\",\"direction\":\"1\",\"pageSize\":\"0\",\"source\":\"https:\\\/\\\/www.huppy-patrimoine.fr\\\/wp-content\\\/uploads\\\/2022\\\/05\\\/5-cycliste-1.pdf\",\"wpOptions\":\"true\"}; if(window.DFLIP && window.DFLIP.parseBooks){window.DFLIP.parseBooks();}<\/script><\/div>\n<div><\/div>\n<div><\/div>\n<div><span style=\"color: #800000;\"><strong><span style=\"font-family: 'times new roman', times, serif; font-size: 14pt;\">L&rsquo;histoire et le parcours jusqu&rsquo;\u00e0 Lunel<\/span><\/strong><\/span><\/div>\n<div><div class=\"_df_book df-lite\" id=\"df_8362\"  _slug=\"recit-5-cycliste\" data-title=\"recit-5-cycliste\" wpoptions=\"true\" thumbtype=\"\" ><\/div><script class=\"df-shortcode-script\" nowprocket type=\"application\/javascript\">window.option_df_8362 = {\"outline\":[],\"autoEnableOutline\":\"false\",\"autoEnableThumbnail\":\"false\",\"overwritePDFOutline\":\"false\",\"direction\":\"1\",\"pageSize\":\"0\",\"source\":\"https:\\\/\\\/www.huppy-patrimoine.fr\\\/wp-content\\\/uploads\\\/2025\\\/01\\\/5e-cycliste-belge.pdf\",\"wpOptions\":\"true\"}; if(window.DFLIP && window.DFLIP.parseBooks){window.DFLIP.parseBooks();}<\/script><\/div>\n<div><\/div>\n<div><\/div>\n<div><span style=\"color: #800000;\"><strong><span style=\"font-family: 'times new roman', times, serif; font-size: 14pt;\">Bad Schwartau 1945 &#8211; R\u00e9cit d&rsquo;Andr\u00e9 PEETERS (Les retrouvailles 5 ans plus tard avec le commandant DUBUISSON)<\/span><\/strong><\/span><\/div>\n<div><div class=\"_df_book df-lite\" id=\"df_8350\"  _slug=\"a-peeters\" data-title=\"a-peeters\" wpoptions=\"true\" thumbtype=\"\" ><\/div><script class=\"df-shortcode-script\" nowprocket type=\"application\/javascript\">window.option_df_8350 = {\"outline\":[],\"autoEnableOutline\":\"false\",\"autoEnableThumbnail\":\"false\",\"overwritePDFOutline\":\"false\",\"direction\":\"1\",\"pageSize\":\"0\",\"source\":\"https:\\\/\\\/www.huppy-patrimoine.fr\\\/wp-content\\\/uploads\\\/2025\\\/01\\\/Bad-Schwartau-1945.pdf\",\"wpOptions\":\"true\"}; if(window.DFLIP && window.DFLIP.parseBooks){window.DFLIP.parseBooks();}<\/script><\/div>\n<div><\/div>\n<div><\/div>\n","protected":false},"excerpt":{"rendered":"<p>Un \u00e9crit dans le cahier de Maurice THIEBAULT ainsi que certains dires \u00a0du r\u00e9cit de Daniel ROGER parlent du passage \u00a0\u00e0 Huppy, le 19 mai<\/p>\n","protected":false},"author":2,"featured_media":0,"parent":0,"menu_order":0,"comment_status":"closed","ping_status":"closed","template":"","meta":{"footnotes":""},"categories":[],"tags":[],"class_list":["post-5959","page","type-page","status-publish","hentry"],"_links":{"self":[{"href":"https:\/\/www.huppy-patrimoine.fr\/index.php\/wp-json\/wp\/v2\/pages\/5959","targetHints":{"allow":["GET"]}}],"collection":[{"href":"https:\/\/www.huppy-patrimoine.fr\/index.php\/wp-json\/wp\/v2\/pages"}],"about":[{"href":"https:\/\/www.huppy-patrimoine.fr\/index.php\/wp-json\/wp\/v2\/types\/page"}],"author":[{"embeddable":true,"href":"https:\/\/www.huppy-patrimoine.fr\/index.php\/wp-json\/wp\/v2\/users\/2"}],"replies":[{"embeddable":true,"href":"https:\/\/www.huppy-patrimoine.fr\/index.php\/wp-json\/wp\/v2\/comments?post=5959"}],"version-history":[{"count":31,"href":"https:\/\/www.huppy-patrimoine.fr\/index.php\/wp-json\/wp\/v2\/pages\/5959\/revisions"}],"predecessor-version":[{"id":8366,"href":"https:\/\/www.huppy-patrimoine.fr\/index.php\/wp-json\/wp\/v2\/pages\/5959\/revisions\/8366"}],"wp:attachment":[{"href":"https:\/\/www.huppy-patrimoine.fr\/index.php\/wp-json\/wp\/v2\/media?parent=5959"}],"wp:term":[{"taxonomy":"category","embeddable":true,"href":"https:\/\/www.huppy-patrimoine.fr\/index.php\/wp-json\/wp\/v2\/categories?post=5959"},{"taxonomy":"post_tag","embeddable":true,"href":"https:\/\/www.huppy-patrimoine.fr\/index.php\/wp-json\/wp\/v2\/tags?post=5959"}],"curies":[{"name":"wp","href":"https:\/\/api.w.org\/{rel}","templated":true}]}}