
{"id":6067,"date":"2022-05-06T18:49:32","date_gmt":"2022-05-06T16:49:32","guid":{"rendered":"https:\/\/www.huppy-patrimoine.fr\/?page_id=6067"},"modified":"2023-02-11T17:33:59","modified_gmt":"2023-02-11T16:33:59","slug":"general-raymond-chomel","status":"publish","type":"page","link":"https:\/\/www.huppy-patrimoine.fr\/index.php\/general-raymond-chomel\/","title":{"rendered":"G\u00e9n\u00e9ral Raymond CHOMEL le chef d&rsquo;\u00e9tat major de guerre \u00e0 De GAULLE"},"content":{"rendered":"<figure id=\"attachment_6130\" aria-describedby=\"caption-attachment-6130\" style=\"width: 917px\" class=\"wp-caption aligncenter\"><img loading=\"lazy\" decoding=\"async\" class=\"wp-image-6130 size-full\" src=\"https:\/\/www.huppy-patrimoine.fr\/wp-content\/uploads\/2022\/05\/Capture-2.png\" alt=\"\" width=\"917\" height=\"709\" srcset=\"https:\/\/www.huppy-patrimoine.fr\/wp-content\/uploads\/2022\/05\/Capture-2.png 917w, https:\/\/www.huppy-patrimoine.fr\/wp-content\/uploads\/2022\/05\/Capture-2-300x232.png 300w, https:\/\/www.huppy-patrimoine.fr\/wp-content\/uploads\/2022\/05\/Capture-2-768x594.png 768w\" sizes=\"auto, (max-width: 917px) 100vw, 917px\" \/><figcaption id=\"caption-attachment-6130\" class=\"wp-caption-text\"><span style=\"color: #800000;\"><strong><span style=\"font-family: 'times new roman', times, serif; font-size: 14pt;\">D\u00e9dicace du colonel De GAULLE au g\u00e9n\u00e9ral CHOMEL<\/span><\/strong><\/span><\/figcaption><\/figure>\n<div class=\"_df_book df-lite\" id=\"df_6075\"  _slug=\"6075\" data-title=\"general-chomel\" wpoptions=\"true\" thumbtype=\"\" ><\/div><script class=\"df-shortcode-script\" nowprocket type=\"application\/javascript\">window.option_df_6075 = {\"outline\":[],\"autoEnableOutline\":\"false\",\"autoEnableThumbnail\":\"false\",\"overwritePDFOutline\":\"false\",\"direction\":\"1\",\"pageSize\":\"0\",\"source\":\"https:\\\/\\\/www.huppy-patrimoine.fr\\\/wp-content\\\/uploads\\\/2022\\\/05\\\/chomel.pdf\",\"wpOptions\":\"true\"}; if(window.DFLIP && window.DFLIP.parseBooks){window.DFLIP.parseBooks();}<\/script>\n<p>&nbsp;<\/p>\n<table style=\"width: 75%; border-collapse: collapse;\">\n<tbody>\n<tr>\n<td style=\"width: 100%;\">\n<p><figure id=\"attachment_6294\" aria-describedby=\"caption-attachment-6294\" style=\"width: 227px\" class=\"wp-caption aligncenter\"><a href=\"https:\/\/www.huppy-patrimoine.fr\/wp-content\/uploads\/2022\/05\/Biographie-general-Chomel.mp4\"><img loading=\"lazy\" decoding=\"async\" class=\"wp-image-6294 size-medium\" src=\"https:\/\/www.huppy-patrimoine.fr\/wp-content\/uploads\/2022\/05\/aspach023-2-227x300.jpg\" alt=\"\" width=\"227\" height=\"300\" srcset=\"https:\/\/www.huppy-patrimoine.fr\/wp-content\/uploads\/2022\/05\/aspach023-2-227x300.jpg 227w, https:\/\/www.huppy-patrimoine.fr\/wp-content\/uploads\/2022\/05\/aspach023-2-775x1024.jpg 775w, https:\/\/www.huppy-patrimoine.fr\/wp-content\/uploads\/2022\/05\/aspach023-2-768x1015.jpg 768w, https:\/\/www.huppy-patrimoine.fr\/wp-content\/uploads\/2022\/05\/aspach023-2-1162x1536.jpg 1162w, https:\/\/www.huppy-patrimoine.fr\/wp-content\/uploads\/2022\/05\/aspach023-2-1550x2048.jpg 1550w, https:\/\/www.huppy-patrimoine.fr\/wp-content\/uploads\/2022\/05\/aspach023-2.jpg 1670w\" sizes=\"auto, (max-width: 227px) 100vw, 227px\" \/><\/a><figcaption id=\"caption-attachment-6294\" class=\"wp-caption-text\"><span style=\"color: #800000;\"><strong><span style=\"font-family: 'times new roman', times, serif; font-size: 14pt;\">Biographie du g\u00e9n\u00e9ral Chomel. Source \u00e9criture: Thierry Chomel<\/span><\/strong><\/span><\/figcaption><\/figure><\/td>\n<\/tr>\n<\/tbody>\n<\/table>\n<p>&nbsp;<\/p>\n<p style=\"text-align: center;\">\n","protected":false},"excerpt":{"rendered":"<p>&nbsp; &nbsp;<\/p>\n","protected":false},"author":2,"featured_media":0,"parent":0,"menu_order":0,"comment_status":"closed","ping_status":"closed","template":"","meta":{"footnotes":""},"categories":[],"tags":[],"class_list":["post-6067","page","type-page","status-publish","hentry"],"_links":{"self":[{"href":"https:\/\/www.huppy-patrimoine.fr\/index.php\/wp-json\/wp\/v2\/pages\/6067","targetHints":{"allow":["GET"]}}],"collection":[{"href":"https:\/\/www.huppy-patrimoine.fr\/index.php\/wp-json\/wp\/v2\/pages"}],"about":[{"href":"https:\/\/www.huppy-patrimoine.fr\/index.php\/wp-json\/wp\/v2\/types\/page"}],"author":[{"embeddable":true,"href":"https:\/\/www.huppy-patrimoine.fr\/index.php\/wp-json\/wp\/v2\/users\/2"}],"replies":[{"embeddable":true,"href":"https:\/\/www.huppy-patrimoine.fr\/index.php\/wp-json\/wp\/v2\/comments?post=6067"}],"version-history":[{"count":14,"href":"https:\/\/www.huppy-patrimoine.fr\/index.php\/wp-json\/wp\/v2\/pages\/6067\/revisions"}],"predecessor-version":[{"id":6299,"href":"https:\/\/www.huppy-patrimoine.fr\/index.php\/wp-json\/wp\/v2\/pages\/6067\/revisions\/6299"}],"wp:attachment":[{"href":"https:\/\/www.huppy-patrimoine.fr\/index.php\/wp-json\/wp\/v2\/media?parent=6067"}],"wp:term":[{"taxonomy":"category","embeddable":true,"href":"https:\/\/www.huppy-patrimoine.fr\/index.php\/wp-json\/wp\/v2\/categories?post=6067"},{"taxonomy":"post_tag","embeddable":true,"href":"https:\/\/www.huppy-patrimoine.fr\/index.php\/wp-json\/wp\/v2\/tags?post=6067"}],"curies":[{"name":"wp","href":"https:\/\/api.w.org\/{rel}","templated":true}]}}