
{"id":6202,"date":"2022-05-12T12:45:50","date_gmt":"2022-05-12T10:45:50","guid":{"rendered":"https:\/\/www.huppy-patrimoine.fr\/?page_id=6202"},"modified":"2022-05-21T19:27:29","modified_gmt":"2022-05-21T17:27:29","slug":"les-ceremonies-patriotiques","status":"publish","type":"page","link":"https:\/\/www.huppy-patrimoine.fr\/index.php\/les-ceremonies-patriotiques\/","title":{"rendered":"Les c\u00e9r\u00e9monies patriotiques du 8 mai \u00e0 Huppy"},"content":{"rendered":"<table style=\"height: 233px; width: 75%; border-collapse: collapse;\">\n<tbody>\n<tr style=\"height: 233px;\">\n<td style=\"width: 25%; text-align: center; height: 233px;\"><span style=\"font-size: 14pt; color: #800000;\"><strong><span style=\"font-family: 'times new roman', times, serif;\">1960<\/span><\/strong><\/span><\/p>\n<p><figure id=\"attachment_6392\" aria-describedby=\"caption-attachment-6392\" style=\"width: 150px\" class=\"wp-caption aligncenter\"><a href=\"https:\/\/www.huppy-patrimoine.fr\/index.php\/8-mai-1960\/\"><img loading=\"lazy\" decoding=\"async\" class=\"wp-image-6392 size-thumbnail\" src=\"https:\/\/www.huppy-patrimoine.fr\/wp-content\/uploads\/2022\/05\/DSCF2389-2-150x150.jpg\" alt=\"\" width=\"150\" height=\"150\" srcset=\"https:\/\/www.huppy-patrimoine.fr\/wp-content\/uploads\/2022\/05\/DSCF2389-2-150x150.jpg 150w, https:\/\/www.huppy-patrimoine.fr\/wp-content\/uploads\/2022\/05\/DSCF2389-2-300x300.jpg 300w, https:\/\/www.huppy-patrimoine.fr\/wp-content\/uploads\/2022\/05\/DSCF2389-2-1024x1024.jpg 1024w, https:\/\/www.huppy-patrimoine.fr\/wp-content\/uploads\/2022\/05\/DSCF2389-2-768x768.jpg 768w, https:\/\/www.huppy-patrimoine.fr\/wp-content\/uploads\/2022\/05\/DSCF2389-2.jpg 1209w\" sizes=\"auto, (max-width: 150px) 100vw, 150px\" \/><\/a><figcaption id=\"caption-attachment-6392\" class=\"wp-caption-text\"><span style=\"font-size: 14pt; color: #800000;\"><strong><span style=\"font-family: 'times new roman', times, serif;\">8 mai<\/span><\/strong><\/span><\/figcaption><\/figure><\/td>\n<td style=\"width: 25%; text-align: center; height: 233px;\"><span style=\"font-size: 14pt; color: #800000;\"><span style=\"font-size: 14pt; color: #800000;\"><strong><span style=\"font-family: 'times new roman', times, serif;\">1962<\/span><\/strong><\/span><\/span><\/p>\n<p><figure id=\"attachment_6392\" aria-describedby=\"caption-attachment-6392\" style=\"width: 150px\" class=\"wp-caption aligncenter\"><a href=\"https:\/\/www.huppy-patrimoine.fr\/index.php\/8-mai-1962\/\"><img loading=\"lazy\" decoding=\"async\" class=\"wp-image-6392 size-thumbnail\" src=\"https:\/\/www.huppy-patrimoine.fr\/wp-content\/uploads\/2022\/05\/DSCF2389-2-150x150.jpg\" alt=\"\" width=\"150\" height=\"150\" srcset=\"https:\/\/www.huppy-patrimoine.fr\/wp-content\/uploads\/2022\/05\/DSCF2389-2-150x150.jpg 150w, https:\/\/www.huppy-patrimoine.fr\/wp-content\/uploads\/2022\/05\/DSCF2389-2-300x300.jpg 300w, https:\/\/www.huppy-patrimoine.fr\/wp-content\/uploads\/2022\/05\/DSCF2389-2-1024x1024.jpg 1024w, https:\/\/www.huppy-patrimoine.fr\/wp-content\/uploads\/2022\/05\/DSCF2389-2-768x768.jpg 768w, https:\/\/www.huppy-patrimoine.fr\/wp-content\/uploads\/2022\/05\/DSCF2389-2.jpg 1209w\" sizes=\"auto, (max-width: 150px) 100vw, 150px\" \/><\/a><figcaption id=\"caption-attachment-6392\" class=\"wp-caption-text\"><span style=\"color: #800000;\"><strong><span style=\"font-family: 'times new roman', times, serif; font-size: 14pt;\">8 mai<\/span><\/strong><\/span><\/figcaption><\/figure><\/td>\n<td style=\"width: 25%; text-align: center; height: 233px;\"><span style=\"font-size: 14pt; color: #800000;\"><span style=\"font-size: 14pt; color: #800000;\"><strong><span style=\"font-family: 'times new roman', times, serif;\">1963<\/span><\/strong><\/span><\/span><\/p>\n<p><figure id=\"attachment_6392\" aria-describedby=\"caption-attachment-6392\" style=\"width: 150px\" class=\"wp-caption aligncenter\"><a href=\"https:\/\/www.huppy-patrimoine.fr\/index.php\/8-mai-1963\/\"><img loading=\"lazy\" decoding=\"async\" class=\"wp-image-6392 size-thumbnail\" src=\"https:\/\/www.huppy-patrimoine.fr\/wp-content\/uploads\/2022\/05\/DSCF2389-2-150x150.jpg\" alt=\"\" width=\"150\" height=\"150\" srcset=\"https:\/\/www.huppy-patrimoine.fr\/wp-content\/uploads\/2022\/05\/DSCF2389-2-150x150.jpg 150w, https:\/\/www.huppy-patrimoine.fr\/wp-content\/uploads\/2022\/05\/DSCF2389-2-300x300.jpg 300w, https:\/\/www.huppy-patrimoine.fr\/wp-content\/uploads\/2022\/05\/DSCF2389-2-1024x1024.jpg 1024w, https:\/\/www.huppy-patrimoine.fr\/wp-content\/uploads\/2022\/05\/DSCF2389-2-768x768.jpg 768w, https:\/\/www.huppy-patrimoine.fr\/wp-content\/uploads\/2022\/05\/DSCF2389-2.jpg 1209w\" sizes=\"auto, (max-width: 150px) 100vw, 150px\" \/><\/a><figcaption id=\"caption-attachment-6392\" class=\"wp-caption-text\"><span style=\"color: #800000;\"><strong><span style=\"font-size: 14pt; font-family: 'times new roman', times, serif;\">12 mai<\/span><\/strong><\/span><\/figcaption><\/figure><\/td>\n<td style=\"width: 25%; height: 233px; text-align: center;\"><span style=\"font-size: 14pt; color: #800000;\"><span style=\"font-size: 14pt; color: #800000;\"><strong><span style=\"font-family: 'times new roman', times, serif;\">1965<\/span><\/strong><\/span><\/span><\/p>\n<p><figure id=\"attachment_6392\" aria-describedby=\"caption-attachment-6392\" style=\"width: 150px\" class=\"wp-caption aligncenter\"><a href=\"https:\/\/www.huppy-patrimoine.fr\/index.php\/8-mai-1965\/\"><img loading=\"lazy\" decoding=\"async\" class=\"wp-image-6392 size-thumbnail\" src=\"https:\/\/www.huppy-patrimoine.fr\/wp-content\/uploads\/2022\/05\/DSCF2389-2-150x150.jpg\" alt=\"\" width=\"150\" height=\"150\" srcset=\"https:\/\/www.huppy-patrimoine.fr\/wp-content\/uploads\/2022\/05\/DSCF2389-2-150x150.jpg 150w, https:\/\/www.huppy-patrimoine.fr\/wp-content\/uploads\/2022\/05\/DSCF2389-2-300x300.jpg 300w, https:\/\/www.huppy-patrimoine.fr\/wp-content\/uploads\/2022\/05\/DSCF2389-2-1024x1024.jpg 1024w, https:\/\/www.huppy-patrimoine.fr\/wp-content\/uploads\/2022\/05\/DSCF2389-2-768x768.jpg 768w, https:\/\/www.huppy-patrimoine.fr\/wp-content\/uploads\/2022\/05\/DSCF2389-2.jpg 1209w\" sizes=\"auto, (max-width: 150px) 100vw, 150px\" \/><\/a><figcaption id=\"caption-attachment-6392\" class=\"wp-caption-text\"><span style=\"color: #800000; font-size: 14pt;\"><strong><span style=\"font-family: 'times new roman', times, serif;\">9 mai<\/span><\/strong><\/span><\/figcaption><\/figure><\/td>\n<\/tr>\n<\/tbody>\n<\/table>\n<table style=\"width: 75%; border-collapse: collapse;\">\n<tbody>\n<tr>\n<td style=\"width: 25%; text-align: center;\"><span style=\"color: #800000;\"><strong><span style=\"font-family: 'times new roman', times, serif; font-size: 14pt;\">1966<\/span><\/strong><\/span><\/p>\n<p><figure id=\"attachment_6392\" aria-describedby=\"caption-attachment-6392\" style=\"width: 150px\" class=\"wp-caption aligncenter\"><a href=\"https:\/\/www.huppy-patrimoine.fr\/index.php\/8-mai-1966\/\"><img loading=\"lazy\" decoding=\"async\" class=\"wp-image-6392 size-thumbnail\" src=\"https:\/\/www.huppy-patrimoine.fr\/wp-content\/uploads\/2022\/05\/DSCF2389-2-150x150.jpg\" alt=\"\" width=\"150\" height=\"150\" srcset=\"https:\/\/www.huppy-patrimoine.fr\/wp-content\/uploads\/2022\/05\/DSCF2389-2-150x150.jpg 150w, https:\/\/www.huppy-patrimoine.fr\/wp-content\/uploads\/2022\/05\/DSCF2389-2-300x300.jpg 300w, https:\/\/www.huppy-patrimoine.fr\/wp-content\/uploads\/2022\/05\/DSCF2389-2-1024x1024.jpg 1024w, https:\/\/www.huppy-patrimoine.fr\/wp-content\/uploads\/2022\/05\/DSCF2389-2-768x768.jpg 768w, https:\/\/www.huppy-patrimoine.fr\/wp-content\/uploads\/2022\/05\/DSCF2389-2.jpg 1209w\" sizes=\"auto, (max-width: 150px) 100vw, 150px\" \/><\/a><figcaption id=\"caption-attachment-6392\" class=\"wp-caption-text\"><span style=\"font-size: 14pt; color: #800000;\"><strong><span style=\"font-family: 'times new roman', times, serif;\">8 mai<\/span><\/strong><\/span><\/figcaption><\/figure><\/td>\n<td style=\"width: 25%; text-align: center;\"><span style=\"color: #800000;\"><strong><span style=\"font-family: 'times new roman', times, serif; font-size: 14pt;\">1971<\/span><\/strong><\/span><\/p>\n<p><figure id=\"attachment_6392\" aria-describedby=\"caption-attachment-6392\" style=\"width: 150px\" class=\"wp-caption aligncenter\"><a href=\"https:\/\/www.huppy-patrimoine.fr\/index.php\/8-et-9-mai-1971\/\"><img loading=\"lazy\" decoding=\"async\" class=\"wp-image-6392 size-thumbnail\" src=\"https:\/\/www.huppy-patrimoine.fr\/wp-content\/uploads\/2022\/05\/DSCF2389-2-150x150.jpg\" alt=\"\" width=\"150\" height=\"150\" srcset=\"https:\/\/www.huppy-patrimoine.fr\/wp-content\/uploads\/2022\/05\/DSCF2389-2-150x150.jpg 150w, https:\/\/www.huppy-patrimoine.fr\/wp-content\/uploads\/2022\/05\/DSCF2389-2-300x300.jpg 300w, https:\/\/www.huppy-patrimoine.fr\/wp-content\/uploads\/2022\/05\/DSCF2389-2-1024x1024.jpg 1024w, https:\/\/www.huppy-patrimoine.fr\/wp-content\/uploads\/2022\/05\/DSCF2389-2-768x768.jpg 768w, https:\/\/www.huppy-patrimoine.fr\/wp-content\/uploads\/2022\/05\/DSCF2389-2.jpg 1209w\" sizes=\"auto, (max-width: 150px) 100vw, 150px\" \/><\/a><figcaption id=\"caption-attachment-6392\" class=\"wp-caption-text\"><span style=\"font-size: 14pt; color: #800000;\"><strong><span style=\"font-family: 'times new roman', times, serif;\">8 et 9 mai<\/span><\/strong><\/span><\/figcaption><\/figure><\/td>\n<td style=\"width: 25%; text-align: center;\"><span style=\"color: #800000;\"><strong><span style=\"font-family: 'times new roman', times, serif; font-size: 14pt;\">1972<\/span><\/strong><\/span><\/p>\n<p><figure id=\"attachment_6392\" aria-describedby=\"caption-attachment-6392\" style=\"width: 150px\" class=\"wp-caption aligncenter\"><a href=\"https:\/\/www.huppy-patrimoine.fr\/index.php\/7-mai-1972-source-photos-jacques-buiret-aspachuppy\/\"><img loading=\"lazy\" decoding=\"async\" class=\"wp-image-6392 size-thumbnail\" src=\"https:\/\/www.huppy-patrimoine.fr\/wp-content\/uploads\/2022\/05\/DSCF2389-2-150x150.jpg\" alt=\"\" width=\"150\" height=\"150\" srcset=\"https:\/\/www.huppy-patrimoine.fr\/wp-content\/uploads\/2022\/05\/DSCF2389-2-150x150.jpg 150w, https:\/\/www.huppy-patrimoine.fr\/wp-content\/uploads\/2022\/05\/DSCF2389-2-300x300.jpg 300w, https:\/\/www.huppy-patrimoine.fr\/wp-content\/uploads\/2022\/05\/DSCF2389-2-1024x1024.jpg 1024w, https:\/\/www.huppy-patrimoine.fr\/wp-content\/uploads\/2022\/05\/DSCF2389-2-768x768.jpg 768w, https:\/\/www.huppy-patrimoine.fr\/wp-content\/uploads\/2022\/05\/DSCF2389-2.jpg 1209w\" sizes=\"auto, (max-width: 150px) 100vw, 150px\" \/><\/a><figcaption id=\"caption-attachment-6392\" class=\"wp-caption-text\"><span style=\"color: #800000;\"><strong><span style=\"font-family: 'times new roman', times, serif; font-size: 14pt;\">7 mai<\/span><\/strong><\/span><\/figcaption><\/figure><\/td>\n<\/tr>\n<\/tbody>\n<\/table>\n<table style=\"height: 10px; width: 75%; border-collapse: collapse;\">\n<tbody>\n<tr style=\"height: 10px;\">\n<td style=\"width: 25%; text-align: center; height: 10px;\">&nbsp;<\/p>\n<p><img loading=\"lazy\" decoding=\"async\" class=\"aligncenter wp-image-6392 size-thumbnail\" src=\"https:\/\/www.huppy-patrimoine.fr\/wp-content\/uploads\/2022\/05\/DSCF2389-2-150x150.jpg\" alt=\"\" width=\"150\" height=\"150\" srcset=\"https:\/\/www.huppy-patrimoine.fr\/wp-content\/uploads\/2022\/05\/DSCF2389-2-150x150.jpg 150w, https:\/\/www.huppy-patrimoine.fr\/wp-content\/uploads\/2022\/05\/DSCF2389-2-300x300.jpg 300w, https:\/\/www.huppy-patrimoine.fr\/wp-content\/uploads\/2022\/05\/DSCF2389-2-1024x1024.jpg 1024w, https:\/\/www.huppy-patrimoine.fr\/wp-content\/uploads\/2022\/05\/DSCF2389-2-768x768.jpg 768w, https:\/\/www.huppy-patrimoine.fr\/wp-content\/uploads\/2022\/05\/DSCF2389-2.jpg 1209w\" sizes=\"auto, (max-width: 150px) 100vw, 150px\" \/><\/td>\n<td style=\"width: 25%; text-align: center; height: 10px;\"><span style=\"font-size: 14pt; color: #800000;\"><span style=\"font-size: 14pt; color: #800000;\"><strong><span style=\"font-family: 'times new roman', times, serif;\">2022<\/span><\/strong><\/span><\/span><\/p>\n<p><figure id=\"attachment_6122\" aria-describedby=\"caption-attachment-6122\" style=\"width: 150px\" class=\"wp-caption aligncenter\"><a href=\"https:\/\/www.huppy-patrimoine.fr\/index.php\/2022\/05\/08\/ceremonies-manifestations\/\"><img loading=\"lazy\" decoding=\"async\" class=\"wp-image-6122 size-thumbnail\" src=\"https:\/\/www.huppy-patrimoine.fr\/wp-content\/uploads\/2022\/05\/aspach011-2-150x150.jpg\" alt=\"\" width=\"150\" height=\"150\" \/><\/a><figcaption id=\"caption-attachment-6122\" class=\"wp-caption-text\"><span style=\"font-size: 14pt; color: #800000;\"><strong><span style=\"font-family: 'times new roman', times, serif;\">\u00a0 <\/span><\/strong><\/span><strong style=\"font-family: inherit; font-size: inherit;\"><span style=\"color: #800000;\">8 mai<\/span><\/strong><\/figcaption><\/figure><\/td>\n<td style=\"width: 25%; text-align: center; height: 10px;\"><span style=\"font-size: 14pt; font-family: 'times new roman', times, serif; color: #800000;\"><strong>2023<\/strong><\/span><\/td>\n<td style=\"width: 25%; text-align: center; height: 10px;\"><span style=\"font-size: 14pt; font-family: 'times new roman', times, serif; color: #800000;\"><strong>2024<\/strong><\/span><\/td>\n<\/tr>\n<\/tbody>\n<\/table>\n","protected":false},"excerpt":{"rendered":"<p>1960 1962 1963 1965 1966 1971 1972 &nbsp; 2022 2023 2024<\/p>\n","protected":false},"author":2,"featured_media":0,"parent":0,"menu_order":0,"comment_status":"closed","ping_status":"closed","template":"","meta":{"footnotes":""},"categories":[],"tags":[],"class_list":["post-6202","page","type-page","status-publish","hentry"],"_links":{"self":[{"href":"https:\/\/www.huppy-patrimoine.fr\/index.php\/wp-json\/wp\/v2\/pages\/6202","targetHints":{"allow":["GET"]}}],"collection":[{"href":"https:\/\/www.huppy-patrimoine.fr\/index.php\/wp-json\/wp\/v2\/pages"}],"about":[{"href":"https:\/\/www.huppy-patrimoine.fr\/index.php\/wp-json\/wp\/v2\/types\/page"}],"author":[{"embeddable":true,"href":"https:\/\/www.huppy-patrimoine.fr\/index.php\/wp-json\/wp\/v2\/users\/2"}],"replies":[{"embeddable":true,"href":"https:\/\/www.huppy-patrimoine.fr\/index.php\/wp-json\/wp\/v2\/comments?post=6202"}],"version-history":[{"count":40,"href":"https:\/\/www.huppy-patrimoine.fr\/index.php\/wp-json\/wp\/v2\/pages\/6202\/revisions"}],"predecessor-version":[{"id":6501,"href":"https:\/\/www.huppy-patrimoine.fr\/index.php\/wp-json\/wp\/v2\/pages\/6202\/revisions\/6501"}],"wp:attachment":[{"href":"https:\/\/www.huppy-patrimoine.fr\/index.php\/wp-json\/wp\/v2\/media?parent=6202"}],"wp:term":[{"taxonomy":"category","embeddable":true,"href":"https:\/\/www.huppy-patrimoine.fr\/index.php\/wp-json\/wp\/v2\/categories?post=6202"},{"taxonomy":"post_tag","embeddable":true,"href":"https:\/\/www.huppy-patrimoine.fr\/index.php\/wp-json\/wp\/v2\/tags?post=6202"}],"curies":[{"name":"wp","href":"https:\/\/api.w.org\/{rel}","templated":true}]}}