
{"id":6281,"date":"2022-05-15T16:17:01","date_gmt":"2022-05-15T14:17:01","guid":{"rendered":"https:\/\/www.huppy-patrimoine.fr\/?page_id=6281"},"modified":"2022-05-15T16:18:43","modified_gmt":"2022-05-15T14:18:43","slug":"la-nuit-europeenne-des-musees-14-mai","status":"publish","type":"page","link":"https:\/\/www.huppy-patrimoine.fr\/index.php\/la-nuit-europeenne-des-musees-14-mai\/","title":{"rendered":"La Nuit Europ\u00e9enne des Mus\u00e9es 14 mai 2022"},"content":{"rendered":"<p><span style=\"color: #800000;\"><strong><span style=\"font-family: 'times new roman', times, serif; font-size: 14pt;\">L&rsquo;\u00e9glise Saint Sulpice de Huppy la Nuit Europ\u00e9enne des Mus\u00e9es<\/span><\/strong><\/span><\/p>\n<p><img loading=\"lazy\" decoding=\"async\" class=\"aligncenter wp-image-6286 size-large\" src=\"https:\/\/www.huppy-patrimoine.fr\/wp-content\/uploads\/2022\/05\/IMG_08151-768x1024.jpg\" alt=\"\" width=\"768\" height=\"1024\" srcset=\"https:\/\/www.huppy-patrimoine.fr\/wp-content\/uploads\/2022\/05\/IMG_08151-768x1024.jpg 768w, https:\/\/www.huppy-patrimoine.fr\/wp-content\/uploads\/2022\/05\/IMG_08151-225x300.jpg 225w, https:\/\/www.huppy-patrimoine.fr\/wp-content\/uploads\/2022\/05\/IMG_08151-1152x1536.jpg 1152w, https:\/\/www.huppy-patrimoine.fr\/wp-content\/uploads\/2022\/05\/IMG_08151.jpg 1536w\" sizes=\"auto, (max-width: 768px) 100vw, 768px\" \/><\/p>\n<p><img loading=\"lazy\" decoding=\"async\" class=\"aligncenter wp-image-6283 size-large\" src=\"https:\/\/www.huppy-patrimoine.fr\/wp-content\/uploads\/2022\/05\/IMG_08181-768x1024.jpg\" alt=\"\" width=\"768\" height=\"1024\" srcset=\"https:\/\/www.huppy-patrimoine.fr\/wp-content\/uploads\/2022\/05\/IMG_08181-768x1024.jpg 768w, https:\/\/www.huppy-patrimoine.fr\/wp-content\/uploads\/2022\/05\/IMG_08181-225x300.jpg 225w, https:\/\/www.huppy-patrimoine.fr\/wp-content\/uploads\/2022\/05\/IMG_08181-1152x1536.jpg 1152w, https:\/\/www.huppy-patrimoine.fr\/wp-content\/uploads\/2022\/05\/IMG_08181.jpg 1200w\" sizes=\"auto, (max-width: 768px) 100vw, 768px\" \/><\/p>\n<p><img loading=\"lazy\" decoding=\"async\" class=\"aligncenter wp-image-6284 size-large\" src=\"https:\/\/www.huppy-patrimoine.fr\/wp-content\/uploads\/2022\/05\/IMG_08191-1024x768.jpg\" alt=\"\" width=\"783\" height=\"587\" srcset=\"https:\/\/www.huppy-patrimoine.fr\/wp-content\/uploads\/2022\/05\/IMG_08191-1024x768.jpg 1024w, https:\/\/www.huppy-patrimoine.fr\/wp-content\/uploads\/2022\/05\/IMG_08191-300x225.jpg 300w, https:\/\/www.huppy-patrimoine.fr\/wp-content\/uploads\/2022\/05\/IMG_08191-768x576.jpg 768w, https:\/\/www.huppy-patrimoine.fr\/wp-content\/uploads\/2022\/05\/IMG_08191.jpg 1280w\" sizes=\"auto, (max-width: 783px) 100vw, 783px\" \/><\/p>\n<p><img loading=\"lazy\" decoding=\"async\" class=\"aligncenter wp-image-6285 size-large\" src=\"https:\/\/www.huppy-patrimoine.fr\/wp-content\/uploads\/2022\/05\/IMG_08211-1024x576.jpg\" alt=\"\" width=\"783\" height=\"440\" srcset=\"https:\/\/www.huppy-patrimoine.fr\/wp-content\/uploads\/2022\/05\/IMG_08211-1024x576.jpg 1024w, https:\/\/www.huppy-patrimoine.fr\/wp-content\/uploads\/2022\/05\/IMG_08211-300x169.jpg 300w, https:\/\/www.huppy-patrimoine.fr\/wp-content\/uploads\/2022\/05\/IMG_08211-768x432.jpg 768w, https:\/\/www.huppy-patrimoine.fr\/wp-content\/uploads\/2022\/05\/IMG_08211.jpg 1334w\" sizes=\"auto, (max-width: 783px) 100vw, 783px\" \/><\/p>\n<p>&nbsp;<\/p>\n","protected":false},"excerpt":{"rendered":"<p>L&rsquo;\u00e9glise Saint Sulpice de Huppy la Nuit Europ\u00e9enne des Mus\u00e9es &nbsp;<\/p>\n","protected":false},"author":2,"featured_media":0,"parent":0,"menu_order":0,"comment_status":"closed","ping_status":"closed","template":"","meta":{"footnotes":""},"categories":[],"tags":[],"class_list":["post-6281","page","type-page","status-publish","hentry"],"_links":{"self":[{"href":"https:\/\/www.huppy-patrimoine.fr\/index.php\/wp-json\/wp\/v2\/pages\/6281","targetHints":{"allow":["GET"]}}],"collection":[{"href":"https:\/\/www.huppy-patrimoine.fr\/index.php\/wp-json\/wp\/v2\/pages"}],"about":[{"href":"https:\/\/www.huppy-patrimoine.fr\/index.php\/wp-json\/wp\/v2\/types\/page"}],"author":[{"embeddable":true,"href":"https:\/\/www.huppy-patrimoine.fr\/index.php\/wp-json\/wp\/v2\/users\/2"}],"replies":[{"embeddable":true,"href":"https:\/\/www.huppy-patrimoine.fr\/index.php\/wp-json\/wp\/v2\/comments?post=6281"}],"version-history":[{"count":3,"href":"https:\/\/www.huppy-patrimoine.fr\/index.php\/wp-json\/wp\/v2\/pages\/6281\/revisions"}],"predecessor-version":[{"id":6290,"href":"https:\/\/www.huppy-patrimoine.fr\/index.php\/wp-json\/wp\/v2\/pages\/6281\/revisions\/6290"}],"wp:attachment":[{"href":"https:\/\/www.huppy-patrimoine.fr\/index.php\/wp-json\/wp\/v2\/media?parent=6281"}],"wp:term":[{"taxonomy":"category","embeddable":true,"href":"https:\/\/www.huppy-patrimoine.fr\/index.php\/wp-json\/wp\/v2\/categories?post=6281"},{"taxonomy":"post_tag","embeddable":true,"href":"https:\/\/www.huppy-patrimoine.fr\/index.php\/wp-json\/wp\/v2\/tags?post=6281"}],"curies":[{"name":"wp","href":"https:\/\/api.w.org\/{rel}","templated":true}]}}