
{"id":6463,"date":"2022-05-21T18:32:31","date_gmt":"2022-05-21T16:32:31","guid":{"rendered":"https:\/\/www.huppy-patrimoine.fr\/?page_id=6463"},"modified":"2022-05-21T19:11:43","modified_gmt":"2022-05-21T17:11:43","slug":"8-et-9-mai-1971","status":"publish","type":"page","link":"https:\/\/www.huppy-patrimoine.fr\/index.php\/8-et-9-mai-1971\/","title":{"rendered":"8 et 9 mai 1971 &#8211; Source photos:  Jacques Buiret &#8211; ASPACHuppy"},"content":{"rendered":"<p style=\"text-align: center;\"><span style=\"color: #800000;\"><strong><span style=\"font-family: 'times new roman', times, serif; font-size: 14pt;\">C\u00e9r\u00e9monie du 8 mai<\/span><\/strong><\/span><\/p>\n<p><img loading=\"lazy\" decoding=\"async\" class=\"aligncenter wp-image-6465 size-full\" src=\"https:\/\/www.huppy-patrimoine.fr\/wp-content\/uploads\/2022\/05\/2011-07-07_6.jpg\" alt=\"\" width=\"1024\" height=\"683\" srcset=\"https:\/\/www.huppy-patrimoine.fr\/wp-content\/uploads\/2022\/05\/2011-07-07_6.jpg 1024w, https:\/\/www.huppy-patrimoine.fr\/wp-content\/uploads\/2022\/05\/2011-07-07_6-300x200.jpg 300w, https:\/\/www.huppy-patrimoine.fr\/wp-content\/uploads\/2022\/05\/2011-07-07_6-768x512.jpg 768w\" sizes=\"auto, (max-width: 1024px) 100vw, 1024px\" \/><\/p>\n<p><img loading=\"lazy\" decoding=\"async\" class=\"aligncenter wp-image-6466 size-full\" src=\"https:\/\/www.huppy-patrimoine.fr\/wp-content\/uploads\/2022\/05\/2011-07-07_7-1.jpg\" alt=\"\" width=\"1024\" height=\"683\" srcset=\"https:\/\/www.huppy-patrimoine.fr\/wp-content\/uploads\/2022\/05\/2011-07-07_7-1.jpg 1024w, https:\/\/www.huppy-patrimoine.fr\/wp-content\/uploads\/2022\/05\/2011-07-07_7-1-300x200.jpg 300w, https:\/\/www.huppy-patrimoine.fr\/wp-content\/uploads\/2022\/05\/2011-07-07_7-1-768x512.jpg 768w\" sizes=\"auto, (max-width: 1024px) 100vw, 1024px\" \/><\/p>\n<p><img loading=\"lazy\" decoding=\"async\" class=\"aligncenter wp-image-6472 size-full\" src=\"https:\/\/www.huppy-patrimoine.fr\/wp-content\/uploads\/2022\/05\/2011-07-07_5.jpg\" alt=\"\" width=\"1024\" height=\"683\" srcset=\"https:\/\/www.huppy-patrimoine.fr\/wp-content\/uploads\/2022\/05\/2011-07-07_5.jpg 1024w, https:\/\/www.huppy-patrimoine.fr\/wp-content\/uploads\/2022\/05\/2011-07-07_5-300x200.jpg 300w, https:\/\/www.huppy-patrimoine.fr\/wp-content\/uploads\/2022\/05\/2011-07-07_5-768x512.jpg 768w\" sizes=\"auto, (max-width: 1024px) 100vw, 1024px\" \/><\/p>\n<p><img loading=\"lazy\" decoding=\"async\" class=\"aligncenter wp-image-6471 size-full\" src=\"https:\/\/www.huppy-patrimoine.fr\/wp-content\/uploads\/2022\/05\/2011-07-07_4.jpg\" alt=\"\" width=\"1024\" height=\"683\" srcset=\"https:\/\/www.huppy-patrimoine.fr\/wp-content\/uploads\/2022\/05\/2011-07-07_4.jpg 1024w, https:\/\/www.huppy-patrimoine.fr\/wp-content\/uploads\/2022\/05\/2011-07-07_4-300x200.jpg 300w, https:\/\/www.huppy-patrimoine.fr\/wp-content\/uploads\/2022\/05\/2011-07-07_4-768x512.jpg 768w\" sizes=\"auto, (max-width: 1024px) 100vw, 1024px\" \/><\/p>\n<p><img loading=\"lazy\" decoding=\"async\" class=\"aligncenter wp-image-6470 size-full\" src=\"https:\/\/www.huppy-patrimoine.fr\/wp-content\/uploads\/2022\/05\/2011-07-07_3.jpg\" alt=\"\" width=\"1024\" height=\"683\" srcset=\"https:\/\/www.huppy-patrimoine.fr\/wp-content\/uploads\/2022\/05\/2011-07-07_3.jpg 1024w, https:\/\/www.huppy-patrimoine.fr\/wp-content\/uploads\/2022\/05\/2011-07-07_3-300x200.jpg 300w, https:\/\/www.huppy-patrimoine.fr\/wp-content\/uploads\/2022\/05\/2011-07-07_3-768x512.jpg 768w\" sizes=\"auto, (max-width: 1024px) 100vw, 1024px\" \/><\/p>\n<p><img loading=\"lazy\" decoding=\"async\" class=\"aligncenter wp-image-6467 size-full\" src=\"https:\/\/www.huppy-patrimoine.fr\/wp-content\/uploads\/2022\/05\/2011-07-07_0.jpg\" alt=\"\" width=\"683\" height=\"1024\" srcset=\"https:\/\/www.huppy-patrimoine.fr\/wp-content\/uploads\/2022\/05\/2011-07-07_0.jpg 683w, https:\/\/www.huppy-patrimoine.fr\/wp-content\/uploads\/2022\/05\/2011-07-07_0-200x300.jpg 200w\" sizes=\"auto, (max-width: 683px) 100vw, 683px\" \/><\/p>\n<p><img loading=\"lazy\" decoding=\"async\" class=\"aligncenter wp-image-6468 size-full\" src=\"https:\/\/www.huppy-patrimoine.fr\/wp-content\/uploads\/2022\/05\/2011-07-07_1.jpg\" alt=\"\" width=\"1024\" height=\"683\" srcset=\"https:\/\/www.huppy-patrimoine.fr\/wp-content\/uploads\/2022\/05\/2011-07-07_1.jpg 1024w, https:\/\/www.huppy-patrimoine.fr\/wp-content\/uploads\/2022\/05\/2011-07-07_1-300x200.jpg 300w, https:\/\/www.huppy-patrimoine.fr\/wp-content\/uploads\/2022\/05\/2011-07-07_1-768x512.jpg 768w\" sizes=\"auto, (max-width: 1024px) 100vw, 1024px\" \/><\/p>\n<p><img loading=\"lazy\" decoding=\"async\" class=\"aligncenter wp-image-6469 size-full\" src=\"https:\/\/www.huppy-patrimoine.fr\/wp-content\/uploads\/2022\/05\/2011-07-07_2.jpg\" alt=\"\" width=\"1024\" height=\"683\" srcset=\"https:\/\/www.huppy-patrimoine.fr\/wp-content\/uploads\/2022\/05\/2011-07-07_2.jpg 1024w, https:\/\/www.huppy-patrimoine.fr\/wp-content\/uploads\/2022\/05\/2011-07-07_2-300x200.jpg 300w, https:\/\/www.huppy-patrimoine.fr\/wp-content\/uploads\/2022\/05\/2011-07-07_2-768x512.jpg 768w\" sizes=\"auto, (max-width: 1024px) 100vw, 1024px\" \/><\/p>\n<p>&nbsp;<\/p>\n<p style=\"text-align: center;\"><span style=\"color: #800000;\"><strong><span style=\"font-family: 'times new roman', times, serif; font-size: 14pt;\">9 mai\u00a0 c\u00e9r\u00e9monie pour la guerre d&rsquo;Alg\u00e9rie<\/span><\/strong><\/span><\/p>\n<p><img loading=\"lazy\" decoding=\"async\" class=\"aligncenter wp-image-6479 size-full\" src=\"https:\/\/www.huppy-patrimoine.fr\/wp-content\/uploads\/2022\/05\/2011-07-07_0-3.jpg\" alt=\"\" width=\"1024\" height=\"683\" srcset=\"https:\/\/www.huppy-patrimoine.fr\/wp-content\/uploads\/2022\/05\/2011-07-07_0-3.jpg 1024w, https:\/\/www.huppy-patrimoine.fr\/wp-content\/uploads\/2022\/05\/2011-07-07_0-3-300x200.jpg 300w, https:\/\/www.huppy-patrimoine.fr\/wp-content\/uploads\/2022\/05\/2011-07-07_0-3-768x512.jpg 768w\" sizes=\"auto, (max-width: 1024px) 100vw, 1024px\" \/><\/p>\n<p><img loading=\"lazy\" decoding=\"async\" class=\"aligncenter wp-image-6480 size-full\" src=\"https:\/\/www.huppy-patrimoine.fr\/wp-content\/uploads\/2022\/05\/2011-07-07_1-2.jpg\" alt=\"\" width=\"1024\" height=\"683\" srcset=\"https:\/\/www.huppy-patrimoine.fr\/wp-content\/uploads\/2022\/05\/2011-07-07_1-2.jpg 1024w, https:\/\/www.huppy-patrimoine.fr\/wp-content\/uploads\/2022\/05\/2011-07-07_1-2-300x200.jpg 300w, https:\/\/www.huppy-patrimoine.fr\/wp-content\/uploads\/2022\/05\/2011-07-07_1-2-768x512.jpg 768w\" sizes=\"auto, (max-width: 1024px) 100vw, 1024px\" \/><\/p>\n<p><img loading=\"lazy\" decoding=\"async\" class=\"aligncenter wp-image-6481 size-full\" src=\"https:\/\/www.huppy-patrimoine.fr\/wp-content\/uploads\/2022\/05\/2011-07-07_2-2.jpg\" alt=\"\" width=\"1024\" height=\"683\" srcset=\"https:\/\/www.huppy-patrimoine.fr\/wp-content\/uploads\/2022\/05\/2011-07-07_2-2.jpg 1024w, https:\/\/www.huppy-patrimoine.fr\/wp-content\/uploads\/2022\/05\/2011-07-07_2-2-300x200.jpg 300w, https:\/\/www.huppy-patrimoine.fr\/wp-content\/uploads\/2022\/05\/2011-07-07_2-2-768x512.jpg 768w\" sizes=\"auto, (max-width: 1024px) 100vw, 1024px\" \/><\/p>\n<p><img loading=\"lazy\" decoding=\"async\" class=\"aligncenter wp-image-6482 size-full\" src=\"https:\/\/www.huppy-patrimoine.fr\/wp-content\/uploads\/2022\/05\/2011-07-07_5-2.jpg\" alt=\"\" width=\"1024\" height=\"683\" srcset=\"https:\/\/www.huppy-patrimoine.fr\/wp-content\/uploads\/2022\/05\/2011-07-07_5-2.jpg 1024w, https:\/\/www.huppy-patrimoine.fr\/wp-content\/uploads\/2022\/05\/2011-07-07_5-2-300x200.jpg 300w, https:\/\/www.huppy-patrimoine.fr\/wp-content\/uploads\/2022\/05\/2011-07-07_5-2-768x512.jpg 768w\" sizes=\"auto, (max-width: 1024px) 100vw, 1024px\" \/><\/p>\n<p><img loading=\"lazy\" decoding=\"async\" class=\"aligncenter wp-image-6483 size-full\" src=\"https:\/\/www.huppy-patrimoine.fr\/wp-content\/uploads\/2022\/05\/2011-07-07_6-2.jpg\" alt=\"\" width=\"1024\" height=\"683\" srcset=\"https:\/\/www.huppy-patrimoine.fr\/wp-content\/uploads\/2022\/05\/2011-07-07_6-2.jpg 1024w, https:\/\/www.huppy-patrimoine.fr\/wp-content\/uploads\/2022\/05\/2011-07-07_6-2-300x200.jpg 300w, https:\/\/www.huppy-patrimoine.fr\/wp-content\/uploads\/2022\/05\/2011-07-07_6-2-768x512.jpg 768w\" sizes=\"auto, (max-width: 1024px) 100vw, 1024px\" \/><\/p>\n<p><img loading=\"lazy\" decoding=\"async\" class=\"aligncenter wp-image-6484 size-full\" src=\"https:\/\/www.huppy-patrimoine.fr\/wp-content\/uploads\/2022\/05\/2011-07-07_7-2.jpg\" alt=\"\" width=\"1024\" height=\"683\" srcset=\"https:\/\/www.huppy-patrimoine.fr\/wp-content\/uploads\/2022\/05\/2011-07-07_7-2.jpg 1024w, https:\/\/www.huppy-patrimoine.fr\/wp-content\/uploads\/2022\/05\/2011-07-07_7-2-300x200.jpg 300w, https:\/\/www.huppy-patrimoine.fr\/wp-content\/uploads\/2022\/05\/2011-07-07_7-2-768x512.jpg 768w\" sizes=\"auto, (max-width: 1024px) 100vw, 1024px\" \/><\/p>\n","protected":false},"excerpt":{"rendered":"<p>C\u00e9r\u00e9monie du 8 mai &nbsp; 9 mai\u00a0 c\u00e9r\u00e9monie pour la guerre d&rsquo;Alg\u00e9rie<\/p>\n","protected":false},"author":2,"featured_media":0,"parent":0,"menu_order":0,"comment_status":"closed","ping_status":"closed","template":"","meta":{"footnotes":""},"categories":[],"tags":[],"class_list":["post-6463","page","type-page","status-publish","hentry"],"_links":{"self":[{"href":"https:\/\/www.huppy-patrimoine.fr\/index.php\/wp-json\/wp\/v2\/pages\/6463","targetHints":{"allow":["GET"]}}],"collection":[{"href":"https:\/\/www.huppy-patrimoine.fr\/index.php\/wp-json\/wp\/v2\/pages"}],"about":[{"href":"https:\/\/www.huppy-patrimoine.fr\/index.php\/wp-json\/wp\/v2\/types\/page"}],"author":[{"embeddable":true,"href":"https:\/\/www.huppy-patrimoine.fr\/index.php\/wp-json\/wp\/v2\/users\/2"}],"replies":[{"embeddable":true,"href":"https:\/\/www.huppy-patrimoine.fr\/index.php\/wp-json\/wp\/v2\/comments?post=6463"}],"version-history":[{"count":10,"href":"https:\/\/www.huppy-patrimoine.fr\/index.php\/wp-json\/wp\/v2\/pages\/6463\/revisions"}],"predecessor-version":[{"id":6489,"href":"https:\/\/www.huppy-patrimoine.fr\/index.php\/wp-json\/wp\/v2\/pages\/6463\/revisions\/6489"}],"wp:attachment":[{"href":"https:\/\/www.huppy-patrimoine.fr\/index.php\/wp-json\/wp\/v2\/media?parent=6463"}],"wp:term":[{"taxonomy":"category","embeddable":true,"href":"https:\/\/www.huppy-patrimoine.fr\/index.php\/wp-json\/wp\/v2\/categories?post=6463"},{"taxonomy":"post_tag","embeddable":true,"href":"https:\/\/www.huppy-patrimoine.fr\/index.php\/wp-json\/wp\/v2\/tags?post=6463"}],"curies":[{"name":"wp","href":"https:\/\/api.w.org\/{rel}","templated":true}]}}