
{"id":7444,"date":"2023-09-20T16:02:35","date_gmt":"2023-09-20T14:02:35","guid":{"rendered":"https:\/\/www.huppy-patrimoine.fr\/?page_id=7444"},"modified":"2025-01-09T17:21:11","modified_gmt":"2025-01-09T16:21:11","slug":"daniel-mellier","status":"publish","type":"page","link":"https:\/\/www.huppy-patrimoine.fr\/index.php\/daniel-mellier\/","title":{"rendered":"Daniel Mellier"},"content":{"rendered":"<p style=\"text-align: center;\"><strong><span style=\"font-family: 'times new roman', times, serif; font-size: 14pt; color: #800000;\">Le dernier agriculteur huppinois travaillant avec ses chevaux<\/span><\/strong><\/p>\n<p style=\"text-align: center;\">\u00a0Nous le voyons ici partir au travaux de la terre dans les \u00ab\u00a0quatre-vingt\u00a0\u00bb, mont\u00e9 sur un de ses chevaux<\/p>\n<p>Jusqu&rsquo;\u00e0 sa retraite vers\u00a0 les ann\u00e9es 1995, il n&rsquo;a jamais utilis\u00e9 de tracteur. Il \u00e9tait la figure de l&rsquo;agriculture d&rsquo;autrefois. On se d\u00e9pla\u00e7ait pour le voir travailler.<\/p>\n<figure id=\"attachment_8268\" aria-describedby=\"caption-attachment-8268\" style=\"width: 2560px\" class=\"wp-caption aligncenter\"><img loading=\"lazy\" decoding=\"async\" class=\"wp-image-8268 size-full\" src=\"https:\/\/www.huppy-patrimoine.fr\/wp-content\/uploads\/2025\/01\/img20250109_10140473-scaled.jpg\" alt=\"\" width=\"2560\" height=\"1428\" srcset=\"https:\/\/www.huppy-patrimoine.fr\/wp-content\/uploads\/2025\/01\/img20250109_10140473-scaled.jpg 2560w, https:\/\/www.huppy-patrimoine.fr\/wp-content\/uploads\/2025\/01\/img20250109_10140473-300x167.jpg 300w, https:\/\/www.huppy-patrimoine.fr\/wp-content\/uploads\/2025\/01\/img20250109_10140473-1024x571.jpg 1024w, https:\/\/www.huppy-patrimoine.fr\/wp-content\/uploads\/2025\/01\/img20250109_10140473-768x428.jpg 768w, https:\/\/www.huppy-patrimoine.fr\/wp-content\/uploads\/2025\/01\/img20250109_10140473-1536x857.jpg 1536w, https:\/\/www.huppy-patrimoine.fr\/wp-content\/uploads\/2025\/01\/img20250109_10140473-2048x1142.jpg 2048w\" sizes=\"auto, (max-width: 2560px) 100vw, 2560px\" \/><figcaption id=\"caption-attachment-8268\" class=\"wp-caption-text\"><strong><span style=\"font-family: 'times new roman', times, serif; font-size: 14pt;\">Daniel labourant sa terre dans les quatre-vingt &#8211; <span style=\"font-size: 8pt;\">Photos :ASPACHuppy<\/span><\/span><\/strong><\/figcaption><\/figure>\n<p>&nbsp;<\/p>\n<figure id=\"attachment_7442\" aria-describedby=\"caption-attachment-7442\" style=\"width: 1171px\" class=\"wp-caption aligncenter\"><img loading=\"lazy\" decoding=\"async\" class=\"wp-image-7442 size-full\" src=\"https:\/\/www.huppy-patrimoine.fr\/wp-content\/uploads\/2023\/09\/Daniel-Mellier-1-1.jpg\" alt=\"\" width=\"1171\" height=\"1332\" srcset=\"https:\/\/www.huppy-patrimoine.fr\/wp-content\/uploads\/2023\/09\/Daniel-Mellier-1-1.jpg 1171w, https:\/\/www.huppy-patrimoine.fr\/wp-content\/uploads\/2023\/09\/Daniel-Mellier-1-1-264x300.jpg 264w, https:\/\/www.huppy-patrimoine.fr\/wp-content\/uploads\/2023\/09\/Daniel-Mellier-1-1-900x1024.jpg 900w, https:\/\/www.huppy-patrimoine.fr\/wp-content\/uploads\/2023\/09\/Daniel-Mellier-1-1-768x874.jpg 768w\" sizes=\"auto, (max-width: 1171px) 100vw, 1171px\" \/><figcaption id=\"caption-attachment-7442\" class=\"wp-caption-text\"><strong><span style=\"font-family: 'times new roman', times, serif; font-size: 14pt;\">En route pour les quatre-vingt!<\/span><\/strong><\/figcaption><\/figure>\n<p>&nbsp;<\/p>\n<figure id=\"attachment_7440\" aria-describedby=\"caption-attachment-7440\" style=\"width: 719px\" class=\"wp-caption aligncenter\"><img loading=\"lazy\" decoding=\"async\" class=\"wp-image-7440 size-large\" src=\"https:\/\/www.huppy-patrimoine.fr\/wp-content\/uploads\/2023\/09\/Daniel-mellier-719x1024.jpg\" alt=\"\" width=\"719\" height=\"1024\" srcset=\"https:\/\/www.huppy-patrimoine.fr\/wp-content\/uploads\/2023\/09\/Daniel-mellier-719x1024.jpg 719w, https:\/\/www.huppy-patrimoine.fr\/wp-content\/uploads\/2023\/09\/Daniel-mellier-211x300.jpg 211w, https:\/\/www.huppy-patrimoine.fr\/wp-content\/uploads\/2023\/09\/Daniel-mellier-768x1094.jpg 768w, https:\/\/www.huppy-patrimoine.fr\/wp-content\/uploads\/2023\/09\/Daniel-mellier-1078x1536.jpg 1078w, https:\/\/www.huppy-patrimoine.fr\/wp-content\/uploads\/2023\/09\/Daniel-mellier.jpg 1200w\" sizes=\"auto, (max-width: 719px) 100vw, 719px\" \/><figcaption id=\"caption-attachment-7440\" class=\"wp-caption-text\"><span style=\"font-family: 'times new roman', times, serif; font-size: 14pt;\"><strong>Mont\u00e9 en amazone sur un de ses deux chevaux &#8211; <span style=\"font-size: 8pt;\">Photos :ASPACHuppy<\/span><\/strong><\/span><\/figcaption><\/figure>\n<figure id=\"attachment_7439\" aria-describedby=\"caption-attachment-7439\" style=\"width: 783px\" class=\"wp-caption aligncenter\"><img loading=\"lazy\" decoding=\"async\" class=\"wp-image-7439 size-large\" src=\"https:\/\/www.huppy-patrimoine.fr\/wp-content\/uploads\/2023\/09\/Daniel-Mellier-2-1024x798.jpg\" alt=\"\" width=\"783\" height=\"610\" srcset=\"https:\/\/www.huppy-patrimoine.fr\/wp-content\/uploads\/2023\/09\/Daniel-Mellier-2-1024x798.jpg 1024w, https:\/\/www.huppy-patrimoine.fr\/wp-content\/uploads\/2023\/09\/Daniel-Mellier-2-300x234.jpg 300w, https:\/\/www.huppy-patrimoine.fr\/wp-content\/uploads\/2023\/09\/Daniel-Mellier-2-768x598.jpg 768w, https:\/\/www.huppy-patrimoine.fr\/wp-content\/uploads\/2023\/09\/Daniel-Mellier-2-1536x1196.jpg 1536w, https:\/\/www.huppy-patrimoine.fr\/wp-content\/uploads\/2023\/09\/Daniel-Mellier-2.jpg 1606w\" sizes=\"auto, (max-width: 783px) 100vw, 783px\" \/><figcaption id=\"caption-attachment-7439\" class=\"wp-caption-text\"><strong><span style=\"font-family: 'times new roman', times, serif; font-size: 14pt;\">Ici au travail. Ses chevaux attel\u00e9s aux herses &#8211; <span style=\"font-size: 8pt;\">Photos :ASPACHuppy<\/span><\/span><\/strong><\/figcaption><\/figure>\n<p>&nbsp;<\/p>\n<figure id=\"attachment_8273\" aria-describedby=\"caption-attachment-8273\" style=\"width: 2084px\" class=\"wp-caption aligncenter\"><img loading=\"lazy\" decoding=\"async\" class=\"wp-image-8273 size-full\" src=\"https:\/\/www.huppy-patrimoine.fr\/wp-content\/uploads\/2025\/01\/DSCF2648-scaled.jpg\" alt=\"\" width=\"2084\" height=\"2560\" srcset=\"https:\/\/www.huppy-patrimoine.fr\/wp-content\/uploads\/2025\/01\/DSCF2648-scaled.jpg 2084w, https:\/\/www.huppy-patrimoine.fr\/wp-content\/uploads\/2025\/01\/DSCF2648-244x300.jpg 244w, https:\/\/www.huppy-patrimoine.fr\/wp-content\/uploads\/2025\/01\/DSCF2648-834x1024.jpg 834w, https:\/\/www.huppy-patrimoine.fr\/wp-content\/uploads\/2025\/01\/DSCF2648-768x944.jpg 768w, https:\/\/www.huppy-patrimoine.fr\/wp-content\/uploads\/2025\/01\/DSCF2648-1250x1536.jpg 1250w, https:\/\/www.huppy-patrimoine.fr\/wp-content\/uploads\/2025\/01\/DSCF2648-1667x2048.jpg 1667w\" sizes=\"auto, (max-width: 2084px) 100vw, 2084px\" \/><figcaption id=\"caption-attachment-8273\" class=\"wp-caption-text\"><strong><span style=\"font-family: 'times new roman', times, serif; font-size: 14pt;\">Travaux chez des particuliers &#8211; <span style=\"font-size: 8pt;\">Photos :ASPACHuppy<\/span><\/span><\/strong><\/figcaption><\/figure>\n","protected":false},"excerpt":{"rendered":"<p>Le dernier agriculteur huppinois travaillant avec ses chevaux \u00a0Nous le voyons ici partir au travaux de la terre dans les \u00ab\u00a0quatre-vingt\u00a0\u00bb, mont\u00e9 sur un de<\/p>\n","protected":false},"author":2,"featured_media":0,"parent":0,"menu_order":0,"comment_status":"closed","ping_status":"closed","template":"","meta":{"footnotes":""},"categories":[],"tags":[],"class_list":["post-7444","page","type-page","status-publish","hentry"],"_links":{"self":[{"href":"https:\/\/www.huppy-patrimoine.fr\/index.php\/wp-json\/wp\/v2\/pages\/7444","targetHints":{"allow":["GET"]}}],"collection":[{"href":"https:\/\/www.huppy-patrimoine.fr\/index.php\/wp-json\/wp\/v2\/pages"}],"about":[{"href":"https:\/\/www.huppy-patrimoine.fr\/index.php\/wp-json\/wp\/v2\/types\/page"}],"author":[{"embeddable":true,"href":"https:\/\/www.huppy-patrimoine.fr\/index.php\/wp-json\/wp\/v2\/users\/2"}],"replies":[{"embeddable":true,"href":"https:\/\/www.huppy-patrimoine.fr\/index.php\/wp-json\/wp\/v2\/comments?post=7444"}],"version-history":[{"count":14,"href":"https:\/\/www.huppy-patrimoine.fr\/index.php\/wp-json\/wp\/v2\/pages\/7444\/revisions"}],"predecessor-version":[{"id":8275,"href":"https:\/\/www.huppy-patrimoine.fr\/index.php\/wp-json\/wp\/v2\/pages\/7444\/revisions\/8275"}],"wp:attachment":[{"href":"https:\/\/www.huppy-patrimoine.fr\/index.php\/wp-json\/wp\/v2\/media?parent=7444"}],"wp:term":[{"taxonomy":"category","embeddable":true,"href":"https:\/\/www.huppy-patrimoine.fr\/index.php\/wp-json\/wp\/v2\/categories?post=7444"},{"taxonomy":"post_tag","embeddable":true,"href":"https:\/\/www.huppy-patrimoine.fr\/index.php\/wp-json\/wp\/v2\/tags?post=7444"}],"curies":[{"name":"wp","href":"https:\/\/api.w.org\/{rel}","templated":true}]}}