
{"id":7763,"date":"2024-02-06T13:03:42","date_gmt":"2024-02-06T12:03:42","guid":{"rendered":"https:\/\/www.huppy-patrimoine.fr\/?page_id=7763"},"modified":"2024-12-05T11:20:28","modified_gmt":"2024-12-05T10:20:28","slug":"bibliotheque-municipale-de-huppy","status":"publish","type":"page","link":"https:\/\/www.huppy-patrimoine.fr\/index.php\/bibliotheque-municipale-de-huppy\/","title":{"rendered":"Biblioth\u00e9que municipale de Huppy"},"content":{"rendered":"<p style=\"text-align: center;\"><span style=\"font-family: 'times new roman', times, serif; font-size: 14pt; color: #800000;\"><strong>La s\u00e9lection du mois de d\u00e9cembre<\/strong><\/span><\/p>\n<p><img loading=\"lazy\" decoding=\"async\" class=\"aligncenter wp-image-7963 size-full\" src=\"https:\/\/www.huppy-patrimoine.fr\/wp-content\/uploads\/2024\/12\/mois-decelbre.jpg\" alt=\"\" width=\"964\" height=\"899\" srcset=\"https:\/\/www.huppy-patrimoine.fr\/wp-content\/uploads\/2024\/12\/mois-decelbre.jpg 964w, https:\/\/www.huppy-patrimoine.fr\/wp-content\/uploads\/2024\/12\/mois-decelbre-300x280.jpg 300w, https:\/\/www.huppy-patrimoine.fr\/wp-content\/uploads\/2024\/12\/mois-decelbre-768x716.jpg 768w\" sizes=\"auto, (max-width: 964px) 100vw, 964px\" \/><\/p>\n<p>&nbsp;<\/p>\n<p><img loading=\"lazy\" decoding=\"async\" class=\"aligncenter\" src=\"https:\/\/www.huppy-patrimoine.fr\/wp-content\/uploads\/2024\/02\/Ouverture-et-plan.png\" alt=\"\" width=\"626\" height=\"641\" \/><\/p>\n<p>&nbsp;<\/p>\n<p><img loading=\"lazy\" decoding=\"async\" class=\"aligncenter wp-image-7773 size-full\" src=\"https:\/\/www.huppy-patrimoine.fr\/wp-content\/uploads\/2024\/02\/Capture-1.png\" alt=\"\" width=\"1023\" height=\"730\" srcset=\"https:\/\/www.huppy-patrimoine.fr\/wp-content\/uploads\/2024\/02\/Capture-1.png 1023w, https:\/\/www.huppy-patrimoine.fr\/wp-content\/uploads\/2024\/02\/Capture-1-300x214.png 300w, https:\/\/www.huppy-patrimoine.fr\/wp-content\/uploads\/2024\/02\/Capture-1-768x548.png 768w\" sizes=\"auto, (max-width: 1023px) 100vw, 1023px\" \/><\/p>\n<p>&nbsp;<\/p>\n<figure id=\"attachment_7532\" aria-describedby=\"caption-attachment-7532\" style=\"width: 599px\" class=\"wp-caption aligncenter\"><img loading=\"lazy\" decoding=\"async\" class=\"wp-image-7532 size-full\" src=\"https:\/\/www.huppy-patrimoine.fr\/wp-content\/uploads\/2023\/10\/Capture.png\" alt=\"\" width=\"599\" height=\"387\" srcset=\"https:\/\/www.huppy-patrimoine.fr\/wp-content\/uploads\/2023\/10\/Capture.png 599w, https:\/\/www.huppy-patrimoine.fr\/wp-content\/uploads\/2023\/10\/Capture-300x194.png 300w\" sizes=\"auto, (max-width: 599px) 100vw, 599px\" \/><figcaption id=\"caption-attachment-7532\" class=\"wp-caption-text\"><span style=\"color: #800000;\"><strong><span style=\"font-family: 'times new roman', times, serif; font-size: 14pt;\">Article Courrier picard d\u00e9cembre 2023<\/span><\/strong><\/span><\/figcaption><\/figure>\n<figure id=\"attachment_7730\" aria-describedby=\"caption-attachment-7730\" style=\"width: 783px\" class=\"wp-caption aligncenter\"><img loading=\"lazy\" decoding=\"async\" class=\"wp-image-7730 size-large\" src=\"https:\/\/www.huppy-patrimoine.fr\/wp-content\/uploads\/2023\/12\/img20231228_13155345-1024x670.jpg\" alt=\"\" width=\"783\" height=\"512\" srcset=\"https:\/\/www.huppy-patrimoine.fr\/wp-content\/uploads\/2023\/12\/img20231228_13155345-1024x670.jpg 1024w, https:\/\/www.huppy-patrimoine.fr\/wp-content\/uploads\/2023\/12\/img20231228_13155345-300x196.jpg 300w, https:\/\/www.huppy-patrimoine.fr\/wp-content\/uploads\/2023\/12\/img20231228_13155345-768x503.jpg 768w, https:\/\/www.huppy-patrimoine.fr\/wp-content\/uploads\/2023\/12\/img20231228_13155345-1536x1005.jpg 1536w, https:\/\/www.huppy-patrimoine.fr\/wp-content\/uploads\/2023\/12\/img20231228_13155345-2048x1340.jpg 2048w, https:\/\/www.huppy-patrimoine.fr\/wp-content\/uploads\/2023\/12\/img20231228_13155345-781x512.jpg 781w\" sizes=\"auto, (max-width: 783px) 100vw, 783px\" \/><figcaption id=\"caption-attachment-7730\" class=\"wp-caption-text\"><span style=\"color: #800000;\"><strong><span style=\"font-family: 'times new roman', times, serif; font-size: 14pt;\">Article Journal d&rsquo;Abbeville 28 d\u00e9cembre 2023<\/span><\/strong><\/span><\/figcaption><\/figure>\n<figure id=\"attachment_7714\" aria-describedby=\"caption-attachment-7714\" style=\"width: 783px\" class=\"wp-caption aligncenter\"><img loading=\"lazy\" decoding=\"async\" class=\"wp-image-7714 size-large\" src=\"https:\/\/www.huppy-patrimoine.fr\/wp-content\/uploads\/2023\/12\/Resized_20231220_1900523001-1024x461.jpg\" alt=\"\" width=\"783\" height=\"353\" srcset=\"https:\/\/www.huppy-patrimoine.fr\/wp-content\/uploads\/2023\/12\/Resized_20231220_1900523001-1024x461.jpg 1024w, https:\/\/www.huppy-patrimoine.fr\/wp-content\/uploads\/2023\/12\/Resized_20231220_1900523001-300x135.jpg 300w, https:\/\/www.huppy-patrimoine.fr\/wp-content\/uploads\/2023\/12\/Resized_20231220_1900523001-768x346.jpg 768w, https:\/\/www.huppy-patrimoine.fr\/wp-content\/uploads\/2023\/12\/Resized_20231220_1900523001-1536x692.jpg 1536w, https:\/\/www.huppy-patrimoine.fr\/wp-content\/uploads\/2023\/12\/Resized_20231220_1900523001.jpg 2016w\" sizes=\"auto, (max-width: 783px) 100vw, 783px\" \/><figcaption id=\"caption-attachment-7714\" class=\"wp-caption-text\"><span style=\"color: #800000;\"><strong><span style=\"font-family: 'times new roman', times, serif; font-size: 14pt;\">Inauguration de la Biblioth\u00e9que 20 d\u00e9cembre 2023 &#8211; Discours du Pr\u00e9sident<\/span><\/strong><\/span><\/figcaption><\/figure>\n<p>&nbsp;<\/p>\n<p>&nbsp;<\/p>\n<p>&nbsp;<\/p>\n<p>&nbsp;<\/p>\n","protected":false},"excerpt":{"rendered":"<p>La s\u00e9lection du mois de d\u00e9cembre &nbsp; &nbsp; &nbsp; &nbsp; &nbsp; &nbsp; &nbsp;<\/p>\n","protected":false},"author":2,"featured_media":0,"parent":0,"menu_order":0,"comment_status":"closed","ping_status":"closed","template":"","meta":{"footnotes":""},"categories":[],"tags":[],"class_list":["post-7763","page","type-page","status-publish","hentry"],"_links":{"self":[{"href":"https:\/\/www.huppy-patrimoine.fr\/index.php\/wp-json\/wp\/v2\/pages\/7763","targetHints":{"allow":["GET"]}}],"collection":[{"href":"https:\/\/www.huppy-patrimoine.fr\/index.php\/wp-json\/wp\/v2\/pages"}],"about":[{"href":"https:\/\/www.huppy-patrimoine.fr\/index.php\/wp-json\/wp\/v2\/types\/page"}],"author":[{"embeddable":true,"href":"https:\/\/www.huppy-patrimoine.fr\/index.php\/wp-json\/wp\/v2\/users\/2"}],"replies":[{"embeddable":true,"href":"https:\/\/www.huppy-patrimoine.fr\/index.php\/wp-json\/wp\/v2\/comments?post=7763"}],"version-history":[{"count":21,"href":"https:\/\/www.huppy-patrimoine.fr\/index.php\/wp-json\/wp\/v2\/pages\/7763\/revisions"}],"predecessor-version":[{"id":7967,"href":"https:\/\/www.huppy-patrimoine.fr\/index.php\/wp-json\/wp\/v2\/pages\/7763\/revisions\/7967"}],"wp:attachment":[{"href":"https:\/\/www.huppy-patrimoine.fr\/index.php\/wp-json\/wp\/v2\/media?parent=7763"}],"wp:term":[{"taxonomy":"category","embeddable":true,"href":"https:\/\/www.huppy-patrimoine.fr\/index.php\/wp-json\/wp\/v2\/categories?post=7763"},{"taxonomy":"post_tag","embeddable":true,"href":"https:\/\/www.huppy-patrimoine.fr\/index.php\/wp-json\/wp\/v2\/tags?post=7763"}],"curies":[{"name":"wp","href":"https:\/\/api.w.org\/{rel}","templated":true}]}}