
{"id":8046,"date":"2024-12-21T16:30:58","date_gmt":"2024-12-21T15:30:58","guid":{"rendered":"https:\/\/www.huppy-patrimoine.fr\/?page_id=8046"},"modified":"2024-12-22T15:33:15","modified_gmt":"2024-12-22T14:33:15","slug":"le-gillard","status":"publish","type":"page","link":"https:\/\/www.huppy-patrimoine.fr\/index.php\/le-gillard\/","title":{"rendered":"Dessins du patrimoine de Huppy r\u00e9alis\u00e9s au XIX\u00e8me si\u00e8cle &#8211; Archives et Biblioth\u00e8que patrimoniale d\u2019Abbeville"},"content":{"rendered":"<p><span style=\"font-size: 18pt; color: #800000;\"><strong><em><span style=\"font-family: 'times new roman', times, serif;\">Le GILLARD &#8211; Dessins \u00e0 la plume d&rsquo;apr\u00e8s nature 1850 &#8211; 1870<\/span><\/em><\/strong><\/span><\/p>\n<div class=\"_df_book df-lite\" id=\"df_8052\"  _slug=\"le-gillard\" data-title=\"le-gillard\" wpoptions=\"true\" thumbtype=\"\" ><\/div><script class=\"df-shortcode-script\" nowprocket type=\"application\/javascript\">window.option_df_8052 = {\"outline\":[],\"autoEnableOutline\":\"false\",\"autoEnableThumbnail\":\"false\",\"overwritePDFOutline\":\"false\",\"direction\":\"1\",\"pageSize\":\"0\",\"source\":\"https:\\\/\\\/www.huppy-patrimoine.fr\\\/wp-content\\\/uploads\\\/2024\\\/12\\\/Dessins-Huppy-Le-GILLARD-1.pdf\",\"wpOptions\":\"true\"}; if(window.DFLIP && window.DFLIP.parseBooks){window.DFLIP.parseBooks();}<\/script>\n<p>&nbsp;<\/p>\n<p><span style=\"color: #800000;\"><strong><em><span style=\"font-family: 'times new roman', times, serif; font-size: 18pt;\">Oswald MAQUERON &#8211; Aquarelles d&rsquo;apr\u00e8s nature 1850 &#8211; 1870<\/span><\/em><\/strong><\/span><\/p>\n<div class=\"_df_book df-lite\" id=\"df_8087\"  _slug=\"aquarelles-oswald-maqueron\" data-title=\"aquarelles-oswald-maqueron\" wpoptions=\"true\" thumbtype=\"\" ><\/div><script class=\"df-shortcode-script\" nowprocket type=\"application\/javascript\">window.option_df_8087 = {\"outline\":[],\"autoEnableOutline\":\"false\",\"autoEnableThumbnail\":\"false\",\"overwritePDFOutline\":\"false\",\"direction\":\"1\",\"pageSize\":\"0\",\"source\":\"https:\\\/\\\/www.huppy-patrimoine.fr\\\/wp-content\\\/uploads\\\/2024\\\/12\\\/Aquareles-Oswald-MAQUERON.pdf\",\"wpOptions\":\"true\"}; if(window.DFLIP && window.DFLIP.parseBooks){window.DFLIP.parseBooks();}<\/script>\n<p>&nbsp;<\/p>\n","protected":false},"excerpt":{"rendered":"<p>Le GILLARD &#8211; Dessins \u00e0 la plume d&rsquo;apr\u00e8s nature 1850 &#8211; 1870 &nbsp; Oswald MAQUERON &#8211; Aquarelles d&rsquo;apr\u00e8s nature 1850 &#8211; 1870 &nbsp;<\/p>\n","protected":false},"author":2,"featured_media":0,"parent":0,"menu_order":0,"comment_status":"closed","ping_status":"closed","template":"","meta":{"footnotes":""},"categories":[],"tags":[],"class_list":["post-8046","page","type-page","status-publish","hentry"],"_links":{"self":[{"href":"https:\/\/www.huppy-patrimoine.fr\/index.php\/wp-json\/wp\/v2\/pages\/8046","targetHints":{"allow":["GET"]}}],"collection":[{"href":"https:\/\/www.huppy-patrimoine.fr\/index.php\/wp-json\/wp\/v2\/pages"}],"about":[{"href":"https:\/\/www.huppy-patrimoine.fr\/index.php\/wp-json\/wp\/v2\/types\/page"}],"author":[{"embeddable":true,"href":"https:\/\/www.huppy-patrimoine.fr\/index.php\/wp-json\/wp\/v2\/users\/2"}],"replies":[{"embeddable":true,"href":"https:\/\/www.huppy-patrimoine.fr\/index.php\/wp-json\/wp\/v2\/comments?post=8046"}],"version-history":[{"count":12,"href":"https:\/\/www.huppy-patrimoine.fr\/index.php\/wp-json\/wp\/v2\/pages\/8046\/revisions"}],"predecessor-version":[{"id":8092,"href":"https:\/\/www.huppy-patrimoine.fr\/index.php\/wp-json\/wp\/v2\/pages\/8046\/revisions\/8092"}],"wp:attachment":[{"href":"https:\/\/www.huppy-patrimoine.fr\/index.php\/wp-json\/wp\/v2\/media?parent=8046"}],"wp:term":[{"taxonomy":"category","embeddable":true,"href":"https:\/\/www.huppy-patrimoine.fr\/index.php\/wp-json\/wp\/v2\/categories?post=8046"},{"taxonomy":"post_tag","embeddable":true,"href":"https:\/\/www.huppy-patrimoine.fr\/index.php\/wp-json\/wp\/v2\/tags?post=8046"}],"curies":[{"name":"wp","href":"https:\/\/api.w.org\/{rel}","templated":true}]}}