
{"id":8702,"date":"2025-07-01T13:46:47","date_gmt":"2025-07-01T11:46:47","guid":{"rendered":"https:\/\/www.huppy-patrimoine.fr\/?page_id=8702"},"modified":"2025-07-01T16:02:34","modified_gmt":"2025-07-01T14:02:34","slug":"8702-2","status":"publish","type":"page","link":"https:\/\/www.huppy-patrimoine.fr\/index.php\/8702-2\/","title":{"rendered":"Huppy Hors s\u00e9rie Fontaine\/Somme"},"content":{"rendered":"<figure id=\"attachment_8721\" aria-describedby=\"caption-attachment-8721\" style=\"width: 859px\" class=\"wp-caption aligncenter\"><a href=\"https:\/\/www.huppy-patrimoine.fr\/index.php\/clip-fontaine-huppy\/\"><img loading=\"lazy\" decoding=\"async\" class=\"wp-image-8721 size-full\" src=\"https:\/\/www.huppy-patrimoine.fr\/wp-content\/uploads\/2025\/07\/Capture.png\" alt=\"\" width=\"859\" height=\"583\" srcset=\"https:\/\/www.huppy-patrimoine.fr\/wp-content\/uploads\/2025\/07\/Capture.png 859w, https:\/\/www.huppy-patrimoine.fr\/wp-content\/uploads\/2025\/07\/Capture-300x204.png 300w, https:\/\/www.huppy-patrimoine.fr\/wp-content\/uploads\/2025\/07\/Capture-768x521.png 768w\" sizes=\"auto, (max-width: 859px) 100vw, 859px\" \/><\/a><figcaption id=\"caption-attachment-8721\" class=\"wp-caption-text\"><span style=\"color: #800000;\"><strong><span style=\"font-family: 'times new roman', times, serif; font-size: 18pt;\">Visite guid\u00e9e et comment\u00e9e &#8211; D\u00e9couvrir Huppy avec les yeux de nos visiteurs<\/span><\/strong><\/span><\/figcaption><\/figure>\n<p>&nbsp;<\/p>\n","protected":false},"excerpt":{"rendered":"<p>&nbsp;<\/p>\n","protected":false},"author":2,"featured_media":0,"parent":0,"menu_order":0,"comment_status":"closed","ping_status":"closed","template":"","meta":{"footnotes":""},"categories":[],"tags":[],"class_list":["post-8702","page","type-page","status-publish","hentry"],"_links":{"self":[{"href":"https:\/\/www.huppy-patrimoine.fr\/index.php\/wp-json\/wp\/v2\/pages\/8702","targetHints":{"allow":["GET"]}}],"collection":[{"href":"https:\/\/www.huppy-patrimoine.fr\/index.php\/wp-json\/wp\/v2\/pages"}],"about":[{"href":"https:\/\/www.huppy-patrimoine.fr\/index.php\/wp-json\/wp\/v2\/types\/page"}],"author":[{"embeddable":true,"href":"https:\/\/www.huppy-patrimoine.fr\/index.php\/wp-json\/wp\/v2\/users\/2"}],"replies":[{"embeddable":true,"href":"https:\/\/www.huppy-patrimoine.fr\/index.php\/wp-json\/wp\/v2\/comments?post=8702"}],"version-history":[{"count":6,"href":"https:\/\/www.huppy-patrimoine.fr\/index.php\/wp-json\/wp\/v2\/pages\/8702\/revisions"}],"predecessor-version":[{"id":8735,"href":"https:\/\/www.huppy-patrimoine.fr\/index.php\/wp-json\/wp\/v2\/pages\/8702\/revisions\/8735"}],"wp:attachment":[{"href":"https:\/\/www.huppy-patrimoine.fr\/index.php\/wp-json\/wp\/v2\/media?parent=8702"}],"wp:term":[{"taxonomy":"category","embeddable":true,"href":"https:\/\/www.huppy-patrimoine.fr\/index.php\/wp-json\/wp\/v2\/categories?post=8702"},{"taxonomy":"post_tag","embeddable":true,"href":"https:\/\/www.huppy-patrimoine.fr\/index.php\/wp-json\/wp\/v2\/tags?post=8702"}],"curies":[{"name":"wp","href":"https:\/\/api.w.org\/{rel}","templated":true}]}}