
{"id":8769,"date":"2025-08-24T15:23:10","date_gmt":"2025-08-24T13:23:10","guid":{"rendered":"https:\/\/www.huppy-patrimoine.fr\/?page_id=8769"},"modified":"2025-09-02T15:47:37","modified_gmt":"2025-09-02T13:47:37","slug":"coordonnees-site-et-musees","status":"publish","type":"page","link":"https:\/\/www.huppy-patrimoine.fr\/index.php\/coordonnees-site-et-musees\/","title":{"rendered":"Nous contacter &#8211; RDV &#8211; VISITES &#8211; ACTIVITES"},"content":{"rendered":"<p><strong><span style=\"font-family: 'times new roman', times, serif; font-size: 14pt; color: #800000;\">Coordonn\u00e9es:<br \/>\n<\/span><\/strong><\/p>\n<p><span style=\"color: #800000; font-size: 18pt;\"><strong><span style=\"font-family: 'times new roman', times, serif;\"><span style=\"color: #000000;\"><span style=\"font-size: 14pt;\"><img loading=\"lazy\" decoding=\"async\" class=\"alignnone wp-image-8872\" src=\"https:\/\/www.huppy-patrimoine.fr\/wp-content\/uploads\/2025\/09\/capture-telephone-Picsart-BackgroundRemover.png\" alt=\"\" width=\"49\" height=\"40\" \/> <\/span><\/span><\/span><\/strong><\/span><span style=\"font-size: 14pt;\"><strong><span style=\"font-family: 'times new roman', times, serif; color: #800000;\">PROST Eric &#8211; 07 84 60 68 93 <\/span><span style=\"font-family: 'times new roman', times, serif;\">\u00a0Membre\u00a0<\/span><\/strong><\/span><\/p>\n<p><span style=\"color: #800000; font-size: 18pt;\"><strong><span style=\"font-family: 'times new roman', times, serif;\"><span style=\"color: #000000;\"><span style=\"font-size: 14pt;\"><img loading=\"lazy\" decoding=\"async\" class=\"alignnone wp-image-8872\" src=\"https:\/\/www.huppy-patrimoine.fr\/wp-content\/uploads\/2025\/09\/capture-telephone-Picsart-BackgroundRemover.png\" alt=\"\" width=\"49\" height=\"40\" \/> <\/span><\/span><\/span><\/strong><\/span><span style=\"font-size: 18pt; color: #800000;\"><strong><span style=\"font-family: 'times new roman', times, serif;\"><span style=\"font-size: 14pt;\">PARANT J-Pierre &#8211; 06 75 82 86 96<\/span> <\/span><\/strong><\/span><span style=\"font-size: 18pt;\"><strong><span style=\"font-family: 'times new roman', times, serif;\"><span style=\"font-size: 14pt;\">Pr\u00e9siden<\/span><\/span><\/strong><\/span><span style=\"font-size: 18pt;\"><strong><span style=\"font-family: 'times new roman', times, serif;\"><span style=\"font-size: 14pt;\">t<\/span><\/span><\/strong><\/span><\/p>\n<p><span style=\"color: #800000; font-size: 18pt;\"><strong><span style=\"font-family: 'times new roman', times, serif;\"><span style=\"color: #000000;\"><span style=\"font-size: 14pt;\"><img loading=\"lazy\" decoding=\"async\" class=\"alignnone wp-image-8871\" src=\"https:\/\/www.huppy-patrimoine.fr\/wp-content\/uploads\/2025\/09\/OIP-2-Picsart-BackgroundRemover-150x150.png\" alt=\"\" width=\"40\" height=\"40\" srcset=\"https:\/\/www.huppy-patrimoine.fr\/wp-content\/uploads\/2025\/09\/OIP-2-Picsart-BackgroundRemover-150x150.png 150w, https:\/\/www.huppy-patrimoine.fr\/wp-content\/uploads\/2025\/09\/OIP-2-Picsart-BackgroundRemover.png 233w\" sizes=\"auto, (max-width: 40px) 100vw, 40px\" \/> <\/span><\/span><\/span><\/strong><\/span><span style=\"font-size: 14pt;\"><strong><span style=\"font-family: 'times new roman', times, serif; color: #800000;\">jpparant@huppy-patrimoine.fr<\/span><\/strong><\/span><\/p>\n<p style=\"text-align: center;\"><img loading=\"lazy\" decoding=\"async\" class=\"wp-image-8817 alignleft\" src=\"https:\/\/www.huppy-patrimoine.fr\/wp-content\/uploads\/2025\/09\/OIP-5-150x150.jpg\" alt=\"\" width=\"50\" height=\"50\" srcset=\"https:\/\/www.huppy-patrimoine.fr\/wp-content\/uploads\/2025\/09\/OIP-5-150x150.jpg 150w, https:\/\/www.huppy-patrimoine.fr\/wp-content\/uploads\/2025\/09\/OIP-5-300x300.jpg 300w, https:\/\/www.huppy-patrimoine.fr\/wp-content\/uploads\/2025\/09\/OIP-5.jpg 474w\" sizes=\"auto, (max-width: 50px) 100vw, 50px\" \/><\/p>\n<p>&nbsp;<\/p>\n<p style=\"text-align: left;\"><span style=\"color: #800000; font-size: 14pt; font-family: 'times new roman', times, serif;\"><strong>Nos horaires d&rsquo;ouverture:<\/strong><\/span><\/p>\n<div style=\"width: 783px;\" class=\"wp-video\"><!--[if lt IE 9]><script>document.createElement('video');<\/script><![endif]-->\n<video class=\"wp-video-shortcode\" id=\"video-8769-1\" width=\"783\" height=\"440\" preload=\"metadata\" controls=\"controls\"><source type=\"video\/mp4\" src=\"https:\/\/www.huppy-patrimoine.fr\/wp-content\/uploads\/2025\/09\/Musee-Charles-de-Gaulle-1.mp4?_=1\" \/><a href=\"https:\/\/www.huppy-patrimoine.fr\/wp-content\/uploads\/2025\/09\/Musee-Charles-de-Gaulle-1.mp4\">https:\/\/www.huppy-patrimoine.fr\/wp-content\/uploads\/2025\/09\/Musee-Charles-de-Gaulle-1.mp4<\/a><\/video><\/div>\n<table style=\"width: 100%; border-collapse: collapse; border-style: double; background-color: #f0f2ce; border-color: #7a4b4b;\">\n<tbody>\n<tr>\n<td style=\"width: 100%;\">\n<p style=\"text-align: center;\"><span style=\"color: #800000; font-size: 18pt;\"><strong><span style=\"font-family: 'times new roman', times, serif;\">ESPACE M\u00e9moriel Charles De GAULLE:\u00a0 \u00a0<\/span><\/strong><\/span><\/p>\n<p style=\"text-align: center;\"><span style=\"color: #800000; font-size: 18pt;\"><strong><span style=\"font-family: 'times new roman', times, serif;\"><span style=\"color: #000000;\"><span style=\"font-size: 14pt;\">Tous les mercredis de 14h \u00e0 16 heures et sur RDV suivant nos coordonn\u00e9es \u00a0<img loading=\"lazy\" decoding=\"async\" class=\"alignnone wp-image-8872\" src=\"https:\/\/www.huppy-patrimoine.fr\/wp-content\/uploads\/2025\/09\/capture-telephone-Picsart-BackgroundRemover.png\" alt=\"\" width=\"49\" height=\"40\" \/>\u00a0 <img loading=\"lazy\" decoding=\"async\" class=\"alignnone wp-image-8871\" src=\"https:\/\/www.huppy-patrimoine.fr\/wp-content\/uploads\/2025\/09\/OIP-2-Picsart-BackgroundRemover-150x150.png\" alt=\"\" width=\"40\" height=\"40\" srcset=\"https:\/\/www.huppy-patrimoine.fr\/wp-content\/uploads\/2025\/09\/OIP-2-Picsart-BackgroundRemover-150x150.png 150w, https:\/\/www.huppy-patrimoine.fr\/wp-content\/uploads\/2025\/09\/OIP-2-Picsart-BackgroundRemover.png 233w\" sizes=\"auto, (max-width: 40px) 100vw, 40px\" \/><\/span><\/span><\/span><\/strong><\/span><\/p>\n<\/td>\n<\/tr>\n<\/tbody>\n<\/table>\n<div style=\"width: 783px;\" class=\"wp-video\"><video class=\"wp-video-shortcode\" id=\"video-8769-2\" width=\"783\" height=\"440\" preload=\"metadata\" controls=\"controls\"><source type=\"video\/mp4\" src=\"https:\/\/www.huppy-patrimoine.fr\/wp-content\/uploads\/2024\/05\/Musee-Jacques-Buiret-et-Claude-Piette-1.mp4?_=2\" \/><a href=\"https:\/\/www.huppy-patrimoine.fr\/wp-content\/uploads\/2024\/05\/Musee-Jacques-Buiret-et-Claude-Piette-1.mp4\">https:\/\/www.huppy-patrimoine.fr\/wp-content\/uploads\/2024\/05\/Musee-Jacques-Buiret-et-Claude-Piette-1.mp4<\/a><\/video><\/div>\n<table style=\"width: 100%; border-collapse: collapse; border-style: double; border-color: #7a4b4b; background-color: #f0f2ce;\">\n<tbody>\n<tr>\n<td style=\"width: 100%;\">\n<p style=\"text-align: center;\"><span style=\"color: #800000; font-size: 18pt;\"><strong><span style=\"font-family: 'times new roman', times, serif;\">Mus\u00e9e \u00ab\u00a0HUPPY-AUTREFOIS\u00a0\u00bb\u00a0 &#8211; EGLISE :\u00a0 \u00a0<\/span><\/strong><\/span><\/p>\n<p style=\"text-align: center;\"><span style=\"color: #800000; font-size: 14pt;\"><strong><span style=\"font-family: 'times new roman', times, serif;\"><span style=\"color: #000000;\">Sur RDV uniquement suivant nos coordonn\u00e9es <span style=\"color: #800000; font-size: 18pt;\"><span style=\"font-size: 14pt;\"><img loading=\"lazy\" decoding=\"async\" class=\"alignnone wp-image-8872\" src=\"https:\/\/www.huppy-patrimoine.fr\/wp-content\/uploads\/2025\/09\/capture-telephone-Picsart-BackgroundRemover.png\" alt=\"\" width=\"49\" height=\"40\" \/>\u00a0 <img loading=\"lazy\" decoding=\"async\" class=\"alignnone wp-image-8871\" src=\"https:\/\/www.huppy-patrimoine.fr\/wp-content\/uploads\/2025\/09\/OIP-2-Picsart-BackgroundRemover-150x150.png\" alt=\"\" width=\"40\" height=\"40\" srcset=\"https:\/\/www.huppy-patrimoine.fr\/wp-content\/uploads\/2025\/09\/OIP-2-Picsart-BackgroundRemover-150x150.png 150w, https:\/\/www.huppy-patrimoine.fr\/wp-content\/uploads\/2025\/09\/OIP-2-Picsart-BackgroundRemover.png 233w\" sizes=\"auto, (max-width: 40px) 100vw, 40px\" \/><\/span><\/span><\/span><\/span><\/strong><\/span><\/p>\n<\/td>\n<\/tr>\n<\/tbody>\n<\/table>\n<table style=\"width: 100%; border-collapse: collapse; border-color: #7a4b4b; border-style: double; background-color: #f0f2ce;\">\n<tbody>\n<tr>\n<td style=\"width: 100%;\">\n<p style=\"text-align: center;\"><strong style=\"font-family: 'times new roman', times, serif; font-size: 18pt;\"><span style=\"color: #800000;\"><img loading=\"lazy\" decoding=\"async\" class=\"wp-image-8787 size-full aligncenter\" src=\"https:\/\/www.huppy-patrimoine.fr\/wp-content\/uploads\/2025\/08\/518334102_1074769021416785_4553564330954792051_n.jpg\" alt=\"\" width=\"594\" height=\"414\" srcset=\"https:\/\/www.huppy-patrimoine.fr\/wp-content\/uploads\/2025\/08\/518334102_1074769021416785_4553564330954792051_n.jpg 594w, https:\/\/www.huppy-patrimoine.fr\/wp-content\/uploads\/2025\/08\/518334102_1074769021416785_4553564330954792051_n-300x209.jpg 300w\" sizes=\"auto, (max-width: 594px) 100vw, 594px\" \/>Biblioth\u00e9que municipale g\u00e9r\u00e9e par l&rsquo;ASPACHuppy<\/span><\/strong><\/p>\n<p style=\"text-align: center;\"><span style=\"color: #800000; font-size: 14pt;\"><strong><span style=\"font-family: 'times new roman', times, serif;\"><span style=\"color: #000000;\">Tous les mercredis de 14h \u00e0 16heures\u00a0 \u00a0<strong style=\"font-family: inherit; font-size: inherit; color: #333333;\"><span style=\"color: #800000; font-size: 18pt;\"><span style=\"font-size: 14pt;\"><img loading=\"lazy\" decoding=\"async\" class=\"alignnone wp-image-8872\" src=\"https:\/\/www.huppy-patrimoine.fr\/wp-content\/uploads\/2025\/09\/capture-telephone-Picsart-BackgroundRemover.png\" alt=\"\" width=\"49\" height=\"40\" \/><\/span><\/span><span style=\"color: #800000; font-size: 18pt;\"><span style=\"font-size: 14pt;\"> \u00a0<\/span><\/span><\/strong><span style=\"font-size: 14pt;\"><span style=\"font-size: 18pt;\">09 79 06 59 31<\/span><\/span><\/span><\/span><\/strong><\/span><\/p>\n<\/td>\n<\/tr>\n<\/tbody>\n<\/table>\n<table style=\"width: 100%; border-collapse: collapse; border-style: double; border-color: #7a4b4b; background-color: #e3e3e3;\">\n<tbody>\n<tr>\n<td style=\"width: 100%;\"><img loading=\"lazy\" decoding=\"async\" class=\"aligncenter wp-image-5310\" src=\"https:\/\/www.huppy-patrimoine.fr\/wp-content\/uploads\/2022\/04\/1068-3-2-1024x1024.jpg\" alt=\"\" width=\"594\" height=\"594\" srcset=\"https:\/\/www.huppy-patrimoine.fr\/wp-content\/uploads\/2022\/04\/1068-3-2-1024x1024.jpg 1024w, https:\/\/www.huppy-patrimoine.fr\/wp-content\/uploads\/2022\/04\/1068-3-2-300x300.jpg 300w, https:\/\/www.huppy-patrimoine.fr\/wp-content\/uploads\/2022\/04\/1068-3-2-150x150.jpg 150w, https:\/\/www.huppy-patrimoine.fr\/wp-content\/uploads\/2022\/04\/1068-3-2-768x768.jpg 768w, https:\/\/www.huppy-patrimoine.fr\/wp-content\/uploads\/2022\/04\/1068-3-2-1536x1536.jpg 1536w, https:\/\/www.huppy-patrimoine.fr\/wp-content\/uploads\/2022\/04\/1068-3-2-2048x2048.jpg 2048w\" sizes=\"auto, (max-width: 594px) 100vw, 594px\" \/><\/p>\n<p style=\"text-align: center;\"><span style=\"color: #800000;\"><strong><span style=\"font-family: 'times new roman', times, serif; font-size: 18pt;\">Mus\u00e9e \u00ab\u00a0MARIONNETTES\u00a0 Lucien CARON\u00a0\u00bb<\/span><\/strong><\/span><\/p>\n<p style=\"text-align: center;\"><span style=\"color: #000000;\"><strong><span style=\"font-family: 'times new roman', times, serif; font-size: 14pt;\">Ce mus\u00e9e est en cours de r\u00e9alisation et sera prochainement ouvert au public<\/span><\/strong><\/span><\/p>\n<\/td>\n<\/tr>\n<\/tbody>\n<\/table>\n<table style=\"width: 100%; border-collapse: collapse; border-style: double; background-color: #e3e3e3; border-color: #7a4b4b;\">\n<tbody>\n<tr>\n<td style=\"width: 100%;\"><img loading=\"lazy\" decoding=\"async\" class=\"wp-image-7852 aligncenter\" src=\"https:\/\/www.huppy-patrimoine.fr\/wp-content\/uploads\/2024\/07\/ASPACH-150x150.png\" alt=\"\" width=\"419\" height=\"593\" srcset=\"https:\/\/www.huppy-patrimoine.fr\/wp-content\/uploads\/2024\/07\/ASPACH-212x300.png 212w, https:\/\/www.huppy-patrimoine.fr\/wp-content\/uploads\/2024\/07\/ASPACH-724x1024.png 724w, https:\/\/www.huppy-patrimoine.fr\/wp-content\/uploads\/2024\/07\/ASPACH-768x1086.png 768w, https:\/\/www.huppy-patrimoine.fr\/wp-content\/uploads\/2024\/07\/ASPACH-1086x1536.png 1086w, https:\/\/www.huppy-patrimoine.fr\/wp-content\/uploads\/2024\/07\/ASPACH-1448x2048.png 1448w, https:\/\/www.huppy-patrimoine.fr\/wp-content\/uploads\/2024\/07\/ASPACH.png 1587w\" sizes=\"auto, (max-width: 419px) 100vw, 419px\" \/><\/p>\n<p style=\"text-align: center;\"><span style=\"color: #800000; font-size: 18pt;\"><strong><span style=\"font-family: 'times new roman', times, serif;\">AFFICHE ASPACHuppy<\/span><\/strong><\/span><\/p>\n<\/td>\n<\/tr>\n<\/tbody>\n<\/table>\n<table style=\"width: 100%; border-collapse: collapse; border-color: #7a4b4b; border-style: double; background-color: #e3e3e3;\">\n<tbody>\n<tr>\n<td style=\"width: 100%;\"><div class=\"_df_book df-lite\" id=\"df_8756\"  _slug=\"memoriel-charles-de-gaulle-de-londres\" data-title=\"memoriel-charles-de-gaulle-de-londres\" wpoptions=\"true\" thumbtype=\"\" ><\/div><script class=\"df-shortcode-script\" nowprocket type=\"application\/javascript\">window.option_df_8756 = {\"outline\":[],\"autoEnableOutline\":\"false\",\"autoEnableThumbnail\":\"false\",\"overwritePDFOutline\":\"false\",\"direction\":\"1\",\"pageSize\":\"0\",\"source\":\"https:\\\/\\\/www.huppy-patrimoine.fr\\\/wp-content\\\/uploads\\\/2025\\\/08\\\/londres-de-gaulle-1.pdf\",\"wpOptions\":\"true\"}; if(window.DFLIP && window.DFLIP.parseBooks){window.DFLIP.parseBooks();}<\/script><\/p>\n<p style=\"text-align: center;\"><span style=\"color: #800000; font-size: 18pt;\"><strong><span style=\"font-family: 'times new roman', times, serif;\">MEMORIEL Charles de GAULLE de LONDRES<\/span><\/strong><\/span><\/p>\n<\/td>\n<\/tr>\n<\/tbody>\n<\/table>\n<p>&nbsp;<\/p>\n","protected":false},"excerpt":{"rendered":"<p>Coordonn\u00e9es: PROST Eric &#8211; 07 84 60 68 93 \u00a0Membre\u00a0 PARANT J-Pierre &#8211; 06 75 82 86 96 Pr\u00e9sident jpparant@huppy-patrimoine.fr &nbsp; Nos horaires d&rsquo;ouverture: ESPACE<\/p>\n","protected":false},"author":2,"featured_media":0,"parent":0,"menu_order":0,"comment_status":"closed","ping_status":"closed","template":"","meta":{"footnotes":""},"categories":[],"tags":[],"class_list":["post-8769","page","type-page","status-publish","hentry"],"_links":{"self":[{"href":"https:\/\/www.huppy-patrimoine.fr\/index.php\/wp-json\/wp\/v2\/pages\/8769","targetHints":{"allow":["GET"]}}],"collection":[{"href":"https:\/\/www.huppy-patrimoine.fr\/index.php\/wp-json\/wp\/v2\/pages"}],"about":[{"href":"https:\/\/www.huppy-patrimoine.fr\/index.php\/wp-json\/wp\/v2\/types\/page"}],"author":[{"embeddable":true,"href":"https:\/\/www.huppy-patrimoine.fr\/index.php\/wp-json\/wp\/v2\/users\/2"}],"replies":[{"embeddable":true,"href":"https:\/\/www.huppy-patrimoine.fr\/index.php\/wp-json\/wp\/v2\/comments?post=8769"}],"version-history":[{"count":93,"href":"https:\/\/www.huppy-patrimoine.fr\/index.php\/wp-json\/wp\/v2\/pages\/8769\/revisions"}],"predecessor-version":[{"id":8881,"href":"https:\/\/www.huppy-patrimoine.fr\/index.php\/wp-json\/wp\/v2\/pages\/8769\/revisions\/8881"}],"wp:attachment":[{"href":"https:\/\/www.huppy-patrimoine.fr\/index.php\/wp-json\/wp\/v2\/media?parent=8769"}],"wp:term":[{"taxonomy":"category","embeddable":true,"href":"https:\/\/www.huppy-patrimoine.fr\/index.php\/wp-json\/wp\/v2\/categories?post=8769"},{"taxonomy":"post_tag","embeddable":true,"href":"https:\/\/www.huppy-patrimoine.fr\/index.php\/wp-json\/wp\/v2\/tags?post=8769"}],"curies":[{"name":"wp","href":"https:\/\/api.w.org\/{rel}","templated":true}]}}