
{"id":941,"date":"2019-04-06T17:20:46","date_gmt":"2019-04-06T15:20:46","guid":{"rendered":"http:\/\/huppy-patrimoine.fr\/?page_id=941"},"modified":"2022-04-20T18:08:32","modified_gmt":"2022-04-20T16:08:32","slug":"son-exterieur","status":"publish","type":"page","link":"https:\/\/www.huppy-patrimoine.fr\/index.php\/son-exterieur\/","title":{"rendered":"L&rsquo;\u00e9glise"},"content":{"rendered":"<p style=\"text-align: center;\"><span style=\"font-size: 14pt; color: #800000;\"><strong><span style=\"font-family: 'times new roman', times, serif;\">Sommaire description audio de l&rsquo;\u00e9glise\u00a0 Saint Sulpice<\/span><\/strong><\/span><\/p>\n<!--[if lt IE 9]><script>document.createElement('audio');<\/script><![endif]-->\n<audio class=\"wp-audio-shortcode\" id=\"audio-941-1\" preload=\"none\" style=\"width: 100%;\" controls=\"controls\"><source type=\"audio\/mpeg\" src=\"https:\/\/www.huppy-patrimoine.fr\/wp-content\/uploads\/2020\/11\/Premier-fichier-L_Eglise.mp3?_=1\" \/><a href=\"https:\/\/www.huppy-patrimoine.fr\/wp-content\/uploads\/2020\/11\/Premier-fichier-L_Eglise.mp3\">https:\/\/www.huppy-patrimoine.fr\/wp-content\/uploads\/2020\/11\/Premier-fichier-L_Eglise.mp3<\/a><\/audio>\n<figure id=\"attachment_1115\" aria-describedby=\"caption-attachment-1115\" style=\"width: 791px\" class=\"wp-caption aligncenter\"><img loading=\"lazy\" decoding=\"async\" class=\"img-responsive wp-image-1115 size-large\" src=\"http:\/\/huppy-patrimoine.fr\/wp-content\/uploads\/2019\/04\/IMGP1887-001-791x1024.jpg\" alt=\"\" width=\"791\" height=\"1024\" srcset=\"https:\/\/www.huppy-patrimoine.fr\/wp-content\/uploads\/2019\/04\/IMGP1887-001-791x1024.jpg 791w, https:\/\/www.huppy-patrimoine.fr\/wp-content\/uploads\/2019\/04\/IMGP1887-001-232x300.jpg 232w, https:\/\/www.huppy-patrimoine.fr\/wp-content\/uploads\/2019\/04\/IMGP1887-001-768x994.jpg 768w\" sizes=\"auto, (max-width: 791px) 100vw, 791px\" \/><figcaption id=\"caption-attachment-1115\" class=\"wp-caption-text\"><span style=\"font-size: 10pt;\">L&rsquo;\u00e9glise vers 1900<\/span><\/figcaption><\/figure>\n<p style=\"text-align: center;\"><span style=\"font-size: 12pt;\"><strong><span style=\"font-family: 'times new roman', times, serif; color: #000000;\">Sa description ext\u00e9rieure.<\/span><\/strong><\/span><\/p>\n<p><span style=\"font-size: 10pt;\"><span style=\"font-family: 'times new roman', times, serif;\">\u00a0 Contrairement au reste, l&rsquo;ext\u00e9rieur de l&rsquo;\u00e9glise est d\u00e9crit tr\u00e8s sommairement dans la Picardie <\/span><span style=\"font-family: 'times new roman', times, serif;\">Historique et Monumentale, ce qui va nous permettre d&rsquo;en faire une description plus <\/span><span style=\"font-family: 'times new roman', times, serif;\">approfondie. <\/span><\/span><\/p>\n<p><span style=\"font-family: 'times new roman', times, serif; font-size: 10pt;\">Citons d&rsquo;abord la P.H et M :<\/span><\/p>\n<p><span style=\"font-size: 10pt;\"><span style=\"font-family: 'times new roman', times, serif;\">\u00a0 L&rsquo;ornementation ext\u00e9rieure de l&rsquo;\u00e9glise est des plus simples. Un\u00a0 soubassement (1) se <\/span><span style=\"font-family: 'times new roman', times, serif;\">raccordant au nu du mur par un talon renvers\u00e9. un bandeau-larmier\u00a0 (2) courant sous les <\/span><span style=\"font-family: 'times new roman', times, serif;\">fen\u00eatres, des Archivoltes (3) avec arr\u00eats horizontaux autour des fen\u00eatres ; ce sont les <\/span><span style=\"font-family: 'times new roman', times, serif;\">\u00e9l\u00e9ments que l&rsquo;on retrouve dans toutes les \u00e9glises flamboyantes de la r\u00e9gion. les <\/span><span style=\"font-family: 'times new roman', times, serif;\">contreforts (4) pr\u00e9sentent une petite particularit\u00e9 ; le talus tr\u00e8s allong\u00e9 qui les amortit est <\/span><span style=\"font-family: 'times new roman', times, serif;\">l\u00e9g\u00e8rement concave. A l&rsquo;ext\u00e9rieur apparaissent tr\u00e8s visibles les\u00a0 trois \u00e9tapes (5) de la <\/span><span style=\"font-family: 'times new roman', times, serif;\">construction du monument. Le clocher et la nef appartiennent \u00e0 la fin du XVe Si\u00e8cle ou au <\/span><span style=\"font-family: 'times new roman', times, serif;\">commencement du XVIe Si\u00e8cle; tr\u00e8s peu de temps apr\u00e8s furent b\u00e2tis le carr\u00e9 du transept et <\/span><span style=\"font-family: 'times new roman', times, serif;\">le ch\u0153ur ; puis la chapelle seigneuriale. Comme \u00e0 FONTAINE, on termina les travaux par la <\/span><span style=\"font-family: 'times new roman', times, serif;\">construction des vo\u00fbtes. <\/span><span style=\"font-family: 'times new roman', times, serif;\">(Fin de la citation de PH et M)<\/span><\/span><br \/>\n<span style=\"font-family: 'times new roman', times, serif; font-size: 10pt;\">Reprenons la citation depuis le d\u00e9but :<\/span><\/p>\n<p style=\"text-align: center;\"><span style=\"font-family: 'times new roman', times, serif; font-size: 10pt;\"><strong>LE SOUBASSEMENT (1)<\/strong><\/span><\/p>\n<p style=\"text-align: left;\"><span style=\"font-size: 10pt;\"><span style=\"font-family: 'times new roman', times, serif;\">\u00a0 Le soubassement se raccorde bien avec le nu du mur par une moulure. Il est en saillie par <\/span><span style=\"font-family: 'times new roman', times, serif;\">rapport \u00e0 celui-ci de 8 cm, la moulure occupant toute l&rsquo;assise de pierre de taille, soit 27 cm. <\/span><span style=\"font-family: 'times new roman', times, serif;\">Tout le soubassement est compos\u00e9 de gr\u00e8s et silex taill\u00e9s en damiers, les angles des <\/span><span style=\"font-family: 'times new roman', times, serif;\">contreforts \u00e9tant en pierres meuli\u00e8res. <\/span><span style=\"font-family: 'times new roman', times, serif;\">Une explication \u00e0 cela: les constructeurs ont cherch\u00e9 pour b\u00e2tir le soubassement des mat\u00e9riaux <\/span><span style=\"font-family: 'times new roman', times, serif;\">plus r\u00e9sistants que la craie. Ils ont choisi le gr\u00e8s et les silex taill\u00e9s pour le plein mur et ont opt\u00e9 <\/span><span style=\"font-family: 'times new roman', times, serif;\">pour la pierre meuli\u00e8re pour les angles, celle-ci \u00e9tant plus r\u00e9sistante que la craie et moins dure <\/span><span style=\"font-family: 'times new roman', times, serif;\">\u00e0 travailler que le gr\u00e8s.<\/span><\/span><br \/>\n<span style=\"font-size: 10pt;\"><span style=\"font-family: 'times new roman', times, serif;\">\u00a0 Il y a en moyenne deux assises de cet appareillage gr\u00e8s-silex sous l&rsquo;assise moulur\u00e9e (le terrain <\/span><span style=\"font-family: 'times new roman', times, serif;\">\u00e9tant quelque peu en pente)<\/span><\/span><\/p>\n<p style=\"text-align: center;\"><span style=\"font-family: 'times new roman', times, serif; font-size: 10pt;\"><strong>LE BANDEAU-LARMIER (2)<\/strong><\/span><\/p>\n<p><span style=\"font-size: 10pt;\"><span style=\"font-family: 'times new roman', times, serif;\">\u00a0 Un bandeau-larmier \u00e0 la hauteur du nez des appuis des fen\u00eatres fait tout le tour de l&rsquo;\u00e9difice <\/span><span style=\"font-family: 'times new roman', times, serif;\">sans interruption m\u00eame au passage des trois portes de l&rsquo;\u00e9glise : Ouest\/Sud et la chapelle <\/span><span style=\"font-family: 'times new roman', times, serif;\">seigneuriale au Nord.<\/span><\/span><\/p>\n<p><span style=\"font-size: 10pt;\"><span style=\"font-family: 'times new roman', times, serif;\">\u00a0 A l&rsquo;Ouest au passage de la porte le bandeau-larmier se transforme en archivolte en arc <\/span><span style=\"font-family: 'times new roman', times, serif;\">surbaiss\u00e9. Pour la porte Sud dans la nef, les constructeurs ont choisi de faire un d\u00e9crochement <\/span><span style=\"font-family: 'times new roman', times, serif;\">\u00e0 angle droit afin de rechercher le nez de l&rsquo;appui de fen\u00eatre qui surplombe la porte passant au-dessus <\/span><span style=\"font-family: 'times new roman', times, serif;\">de l&rsquo;archivolte de la porte sans le toucher. Pour la porte Nord de la chapelle seigneuriale <\/span><span style=\"font-family: 'times new roman', times, serif;\">(actuelle sacristie) Qui est plus basse Que !es deux autres, le probl\u00e8me a \u00e9t\u00e9 r\u00e9solu, en faisant <\/span><span style=\"font-family: 'times new roman', times, serif;\">traverser le bandeau-larmier par p\u00e9n\u00e9tration dans l&rsquo;archivolte de la porte.<\/span><\/span><\/p>\n<p style=\"text-align: center;\"><span style=\"font-size: 10pt;\"><strong><span style=\"font-family: 'times new roman', times, serif;\">LES ARCHIVOLTES DES FEN\u00caTRES (3)<\/span><\/strong><\/span><\/p>\n<p><span style=\"font-size: 10pt;\"><span style=\"font-family: 'times new roman', times, serif;\">Bien d\u00e9crites dans la P.H. et M nous n&rsquo;ajouterons que ces archivoltes, outre leur but d\u00e9coratif <\/span><span style=\"font-family: 'times new roman', times, serif;\">comme dans toutes les \u00e9glises, ont \u00e9galement une utilit\u00e9 pratique. Elle sont l\u00e0 en effet pour <\/span><span style=\"font-family: 'times new roman', times, serif;\">servir de renvoi d&rsquo;eau au-dessus des baies au m\u00eame titre que les bandeaux-larmiers, Citons au <\/span><span style=\"font-family: 'times new roman', times, serif;\">passage la d\u00e9finition d&rsquo;un bandeau tir\u00e9 d&rsquo;un trait\u00e9 d&rsquo;architecture :<\/span><\/span><br \/>\n<span style=\"font-size: 10pt;\"><span style=\"font-family: 'times new roman', times, serif;\">\u00a0 BANDEAU\u00a0 (architecture) : moulure horizontale large et peu saillante plac\u00e9e sur une surface <\/span><span style=\"font-family: 'times new roman', times, serif;\">verticale ou \u00e9pousant la forme d&rsquo;une arcade, la circonf\u00e9rence d&rsquo;une colonne (anneau). Le r\u00f4le <\/span><span style=\"font-family: 'times new roman', times, serif;\">des bandeaux ext\u00e9rieur est d&#8217;emp\u00eacher l&rsquo;eau de pluie de couler le long du mur. Alors le profil de <\/span><span style=\"font-family: 'times new roman', times, serif;\">leur base forme larmier.<\/span><\/span><\/p>\n<p style=\"text-align: center;\"><span style=\"font-size: 10pt;\"><strong><span style=\"font-family: 'times new roman', times, serif;\">LES CONTREFORTS (4)<\/span><\/strong><\/span><\/p>\n<p><span style=\"font-size: 10pt;\"><span style=\"font-family: 'times new roman', times, serif;\">\u00a0 Comme le signale ta P.H. et M, le glacis de ces contreforts est l\u00e9g\u00e8rement concave (pour <\/span><span style=\"font-family: 'times new roman', times, serif;\">l&rsquo;esth\u00e9tique) mais aussi comme pour les bandeaux, par utilit\u00e9. Con\u00e7us ainsi, ils font office de <\/span><span style=\"font-family: 'times new roman', times, serif;\">coyaux.<\/span><\/span><br \/>\n<span style=\"font-size: 10pt;\"><span style=\"font-family: 'times new roman', times, serif;\"><strong>\u00a0 COYAU<\/strong> : petite pi\u00e8ce de bois formant \u00ab adoucissement . (dans la toiture) entre le <\/span><span style=\"font-family: 'times new roman', times, serif;\">pied des chevrons et la saillie de l&rsquo;entablement. Ils facilitent ainsi l&rsquo;\u00e9coulement des eaux <\/span><span style=\"font-family: 'times new roman', times, serif;\">de pluie en les ralentissant.<\/span><\/span><br \/>\n<span style=\"font-size: 10pt;\"><span style=\"font-family: 'times new roman', times, serif;\"><strong>\u00a0 \u00a0LA CORNICHE D&rsquo;ENTABLEMENT\u00a0<\/strong> : comme les \u00e9l\u00e9ments cit\u00e9s auparavant la <\/span><span style=\"font-family: 'times new roman', times, serif;\">corniche d&rsquo;entablement moulur\u00e9e, outre son r\u00f4le esth\u00e9tique, a \u00e9galement une utilit\u00e9 <\/span><\/span><span style=\"font-size: 10pt;\"><span style=\"font-family: 'times new roman', times, serif;\">pratique ; c&rsquo;est elle qui re\u00e7oit la plate-forme de coyau, \u00e9loigne le ruissellement des eaux <\/span><span style=\"font-family: 'times new roman', times, serif;\">pluviales en \u00e9cartant au maximum la goutti\u00e8re du nu du mur.<\/span><\/span><br \/>\n<span style=\"font-size: 10pt;\"><span style=\"font-family: 'times new roman', times, serif;\"><b style=\"font-family: 'times new roman', times, serif;\">\u00a0 <\/b><span style=\"font-family: times new roman, times, serif;\"><b>GOUTTI\u00c8RES<\/b><\/span><b style=\"font-family: 'times new roman', times, serif;\"> ET DESCENTES\u00a0<\/b><span style=\"font-family: times new roman, times, serif;\"> : elles sont en cuivre avec dauphins en fonte. Les <\/span><\/span><span style=\"font-family: 'times new roman', times, serif;\">eaux sont \u00e9cart\u00e9es du pied des murs par des ruisselets pour la face Sud et des regards <\/span><span style=\"font-family: 'times new roman', times, serif;\">et puisards pour la face Nord plus \u00e9lev\u00e9e.<\/span><\/span><br \/>\n<span style=\"font-size: 10pt;\"><span style=\"font-family: 'times new roman', times, serif;\"><strong>\u00a0 LA COUVERTURE\u00a0<\/strong> : l&rsquo;ensemble de l&rsquo;\u00e9glise est couvert d&rsquo;ardoises d&rsquo;Angers M.H, <\/span><span style=\"font-family: 'times new roman', times, serif;\">fa\u00eeti\u00e8res en plomb, noues ferm\u00e9es en ardoises. L&rsquo;a\u00e9ration des combles est assur\u00e9e par <\/span><span style=\"font-family: 'times new roman', times, serif;\">des passe-barres situ\u00e9es en haut et en bas du rampant. Ces passe-barres outre leur <\/span><span style=\"font-family: 'times new roman', times, serif;\">utilit\u00e9 d&rsquo;assainissement, servent \u00e9galement \u00e0 fixer des crochets ou cordes pour tenir les <\/span><span style=\"font-family: 'times new roman', times, serif;\">\u00e9chelles en cas de r\u00e9paration.<\/span><\/span><br \/>\n<span style=\"font-size: 10pt;\"><span style=\"font-family: 'times new roman', times, serif;\">\u00a0 A noter : \u00e0 la reconstruction, il n&rsquo;avait \u00e9t\u00e9 pr\u00e9vu et r\u00e9alis\u00e9 en partie un \u00e9gout en tuiles <\/span><span style=\"font-family: 'times new roman', times, serif;\">plates sur l&rsquo;entablement afin de supprimer l&rsquo;inesth\u00e9tique goutti\u00e8re. L&rsquo;eau n&rsquo;\u00e9tant plus\u00a0 <\/span><span style=\"font-family: 'times new roman', times, serif;\">capt\u00e9e ruisselait le long des murs au risque de les d\u00e9grader \u00e0 la longue. Ce projet a \u00e9t\u00e9 <\/span><span style=\"font-family: 'times new roman', times, serif;\">abandonn\u00e9 et la goutti\u00e8re a \u00e9t\u00e9 pos\u00e9e sur l&rsquo;ensemble de l&rsquo;\u00e9difice.<\/span><\/span><br \/>\n<span style=\"font-size: 10pt;\"><span style=\"font-family: 'times new roman', times, serif;\"><strong>\u00a0 UNE LITRE ET DES ARMOIRIES\u00a0<\/strong> : comme toutes les \u00e9glises, les murs sont <\/span><span style=\"font-family: 'times new roman', times, serif;\">parsem\u00e9s de graffitis plus ou moins anciens, plus ou moins int\u00e9ressants, nous en <\/span><span style=\"font-family: 'times new roman', times, serif;\">reparlerons. Par contre, nous avons retrouv\u00e9 \u00e7\u00e0 et l\u00e0 des traces d&rsquo;une litre noire bien <\/span><span style=\"font-family: 'times new roman', times, serif;\">entendu, avec de place en place, mais biens r\u00e9partis dans un souci d&rsquo;esth\u00e9tique, des <\/span><span style=\"font-family: 'times new roman', times, serif;\">blasons de seigneurie que nous n&rsquo;avons pas pu authentifier, Des photos ont \u00e9t\u00e9 prises <\/span><span style=\"font-family: 'times new roman', times, serif;\">de ces pr\u00e9cieux t\u00e9moins de traditions moyen\u00e2geuses. <\/span><\/span><\/p>\n<p><span style=\"font-size: 10pt;\"><span style=\"font-family: 'times new roman', times, serif;\">\u00a0 D\u2019apr\u00e8s un trait\u00e9 d&rsquo;architecture en <\/span><span style=\"font-family: 'times new roman', times, serif;\">voici la d\u00e9finition :<\/span><\/span><\/p>\n<p><span style=\"font-family: 'times new roman', times, serif; font-size: 10pt;\"><strong>LITRE<\/strong> : nom f\u00e9minin. Lors des fun\u00e9railles d&rsquo;un seigneur au moyen-\u00e2ge, on peignait ou on tendait sur le pourtour des murs int\u00e9rieurs et ext\u00e9rieurs de l&rsquo;\u00e9glise une bande d&rsquo;\u00e9toffe de couleur noire appel\u00e9e LITRE sur laquelle se d\u00e9tachaient les armoiries du seigneur (toutes les paroisses ne poss\u00e9daient pas cette longue \u00e9toffe, on peignait en noir sur le mur \u00e0 2,50 m environ du sol un bandeau de 40 \u00e0 50 cm de large souvent sur deux assises de pierre). Le droit de Litre \u00e9tait un droit seigneurial. Ce mot d\u00e9signe \u00e9galement des bandes armori\u00e9es appliqu\u00e9es sur les murs de l&rsquo;\u00e9glise pour les fun\u00e9railles d&rsquo;un grand personnage ou du PATRON de l&rsquo;\u00e9glise. \u203a\u203a<\/span><\/p>\n<p><span style=\"font-family: 'times new roman', times, serif; font-size: 10pt;\">\u00a0 <strong>PATRON<\/strong> : droit canon. Personne poss\u00e9dant le droit de patronage sur une \u00e9glise.\u00a0<\/span><\/p>\n<p><span style=\"font-family: 'times new roman', times, serif; font-size: 10pt;\"><strong>\u00a0 PATRONAGE<\/strong> : le patronage d&rsquo;une \u00e9glise fut souvent reconnu \u00e0 la personne qui la fondait et \u00e0 ses ayants droits successifs.\u00a0<\/span><\/p>\n<p style=\"text-align: center;\"><span style=\"font-family: 'times new roman', times, serif; font-size: 10pt;\"><b>LES \u00c9TAPES DE LA CONSTRUCTION (<\/b>5)<\/span><\/p>\n<p><span style=\"font-family: 'times new roman', times, serif; font-size: 10pt;\">\u00a0 La P.H et M nous parle de traces des \u00e9tapes de la construction sans les d\u00e9tailler, ce que nous allons faire bri\u00e8vement car celles-ci sont expliqu\u00e9es dans d&rsquo;autres chapitres. En faisant le tour c\u00f4t\u00e9 Nord, le contrefort entre la tourelle d&rsquo;escalier et le pignon Ouest du bas-c\u00f4t\u00e9 \u00e0 45\u00b0 montre bien que la nef a \u00e9t\u00e9 construite avant le bas-c\u00f4t\u00e9 Nord puisqu&rsquo;il \u00e9tait alors destin\u00e9 \u00e0 contrebuter le diagonal de la nef. <\/span><\/p>\n<p><span style=\"font-family: 'times new roman', times, serif; font-size: 10pt;\">Le 4\u00e9me contrefort, angle Nord Est du bas-c\u00f4t\u00e9 est \u00e0 90\u00b0.<\/span><\/p>\n<p><span style=\"font-family: 'times new roman', times, serif; font-size: 10pt;\">Le 5\u00e9me contrefort, angle Nord Est du transept Nord est \u00e0 45\u00b0, il contrebute le diagonal, la chapelle seigneuriale n&rsquo;\u00e9tant pas encore construite.<\/span><\/p>\n<p><span style=\"font-family: 'times new roman', times, serif; font-size: 10pt;\">Le 6\u00e9me contrefort, angle Nord Est de la chapelle seigneuriale est \u00e0 45\u00b0, il \u00e9tait destin\u00e9 \u00e0 contrebuter la vo\u00fbte (jamais r\u00e9alis\u00e9e).<\/span><\/p>\n<p style=\"text-align: center;\"><span style=\"font-family: 'times new roman', times, serif; font-size: 10pt;\"><strong>LA SACRISTIE (XIX\u00e8me Si\u00e8cle)<\/strong><\/span><\/p>\n<p><span style=\"font-family: 'times new roman', times, serif; font-size: 10pt;\">\u00a0 Continuons le tour de l&rsquo;\u00e9glise en passant devant le chevet : nous sommes maintenant dans l&rsquo;angle ferm\u00e9 par le Ch\u0153ur et le Transept Sud. C&rsquo;est \u00e0 cet endroit qu&rsquo;avait \u00e9t\u00e9 b\u00e2tie une sacristie (heureusement disparue) les murs de cette sacristie ext\u00e9rieure fait de briques prenaient appui au Sud sur le contrefort Sud-Est du transept Sud et \u00e0 l&rsquo;Est sur le contrefort perpendiculaire du Ch\u0153ur.<\/span><\/p>\n<p><span style=\"font-family: 'times new roman', times, serif; font-size: 10pt;\">\u00a0 Une porte ext\u00e9rieure s&rsquo;ouvrait \u00e0 l&rsquo;Est. Une porte int\u00e9rieure donnait acc\u00e8s au Ch\u0153ur juste devant le Ma\u00eetre Autel. Des traces d&rsquo;engravure\u00a0 sont encore visibles \u00e7\u00e0 et l\u00e0.<\/span><\/p>\n<p><span style=\"font-family: 'times new roman', times, serif; font-size: 10pt;\">\u00a0 La toiture \u00e0 4 pans et 4 ar\u00eatiers exigeait la pose d&rsquo;un chevreau le long des murs de l&rsquo;\u00e9glise &#8211; mur Nord du transept Sud et mur Sud du Ch\u0153ur. Le 16 avril 1871, le conseil vote 500 F pour une sacristie.<\/span><\/p>\n<p><span style=\"font-family: 'times new roman', times, serif; font-size: 10pt;\">\u00a0 Le pavage de cette sacristie avait \u00e9t\u00e9 r\u00e9alis\u00e9 en 1877 avec de\u00a0 bonnes briques de S\u00e9narpont.<\/span><\/p>\n<p>&nbsp;<\/p>\n<p style=\"text-align: right;\"><span style=\"font-size: 10pt;\">ASPACHuppy<\/span><\/p>\n","protected":false},"excerpt":{"rendered":"<p>Sommaire description audio de l&rsquo;\u00e9glise\u00a0 Saint Sulpice Sa description ext\u00e9rieure. \u00a0 Contrairement au reste, l&rsquo;ext\u00e9rieur de l&rsquo;\u00e9glise est d\u00e9crit tr\u00e8s sommairement dans la Picardie Historique<\/p>\n","protected":false},"author":2,"featured_media":0,"parent":0,"menu_order":0,"comment_status":"closed","ping_status":"closed","template":"","meta":{"footnotes":""},"categories":[33],"tags":[23],"class_list":["post-941","page","type-page","status-publish","hentry","category-eglise","tag-eglise"],"_links":{"self":[{"href":"https:\/\/www.huppy-patrimoine.fr\/index.php\/wp-json\/wp\/v2\/pages\/941","targetHints":{"allow":["GET"]}}],"collection":[{"href":"https:\/\/www.huppy-patrimoine.fr\/index.php\/wp-json\/wp\/v2\/pages"}],"about":[{"href":"https:\/\/www.huppy-patrimoine.fr\/index.php\/wp-json\/wp\/v2\/types\/page"}],"author":[{"embeddable":true,"href":"https:\/\/www.huppy-patrimoine.fr\/index.php\/wp-json\/wp\/v2\/users\/2"}],"replies":[{"embeddable":true,"href":"https:\/\/www.huppy-patrimoine.fr\/index.php\/wp-json\/wp\/v2\/comments?post=941"}],"version-history":[{"count":30,"href":"https:\/\/www.huppy-patrimoine.fr\/index.php\/wp-json\/wp\/v2\/pages\/941\/revisions"}],"predecessor-version":[{"id":5232,"href":"https:\/\/www.huppy-patrimoine.fr\/index.php\/wp-json\/wp\/v2\/pages\/941\/revisions\/5232"}],"wp:attachment":[{"href":"https:\/\/www.huppy-patrimoine.fr\/index.php\/wp-json\/wp\/v2\/media?parent=941"}],"wp:term":[{"taxonomy":"category","embeddable":true,"href":"https:\/\/www.huppy-patrimoine.fr\/index.php\/wp-json\/wp\/v2\/categories?post=941"},{"taxonomy":"post_tag","embeddable":true,"href":"https:\/\/www.huppy-patrimoine.fr\/index.php\/wp-json\/wp\/v2\/tags?post=941"}],"curies":[{"name":"wp","href":"https:\/\/api.w.org\/{rel}","templated":true}]}}